{"id":9856,"date":"2025-11-18T08:41:49","date_gmt":"2025-11-18T08:41:49","guid":{"rendered":"https:\/\/computationalseniors.eu\/erklarung-zur-barrierefreiheit\/"},"modified":"2025-11-20T07:39:06","modified_gmt":"2025-11-20T07:39:06","slug":"erklarung-zur-barrierefreiheit","status":"publish","type":"page","link":"https:\/\/computationalseniors.eu\/pl\/erklarung-zur-barrierefreiheit\/","title":{"rendered":"Erkl\u00e4rung zur Barrierefreiheit"},"content":{"rendered":"<p>STATUS ZGODNO\u015aCI<\/p>\n<p>Niniejsza strona internetowa jest cz\u0119\u015bciowo zgodna z dekretem kr\u00f3lewskim 1112\/2018 ze wzgl\u0119du na wyj\u0105tki i niezgodno\u015b\u0107 z aspektami wskazanymi poni\u017cej.<\/p>\n<p>TRE\u015aCI NIEDOST\u0118PNE<\/p>\n<p>Tre\u015bci wymienione poni\u017cej s\u0105 niedost\u0119pne z nast\u0119puj\u0105cych powod\u00f3w:<\/p>\n<p>Nieproporcjonalne obci\u0105\u017cenie: Nie dotyczy.<\/p>\n<p>PRZYGOTOWANIE NINIEJSZEGO O\u015aWIADCZENIA O DOST\u0118PNO\u015aCI<\/p>\n<p>Niniejsze o\u015bwiadczenie o dost\u0119pno\u015bci zosta\u0142o przygotowane w dniu 18 listopada 2025 r.<\/p>\n<p>Metod\u0105 zastosowan\u0105 do sporz\u0105dzenia niniejszego o\u015bwiadczenia by\u0142a samoocena przeprowadzona przez zesp\u00f3\u0142 programist\u00f3w.<\/p>\n<p>Ostatnia aktualizacja o\u015bwiadczenia: 18 listopada 2025 r.<\/p>\n<p>UWAGI I INFORMACJE KONTAKTOWE<\/p>\n<p>Mo\u017cna zg\u0142asza\u0107 uwagi dotycz\u0105ce wymaga\u0144 w zakresie dost\u0119pno\u015bci (art. 10.2.a dekretu kr\u00f3lewskiego 1112\/2018), takie jak:<\/p>\n<p>Zg\u0142aszanie wszelkich potencjalnych niezgodno\u015bci z niniejsz\u0105 stron\u0105 internetow\u0105.<br \/>\nZg\u0142aszanie wszelkich innych trudno\u015bci w dost\u0119pie do tre\u015bci.<br \/>\nZg\u0142aszanie wszelkich innych pyta\u0144 lub sugestii dotycz\u0105cych ulepsze\u0144 zwi\u0105zanych z dost\u0119pno\u015bci\u0105 strony internetowej za pomoc\u0105 formularza kontaktowego na tej stronie.<\/p>\n<p>Komunikaty b\u0119d\u0105 odbierane i przetwarzane przez zesp\u00f3\u0142 odpowiedzialny za rozw\u00f3j strony internetowej.<\/p>\n<p>Wnioski o dost\u0119p do informacji i skargi: zgodnie z art. 12 dekretu kr\u00f3lewskiego 1112\/2018 nale\u017cy je sk\u0142ada\u0107 i rejestrowa\u0107 zgodnie z wymogami okre\u015blonymi w ustawie 39\/2015, za po\u015brednictwem poczty elektronicznej.<\/p>\n<p>PROCEDURA SK\u0141ADANIA WNIOSK\u00d3W<\/p>\n<p>Procedura sk\u0142adania skarg okre\u015blona w art. 13 dekretu kr\u00f3lewskiego 1112\/2018 mo\u017ce by\u0107 realizowana za po\u015brednictwem adresu e-mail podanego na stronie internetowej.<\/p>\n<p>TRE\u015aCI OPCJONALNE<\/p>\n<p>Niniejsza strona internetowa:<\/p>\n<p>Wurde entwickelt, um den aktuellen Standards und Vorschriften zur Barrierefreiheit zu entsprechen, und erf\u00fcllt die in den Web Content Accessibility Guidelines (WCAG 2.1) festgelegten Checkpunkte der Priorit\u00e4t 2 (AA).<br \/>\nEntspricht den Anforderungen der Norm UNE-EN 301549:2019 unter Ber\u00fccksichtigung der im K\u00f6niglichen Dekret 1112\/2018 festgelegten Ausnahmen.<br \/>\nIst so konzipiert, dass es auf Desktop-Computern, Tablets und Mobilger\u00e4ten mit einer Mindestaufl\u00f6sung von 1280&#215;1024 korrekt angezeigt wird.<br \/>\nWurde unter Verwendung von HTML 4.01 als Auszeichnungssprache und CSS 3-Stylesheets f\u00fcr das Design erstellt.<br \/>\nIst f\u00fcr die Verwendung mit nicht-intrusivem JavaScript konzipiert und bietet eine entsprechende Alternative ohne JavaScript, falls Ihr Browser dies nicht unterst\u00fctzt.<\/p>\n<p>TEXTGR\u00d6SSE<\/p>\n<p>Es wurden relative Schriftgr\u00f6\u00dfen verwendet, sodass Benutzer, die eine gr\u00f6\u00dfere Schrift bevorzugen, diese \u00fcber die Optionen ausw\u00e4hlen k\u00f6nnen. Die Optionen zur Textgr\u00f6\u00dfe Ihres Browsers sind in der Regel Strg+ (Plus-Taste) zum Vergr\u00f6\u00dfern und Strg- (Minus-Taste) zum Verkleinern. <\/p>\n<p>SEITENSTRUKTUR<\/p>\n<p>Dieses Portal wurde mit einem einheitlichen Format f\u00fcr alle Seiten gestaltet, damit man sich leicht mit den Inhalten vertraut machen kann und Menschen, die auf assistive Technologien angewiesen sind, besser navigieren k\u00f6nnen.<\/p>\n<p>Die Seiten bestehen im Wesentlichen aus folgenden Bereichen:<\/p>\n<p>Kopfzeile mit Zugriff auf die Startseite, das Kontaktformular und das Hauptnavigationsmen\u00fc.<br \/>\nZentraler Inhaltsbereich, der je nachdem, ob es sich um die Hauptseite der Website, eine Unterseite, eine Zusammenfassung, ein Dokument oder eine erweiterte Suche handelt, variiert.<br \/>\nFu\u00dfzeile mit Informationen zum Online-Shop.<\/p>\n","protected":false},"excerpt":{"rendered":"<p>STATUS ZGODNO\u015aCI Niniejsza strona internetowa jest cz\u0119\u015bciowo zgodna z dekretem kr\u00f3lewskim 1112\/2018 ze wzgl\u0119du na wyj\u0105tki i niezgodno\u015b\u0107 z aspektami wskazanymi poni\u017cej. TRE\u015aCI NIEDOST\u0118PNE Tre\u015bci wymienione poni\u017cej s\u0105 niedost\u0119pne z nast\u0119puj\u0105cych powod\u00f3w: Nieproporcjonalne obci\u0105\u017cenie: Nie dotyczy. PRZYGOTOWANIE NINIEJSZEGO O\u015aWIADCZENIA O DOST\u0118PNO\u015aCI Niniejsze o\u015bwiadczenie o dost\u0119pno\u015bci zosta\u0142o przygotowane w dniu 18 listopada 2025 r. Metod\u0105 zastosowan\u0105&#8230;<\/p>\n","protected":false},"author":1,"featured_media":0,"parent":0,"menu_order":0,"comment_status":"closed","ping_status":"closed","template":"","meta":{"footnotes":""},"class_list":["post-9856","page","type-page","status-publish","hentry"],"_links":{"self":[{"href":"https:\/\/computationalseniors.eu\/pl\/wp-json\/wp\/v2\/pages\/9856","targetHints":{"allow":["GET"]}}],"collection":[{"href":"https:\/\/computationalseniors.eu\/pl\/wp-json\/wp\/v2\/pages"}],"about":[{"href":"https:\/\/computationalseniors.eu\/pl\/wp-json\/wp\/v2\/types\/page"}],"author":[{"embeddable":true,"href":"https:\/\/computationalseniors.eu\/pl\/wp-json\/wp\/v2\/users\/1"}],"replies":[{"embeddable":true,"href":"https:\/\/computationalseniors.eu\/pl\/wp-json\/wp\/v2\/comments?post=9856"}],"version-history":[{"count":1,"href":"https:\/\/computationalseniors.eu\/pl\/wp-json\/wp\/v2\/pages\/9856\/revisions"}],"predecessor-version":[{"id":9857,"href":"https:\/\/computationalseniors.eu\/pl\/wp-json\/wp\/v2\/pages\/9856\/revisions\/9857"}],"wp:attachment":[{"href":"https:\/\/computationalseniors.eu\/pl\/wp-json\/wp\/v2\/media?parent=9856"}],"curies":[{"name":"wp","href":"https:\/\/api.w.org\/{rel}","templated":true}]}}