{"id":9503,"date":"2025-09-10T07:30:28","date_gmt":"2025-09-10T07:30:28","guid":{"rendered":"https:\/\/computationalseniors.eu\/?page_id=9503"},"modified":"2025-09-11T12:32:56","modified_gmt":"2025-09-11T12:32:56","slug":"otwarte-zasoby-edukacyjne","status":"publish","type":"page","link":"https:\/\/computationalseniors.eu\/pl\/otwarte-zasoby-edukacyjne\/","title":{"rendered":"Otwarte zasoby edukacyjne"},"content":{"rendered":"\t\t<div data-elementor-type=\"wp-page\" data-elementor-id=\"9503\" class=\"elementor elementor-9503 elementor-9445\" data-elementor-post-type=\"page\">\n\t\t\t\t<div class=\"elementor-element elementor-element-af26225 e-grid e-con-boxed e-con e-parent\" data-id=\"af26225\" data-element_type=\"container\">\n\t\t\t\t\t<div class=\"e-con-inner\">\n\t\t<div class=\"elementor-element elementor-element-cb4d0d6 e-con-full e-flex e-con e-child\" data-id=\"cb4d0d6\" data-element_type=\"container\">\n\t\t<div class=\"elementor-element elementor-element-1755125 e-con-full e-flex e-con e-child\" data-id=\"1755125\" data-element_type=\"container\">\n\t\t\t\t<div class=\"elementor-element elementor-element-2ed36fe elementor-widget elementor-widget-image\" data-id=\"2ed36fe\" data-element_type=\"widget\" data-widget_type=\"image.default\">\n\t\t\t\t<div class=\"elementor-widget-container\">\n\t\t\t\t\t\t\t\t\t\t\t\t\t\t\t<img decoding=\"async\" width=\"150\" height=\"150\" src=\"https:\/\/computationalseniors.eu\/wp-content\/uploads\/2025\/01\/467480962_10162007410939521_2842619297420931552_n-1-150x150.jpg\" class=\"attachment-thumbnail size-thumbnail wp-image-9293\" alt=\"\" srcset=\"https:\/\/computationalseniors.eu\/wp-content\/uploads\/2025\/01\/467480962_10162007410939521_2842619297420931552_n-1-150x150.jpg 150w, https:\/\/computationalseniors.eu\/wp-content\/uploads\/2025\/01\/467480962_10162007410939521_2842619297420931552_n-1-298x300.jpg 298w, https:\/\/computationalseniors.eu\/wp-content\/uploads\/2025\/01\/467480962_10162007410939521_2842619297420931552_n-1-87x87.jpg 87w, https:\/\/computationalseniors.eu\/wp-content\/uploads\/2025\/01\/467480962_10162007410939521_2842619297420931552_n-1.jpg 526w\" sizes=\"(max-width: 150px) 100vw, 150px\" \/>\t\t\t\t\t\t\t\t\t\t\t\t\t\t\t<\/div>\n\t\t\t\t<\/div>\n\t\t\t\t<div class=\"elementor-element elementor-element-db281c2 module-title elementor-widget elementor-widget-heading\" data-id=\"db281c2\" data-element_type=\"widget\" data-widget_type=\"heading.default\">\n\t\t\t\t<div class=\"elementor-widget-container\">\n\t\t\t\t\t<h4 class=\"elementor-heading-title elementor-size-default\">Modu\u0142 0:<br \/>Wprowadzenie <\/h4>\t\t\t\t<\/div>\n\t\t\t\t<\/div>\n\t\t\t\t<div class=\"elementor-element elementor-element-725df0d module-description elementor-widget elementor-widget-text-editor\" data-id=\"725df0d\" data-element_type=\"widget\" data-widget_type=\"text-editor.default\">\n\t\t\t\t<div class=\"elementor-widget-container\">\n\t\t\t\t\t\t\t\t\t<p class=\"cvGsUA direction-ltr align-start para-style-body\"><span class=\"a_GcMg font-feature-liga-off font-feature-clig-off font-feature-calt-off text-decoration-none text-strikethrough-none\">Odkryj kurs szkoleniowy COMPseniors&#8230; <\/span><span class=\"a_GcMg font-feature-liga-off font-feature-clig-off font-feature-calt-off text-decoration-none text-strikethrough-none\">Tw\u00f3j pierwszy krok w kierunku nauki my\u015blenia komputacyjnego<\/span><\/p>\t\t\t\t\t\t\t\t<\/div>\n\t\t\t\t<\/div>\n\t\t\t\t<\/div>\n\t\t\t\t<div class=\"elementor-element elementor-element-4a64312 elementor-align-center elementor-widget elementor-widget-button\" data-id=\"4a64312\" data-element_type=\"widget\" data-widget_type=\"button.default\">\n\t\t\t\t<div class=\"elementor-widget-container\">\n\t\t\t\t\t\t\t\t\t<div class=\"elementor-button-wrapper\">\n\t\t\t\t\t<a class=\"elementor-button elementor-button-link elementor-size-sm\" href=\"https:\/\/computationalseniors.eu\/wp-content\/uploads\/2025\/09\/COMPseniors-Module-0-Polish.mp4\" target=\"_blank\">\n\t\t\t\t\t\t<span class=\"elementor-button-content-wrapper\">\n\t\t\t\t\t\t\t\t\t<span class=\"elementor-button-text\">Rozpocznij modu\u0142 0<\/span>\n\t\t\t\t\t<\/span>\n\t\t\t\t\t<\/a>\n\t\t\t\t<\/div>\n\t\t\t\t\t\t\t\t<\/div>\n\t\t\t\t<\/div>\n\t\t\t\t<\/div>\n\t\t<div class=\"elementor-element elementor-element-bc4d18a e-con-full e-flex e-con e-child\" data-id=\"bc4d18a\" data-element_type=\"container\">\n\t\t<div class=\"elementor-element elementor-element-22eca88 e-con-full e-flex e-con e-child\" data-id=\"22eca88\" data-element_type=\"container\">\n\t\t\t\t<div class=\"elementor-element elementor-element-8800fd7 elementor-widget elementor-widget-image\" data-id=\"8800fd7\" data-element_type=\"widget\" data-widget_type=\"image.default\">\n\t\t\t\t<div class=\"elementor-widget-container\">\n\t\t\t\t\t\t\t\t\t\t\t\t\t\t\t<img decoding=\"async\" width=\"150\" height=\"150\" src=\"https:\/\/computationalseniors.eu\/wp-content\/uploads\/2025\/01\/467480962_10162007410939521_2842619297420931552_n-1-150x150.jpg\" class=\"attachment-thumbnail size-thumbnail wp-image-9293\" alt=\"\" srcset=\"https:\/\/computationalseniors.eu\/wp-content\/uploads\/2025\/01\/467480962_10162007410939521_2842619297420931552_n-1-150x150.jpg 150w, https:\/\/computationalseniors.eu\/wp-content\/uploads\/2025\/01\/467480962_10162007410939521_2842619297420931552_n-1-298x300.jpg 298w, https:\/\/computationalseniors.eu\/wp-content\/uploads\/2025\/01\/467480962_10162007410939521_2842619297420931552_n-1-87x87.jpg 87w, https:\/\/computationalseniors.eu\/wp-content\/uploads\/2025\/01\/467480962_10162007410939521_2842619297420931552_n-1.jpg 526w\" sizes=\"(max-width: 150px) 100vw, 150px\" \/>\t\t\t\t\t\t\t\t\t\t\t\t\t\t\t<\/div>\n\t\t\t\t<\/div>\n\t\t\t\t<div class=\"elementor-element elementor-element-7bd6619 module-title elementor-widget elementor-widget-heading\" data-id=\"7bd6619\" data-element_type=\"widget\" data-widget_type=\"heading.default\">\n\t\t\t\t<div class=\"elementor-widget-container\">\n\t\t\t\t\t<h4 class=\"elementor-heading-title elementor-size-default\">Modu\u0142 1:<br \/>Jak my\u015bl\u0105 komputery<\/h4>\t\t\t\t<\/div>\n\t\t\t\t<\/div>\n\t\t\t\t<div class=\"elementor-element elementor-element-2ea9a98 module-description elementor-widget elementor-widget-text-editor\" data-id=\"2ea9a98\" data-element_type=\"widget\" data-widget_type=\"text-editor.default\">\n\t\t\t\t<div class=\"elementor-widget-container\">\n\t\t\t\t\t\t\t\t\t<div class=\"block-image__col\"><div class=\"block-image__text brand--linkColor\"><div class=\"fr-view rise-tiptap\"><div><p>W tym module dowiesz si\u0119, jak my\u015bl\u0105 komputery i jakie elementy sk\u0142adaj\u0105 si\u0119 na my\u015blenie komputacyjne.<\/p><\/div><\/div><\/div><\/div>\t\t\t\t\t\t\t\t<\/div>\n\t\t\t\t<\/div>\n\t\t\t\t<\/div>\n\t\t\t\t<div class=\"elementor-element elementor-element-885b675 elementor-align-center elementor-widget elementor-widget-button\" data-id=\"885b675\" data-element_type=\"widget\" data-widget_type=\"button.default\">\n\t\t\t\t<div class=\"elementor-widget-container\">\n\t\t\t\t\t\t\t\t\t<div class=\"elementor-button-wrapper\">\n\t\t\t\t\t<a class=\"elementor-button elementor-button-link elementor-size-sm\" href=\"https:\/\/rise.articulate.com\/share\/ooH8ANh_b2S9K6j9_EPgGUZLFrUkNpJV#\/\" target=\"_blank\">\n\t\t\t\t\t\t<span class=\"elementor-button-content-wrapper\">\n\t\t\t\t\t\t\t\t\t<span class=\"elementor-button-text\">Rozpocznij modu\u0142 1<\/span>\n\t\t\t\t\t<\/span>\n\t\t\t\t\t<\/a>\n\t\t\t\t<\/div>\n\t\t\t\t\t\t\t\t<\/div>\n\t\t\t\t<\/div>\n\t\t\t\t<\/div>\n\t\t<div class=\"elementor-element elementor-element-586391a e-con-full e-flex e-con e-child\" data-id=\"586391a\" data-element_type=\"container\">\n\t\t<div class=\"elementor-element elementor-element-428e341 e-con-full e-flex e-con e-child\" data-id=\"428e341\" data-element_type=\"container\">\n\t\t\t\t<div class=\"elementor-element elementor-element-d1c0abd elementor-widget elementor-widget-image\" data-id=\"d1c0abd\" data-element_type=\"widget\" data-widget_type=\"image.default\">\n\t\t\t\t<div class=\"elementor-widget-container\">\n\t\t\t\t\t\t\t\t\t\t\t\t\t\t\t<img decoding=\"async\" width=\"150\" height=\"150\" src=\"https:\/\/computationalseniors.eu\/wp-content\/uploads\/2025\/01\/467480962_10162007410939521_2842619297420931552_n-1-150x150.jpg\" class=\"attachment-thumbnail size-thumbnail wp-image-9293\" alt=\"\" srcset=\"https:\/\/computationalseniors.eu\/wp-content\/uploads\/2025\/01\/467480962_10162007410939521_2842619297420931552_n-1-150x150.jpg 150w, https:\/\/computationalseniors.eu\/wp-content\/uploads\/2025\/01\/467480962_10162007410939521_2842619297420931552_n-1-298x300.jpg 298w, https:\/\/computationalseniors.eu\/wp-content\/uploads\/2025\/01\/467480962_10162007410939521_2842619297420931552_n-1-87x87.jpg 87w, https:\/\/computationalseniors.eu\/wp-content\/uploads\/2025\/01\/467480962_10162007410939521_2842619297420931552_n-1.jpg 526w\" sizes=\"(max-width: 150px) 100vw, 150px\" \/>\t\t\t\t\t\t\t\t\t\t\t\t\t\t\t<\/div>\n\t\t\t\t<\/div>\n\t\t\t\t<div class=\"elementor-element elementor-element-521aa0a module-title elementor-widget elementor-widget-heading\" data-id=\"521aa0a\" data-element_type=\"widget\" data-widget_type=\"heading.default\">\n\t\t\t\t<div class=\"elementor-widget-container\">\n\t\t\t\t\t<h4 class=\"elementor-heading-title elementor-size-default\">Modu\u0142 2:<br \/>Dlaczego wa\u017cne jest nauczanie my\u015blenia komputacyjne?<\/h4>\t\t\t\t<\/div>\n\t\t\t\t<\/div>\n\t\t\t\t<div class=\"elementor-element elementor-element-2c47cab module-description elementor-widget elementor-widget-text-editor\" data-id=\"2c47cab\" data-element_type=\"widget\" data-widget_type=\"text-editor.default\">\n\t\t\t\t<div class=\"elementor-widget-container\">\n\t\t\t\t\t\t\t\t\t<p>W tym module zbadamy, dlaczego nauczanie my\u015blenia komputacyjnego jest nie tylko istotne, ale tak\u017ce konieczne w pracy z doros\u0142ymi, szczeg\u00f3lnie tymi o niskich kwalifikacjach formalnych.<\/p>\t\t\t\t\t\t\t\t<\/div>\n\t\t\t\t<\/div>\n\t\t\t\t<\/div>\n\t\t\t\t<div class=\"elementor-element elementor-element-27bd9a8 elementor-align-center elementor-widget elementor-widget-button\" data-id=\"27bd9a8\" data-element_type=\"widget\" data-widget_type=\"button.default\">\n\t\t\t\t<div class=\"elementor-widget-container\">\n\t\t\t\t\t\t\t\t\t<div class=\"elementor-button-wrapper\">\n\t\t\t\t\t<a class=\"elementor-button elementor-button-link elementor-size-sm\" href=\"https:\/\/rise.articulate.com\/share\/qe159k2kAc7D1brNN4afwbeIoC-4icru#\/\" target=\"_blank\">\n\t\t\t\t\t\t<span class=\"elementor-button-content-wrapper\">\n\t\t\t\t\t\t\t\t\t<span class=\"elementor-button-text\">Rozpocznij modu\u0142 2<\/span>\n\t\t\t\t\t<\/span>\n\t\t\t\t\t<\/a>\n\t\t\t\t<\/div>\n\t\t\t\t\t\t\t\t<\/div>\n\t\t\t\t<\/div>\n\t\t\t\t<\/div>\n\t\t<div class=\"elementor-element elementor-element-42d47db e-con-full e-flex e-con e-child\" data-id=\"42d47db\" data-element_type=\"container\">\n\t\t<div class=\"elementor-element elementor-element-099f49b e-con-full e-flex e-con e-child\" data-id=\"099f49b\" data-element_type=\"container\">\n\t\t\t\t<div class=\"elementor-element elementor-element-d711df9 elementor-widget elementor-widget-image\" data-id=\"d711df9\" data-element_type=\"widget\" data-widget_type=\"image.default\">\n\t\t\t\t<div class=\"elementor-widget-container\">\n\t\t\t\t\t\t\t\t\t\t\t\t\t\t\t<img decoding=\"async\" width=\"150\" height=\"150\" src=\"https:\/\/computationalseniors.eu\/wp-content\/uploads\/2025\/01\/467480962_10162007410939521_2842619297420931552_n-1-150x150.jpg\" class=\"attachment-thumbnail size-thumbnail wp-image-9293\" alt=\"\" srcset=\"https:\/\/computationalseniors.eu\/wp-content\/uploads\/2025\/01\/467480962_10162007410939521_2842619297420931552_n-1-150x150.jpg 150w, https:\/\/computationalseniors.eu\/wp-content\/uploads\/2025\/01\/467480962_10162007410939521_2842619297420931552_n-1-298x300.jpg 298w, https:\/\/computationalseniors.eu\/wp-content\/uploads\/2025\/01\/467480962_10162007410939521_2842619297420931552_n-1-87x87.jpg 87w, https:\/\/computationalseniors.eu\/wp-content\/uploads\/2025\/01\/467480962_10162007410939521_2842619297420931552_n-1.jpg 526w\" sizes=\"(max-width: 150px) 100vw, 150px\" \/>\t\t\t\t\t\t\t\t\t\t\t\t\t\t\t<\/div>\n\t\t\t\t<\/div>\n\t\t\t\t<div class=\"elementor-element elementor-element-f9be334 module-title elementor-widget elementor-widget-heading\" data-id=\"f9be334\" data-element_type=\"widget\" data-widget_type=\"heading.default\">\n\t\t\t\t<div class=\"elementor-widget-container\">\n\t\t\t\t\t<h4 class=\"elementor-heading-title elementor-size-default\">Modu\u0142 3:<br \/>W\u0142\u0105czanie my\u015blenia komputacyjnego do edukacji doros\u0142ych<\/h4>\t\t\t\t<\/div>\n\t\t\t\t<\/div>\n\t\t\t\t<div class=\"elementor-element elementor-element-4f5b154 module-description elementor-widget elementor-widget-text-editor\" data-id=\"4f5b154\" data-element_type=\"widget\" data-widget_type=\"text-editor.default\">\n\t\t\t\t<div class=\"elementor-widget-container\">\n\t\t\t\t\t\t\t\t\t<div class=\"block-image__col\"><div class=\"block-image__text brand--linkColor\"><div class=\"fr-view rise-tiptap\"><div><p>W tym module zbadamy, jak zintegrowa\u0107 my\u015blenie komputacyjne w \u015brodowiskach edukacji doros\u0142ych, koncentruj\u0105c si\u0119 na jego praktycznej warto\u015bci, dost\u0119pno\u015bci i zdolno\u015bci adaptacji do r\u00f3\u017cnych potrzeb edukacyjnych.<\/p><\/div><\/div><\/div><\/div>\t\t\t\t\t\t\t\t<\/div>\n\t\t\t\t<\/div>\n\t\t\t\t<\/div>\n\t\t\t\t<div class=\"elementor-element elementor-element-f1ef734 elementor-align-center elementor-widget elementor-widget-button\" data-id=\"f1ef734\" data-element_type=\"widget\" data-widget_type=\"button.default\">\n\t\t\t\t<div class=\"elementor-widget-container\">\n\t\t\t\t\t\t\t\t\t<div class=\"elementor-button-wrapper\">\n\t\t\t\t\t<a class=\"elementor-button elementor-button-link elementor-size-sm\" href=\"https:\/\/rise.articulate.com\/share\/NOkUFX3aCWvnzIrUmRUInEH4czBWYWNn#\/\" target=\"_blank\">\n\t\t\t\t\t\t<span class=\"elementor-button-content-wrapper\">\n\t\t\t\t\t\t\t\t\t<span class=\"elementor-button-text\">Rozpocznij modu\u0142 3<\/span>\n\t\t\t\t\t<\/span>\n\t\t\t\t\t<\/a>\n\t\t\t\t<\/div>\n\t\t\t\t\t\t\t\t<\/div>\n\t\t\t\t<\/div>\n\t\t\t\t<\/div>\n\t\t<div class=\"elementor-element elementor-element-720ec67 e-con-full e-flex e-con e-child\" data-id=\"720ec67\" data-element_type=\"container\">\n\t\t<div class=\"elementor-element elementor-element-33078b7 e-con-full e-flex e-con e-child\" data-id=\"33078b7\" data-element_type=\"container\">\n\t\t\t\t<div class=\"elementor-element elementor-element-201052f elementor-widget elementor-widget-image\" data-id=\"201052f\" data-element_type=\"widget\" data-widget_type=\"image.default\">\n\t\t\t\t<div class=\"elementor-widget-container\">\n\t\t\t\t\t\t\t\t\t\t\t\t\t\t\t<img decoding=\"async\" width=\"150\" height=\"150\" src=\"https:\/\/computationalseniors.eu\/wp-content\/uploads\/2025\/01\/467480962_10162007410939521_2842619297420931552_n-1-150x150.jpg\" class=\"attachment-thumbnail size-thumbnail wp-image-9293\" alt=\"\" srcset=\"https:\/\/computationalseniors.eu\/wp-content\/uploads\/2025\/01\/467480962_10162007410939521_2842619297420931552_n-1-150x150.jpg 150w, https:\/\/computationalseniors.eu\/wp-content\/uploads\/2025\/01\/467480962_10162007410939521_2842619297420931552_n-1-298x300.jpg 298w, https:\/\/computationalseniors.eu\/wp-content\/uploads\/2025\/01\/467480962_10162007410939521_2842619297420931552_n-1-87x87.jpg 87w, https:\/\/computationalseniors.eu\/wp-content\/uploads\/2025\/01\/467480962_10162007410939521_2842619297420931552_n-1.jpg 526w\" sizes=\"(max-width: 150px) 100vw, 150px\" \/>\t\t\t\t\t\t\t\t\t\t\t\t\t\t\t<\/div>\n\t\t\t\t<\/div>\n\t\t\t\t<div class=\"elementor-element elementor-element-784d552 module-title elementor-widget elementor-widget-heading\" data-id=\"784d552\" data-element_type=\"widget\" data-widget_type=\"heading.default\">\n\t\t\t\t<div class=\"elementor-widget-container\">\n\t\t\t\t\t<h4 class=\"elementor-heading-title elementor-size-default\">Modu\u0142 4:<br \/>Strategie nauczania<\/h4>\t\t\t\t<\/div>\n\t\t\t\t<\/div>\n\t\t\t\t<div class=\"elementor-element elementor-element-db668c0 module-description elementor-widget elementor-widget-text-editor\" data-id=\"db668c0\" data-element_type=\"widget\" data-widget_type=\"text-editor.default\">\n\t\t\t\t<div class=\"elementor-widget-container\">\n\t\t\t\t\t\t\t\t\t<p>W tym module zbadamy, w jaki spos\u00f3b my\u015blenie komputacyjne mo\u017ce by\u0107 wykorzystywane jako strategia wspierania rozwoju umiej\u0119tno\u015bci mi\u0119kkich w\u015br\u00f3d nisko wykwalifikowanych doros\u0142ych. W szybko zmieniaj\u0105cym si\u0119, nap\u0119dzanym cyfrowo \u015bwiecie, te.<\/p>\t\t\t\t\t\t\t\t<\/div>\n\t\t\t\t<\/div>\n\t\t\t\t<\/div>\n\t\t\t\t<div class=\"elementor-element elementor-element-f892626 elementor-align-center elementor-widget elementor-widget-button\" data-id=\"f892626\" data-element_type=\"widget\" data-widget_type=\"button.default\">\n\t\t\t\t<div class=\"elementor-widget-container\">\n\t\t\t\t\t\t\t\t\t<div class=\"elementor-button-wrapper\">\n\t\t\t\t\t<a class=\"elementor-button elementor-button-link elementor-size-sm\" href=\"https:\/\/rise.articulate.com\/share\/lQFrA30i-nFfUHhvj5MunYltztdaHK91#\/\" target=\"_blank\">\n\t\t\t\t\t\t<span class=\"elementor-button-content-wrapper\">\n\t\t\t\t\t\t\t\t\t<span class=\"elementor-button-text\">Rozpocznij modu\u0142 4<\/span>\n\t\t\t\t\t<\/span>\n\t\t\t\t\t<\/a>\n\t\t\t\t<\/div>\n\t\t\t\t\t\t\t\t<\/div>\n\t\t\t\t<\/div>\n\t\t\t\t<\/div>\n\t\t<div class=\"elementor-element elementor-element-c90c6b9 e-con-full e-flex e-con e-child\" data-id=\"c90c6b9\" data-element_type=\"container\">\n\t\t<div class=\"elementor-element elementor-element-c102a60 e-con-full e-flex e-con e-child\" data-id=\"c102a60\" data-element_type=\"container\">\n\t\t\t\t<div class=\"elementor-element elementor-element-f7c4498 elementor-widget elementor-widget-image\" data-id=\"f7c4498\" data-element_type=\"widget\" data-widget_type=\"image.default\">\n\t\t\t\t<div class=\"elementor-widget-container\">\n\t\t\t\t\t\t\t\t\t\t\t\t\t\t\t<img decoding=\"async\" width=\"150\" height=\"150\" src=\"https:\/\/computationalseniors.eu\/wp-content\/uploads\/2025\/01\/467480962_10162007410939521_2842619297420931552_n-1-150x150.jpg\" class=\"attachment-thumbnail size-thumbnail wp-image-9293\" alt=\"\" srcset=\"https:\/\/computationalseniors.eu\/wp-content\/uploads\/2025\/01\/467480962_10162007410939521_2842619297420931552_n-1-150x150.jpg 150w, https:\/\/computationalseniors.eu\/wp-content\/uploads\/2025\/01\/467480962_10162007410939521_2842619297420931552_n-1-298x300.jpg 298w, https:\/\/computationalseniors.eu\/wp-content\/uploads\/2025\/01\/467480962_10162007410939521_2842619297420931552_n-1-87x87.jpg 87w, https:\/\/computationalseniors.eu\/wp-content\/uploads\/2025\/01\/467480962_10162007410939521_2842619297420931552_n-1.jpg 526w\" sizes=\"(max-width: 150px) 100vw, 150px\" \/>\t\t\t\t\t\t\t\t\t\t\t\t\t\t\t<\/div>\n\t\t\t\t<\/div>\n\t\t\t\t<div class=\"elementor-element elementor-element-7ee17b5 module-title elementor-widget elementor-widget-heading\" data-id=\"7ee17b5\" data-element_type=\"widget\" data-widget_type=\"heading.default\">\n\t\t\t\t<div class=\"elementor-widget-container\">\n\t\t\t\t\t<h4 class=\"elementor-heading-title elementor-size-default\">Modu\u0142 5:<br \/>My\u015blenie komputacyjne jako narz\u0119dzie integracji doros\u0142ych znajduj\u0105cych si\u0119 w niekorzystnej sytuacji<\/h4>\t\t\t\t<\/div>\n\t\t\t\t<\/div>\n\t\t\t\t<div class=\"elementor-element elementor-element-c77f4a3 module-description elementor-widget elementor-widget-text-editor\" data-id=\"c77f4a3\" data-element_type=\"widget\" data-widget_type=\"text-editor.default\">\n\t\t\t\t<div class=\"elementor-widget-container\">\n\t\t\t\t\t\t\t\t\t<p>W tym module odkryjesz, w jaki spos\u00f3b my\u015blenie komputacyjne (z ang. CT) mo\u017ce s\u0142u\u017cy\u0107 jako narz\u0119dzie wspieraj\u0105ce integracj\u0119 cyfrow\u0105 os\u00f3b doros\u0142ych znajduj\u0105cych si\u0119 w niekorzystnej sytuacji.<\/p>\t\t\t\t\t\t\t\t<\/div>\n\t\t\t\t<\/div>\n\t\t\t\t<\/div>\n\t\t\t\t<div class=\"elementor-element elementor-element-2daf033 elementor-align-center elementor-widget elementor-widget-button\" data-id=\"2daf033\" data-element_type=\"widget\" data-widget_type=\"button.default\">\n\t\t\t\t<div class=\"elementor-widget-container\">\n\t\t\t\t\t\t\t\t\t<div class=\"elementor-button-wrapper\">\n\t\t\t\t\t<a class=\"elementor-button elementor-button-link elementor-size-sm\" href=\"https:\/\/rise.articulate.com\/share\/3I58U4Rbap0tzqmhh39hxrBtX84OUq_V#\/\" target=\"_blank\">\n\t\t\t\t\t\t<span class=\"elementor-button-content-wrapper\">\n\t\t\t\t\t\t\t\t\t<span class=\"elementor-button-text\">Rozpocznij modu\u0142 5<\/span>\n\t\t\t\t\t<\/span>\n\t\t\t\t\t<\/a>\n\t\t\t\t<\/div>\n\t\t\t\t\t\t\t\t<\/div>\n\t\t\t\t<\/div>\n\t\t\t\t<\/div>\n\t\t\t\t\t<\/div>\n\t\t\t\t<\/div>\n\t\t<div class=\"elementor-element elementor-element-e9c3abe e-flex e-con-boxed e-con e-parent\" data-id=\"e9c3abe\" data-element_type=\"container\">\n\t\t\t\t\t<div class=\"e-con-inner\">\n\t\t\t\t<div class=\"elementor-element elementor-element-ef86aec elementor-widget elementor-widget-html\" data-id=\"ef86aec\" data-element_type=\"widget\" data-widget_type=\"html.default\">\n\t\t\t\t<div class=\"elementor-widget-container\">\n\t\t\t\t\t<a href=\"https:\/\/computationalseniors.eu\/wp-content\/uploads\/2025\/09\/COMPSENIORS-OERS-USER-GUIDE-PL.pdf\" \n   class=\"floating-guide\" \n   target=\"_blank\">\n    <img decoding=\"async\" src=\"https:\/\/computationalseniors.eu\/wp-content\/uploads\/2025\/09\/user-guide-icon-1.svg\" alt=\"Icon\" \/>\n<\/a>\t\t\t\t<\/div>\n\t\t\t\t<\/div>\n\t\t\t\t\t<\/div>\n\t\t\t\t<\/div>\n\t\t\t\t<\/div>\n\t\t","protected":false},"excerpt":{"rendered":"<p>Modu\u0142 0:Wprowadzenie Odkryj kurs szkoleniowy COMPseniors&#8230; Tw\u00f3j pierwszy krok w kierunku nauki my\u015blenia komputacyjnego Rozpocznij modu\u0142 0 Modu\u0142 1:Jak my\u015bl\u0105 komputery W tym module dowiesz si\u0119, jak my\u015bl\u0105 komputery i jakie elementy sk\u0142adaj\u0105 si\u0119 na my\u015blenie komputacyjne. Rozpocznij modu\u0142 1 Modu\u0142 2:Dlaczego wa\u017cne jest nauczanie my\u015blenia komputacyjne? W tym module zbadamy, dlaczego nauczanie my\u015blenia komputacyjnego&#8230;<\/p>\n","protected":false},"author":1,"featured_media":0,"parent":0,"menu_order":0,"comment_status":"closed","ping_status":"closed","template":"","meta":{"footnotes":""},"class_list":["post-9503","page","type-page","status-publish","hentry"],"_links":{"self":[{"href":"https:\/\/computationalseniors.eu\/pl\/wp-json\/wp\/v2\/pages\/9503","targetHints":{"allow":["GET"]}}],"collection":[{"href":"https:\/\/computationalseniors.eu\/pl\/wp-json\/wp\/v2\/pages"}],"about":[{"href":"https:\/\/computationalseniors.eu\/pl\/wp-json\/wp\/v2\/types\/page"}],"author":[{"embeddable":true,"href":"https:\/\/computationalseniors.eu\/pl\/wp-json\/wp\/v2\/users\/1"}],"replies":[{"embeddable":true,"href":"https:\/\/computationalseniors.eu\/pl\/wp-json\/wp\/v2\/comments?post=9503"}],"version-history":[{"count":9,"href":"https:\/\/computationalseniors.eu\/pl\/wp-json\/wp\/v2\/pages\/9503\/revisions"}],"predecessor-version":[{"id":9653,"href":"https:\/\/computationalseniors.eu\/pl\/wp-json\/wp\/v2\/pages\/9503\/revisions\/9653"}],"wp:attachment":[{"href":"https:\/\/computationalseniors.eu\/pl\/wp-json\/wp\/v2\/media?parent=9503"}],"curies":[{"name":"wp","href":"https:\/\/api.w.org\/{rel}","templated":true}]}}