{"id":8854,"date":"2025-01-16T09:23:05","date_gmt":"2025-01-16T09:23:05","guid":{"rendered":"https:\/\/compuseniors.berein.com\/?page_id=8854"},"modified":"2025-01-16T09:30:33","modified_gmt":"2025-01-16T09:30:33","slug":"privacy-policy","status":"publish","type":"page","link":"https:\/\/computationalseniors.eu\/pl\/privacy-policy\/","title":{"rendered":"Polityka prywatno\u015bci"},"content":{"rendered":"<div class=\"page_legal\">\n<p><span style=\"font-weight: 400;\">COMPseniors to firma, w kt\u00f3rej przejrzysto\u015b\u0107 informacji jest niezb\u0119dna do nawi\u0105zania relacji zaufania z osobami tworz\u0105cymi nasz projekt oraz z naszymi dostawcami i klientami, b\u0119d\u0105c ochrona danych osobowych os\u00f3b, kt\u00f3re nam zaufa\u0142y, jest dla nas niezwykle istotna, dlatego chcemy poprzez niniejsz\u0105 Polityk\u0119 Prywatno\u015bci i ochron\u0119 danych osobowych informowa\u0107 Ci\u0119 o tym, w jaki spos\u00f3b zbieramy oraz jak traktujemy i wykorzystujemy takie dane.<\/span><\/p>\n<p><span style=\"font-weight: 400;\">Niniejsza polityka prywatno\u015bci i ochrony danych osobowych ustanawia podstaw\u0119, na kt\u00f3rej COMPseniors z siedzib\u0105 w\u2026 Bilbao (Bizkaia) przetwarza dane osobowe przekazane nam dobrowolnie przez naszych u\u017cytkownik\u00f3w za po\u015brednictwem serwisu. Niniejsza Polityka b\u0119dzie mia\u0142a zawsze zastosowanie w przypadku przekazywania danych firmie COMPseniors, kt\u00f3ra b\u0119dzie odpowiedzialna za jej dane (administrator danych) oraz za po\u015brednictwem wszelkich formularzy kontaktowych lub subskrypcji, w kt\u00f3rych gromadzone s\u0105 dane osobowe (imi\u0119 i nazwisko, adres e-mail itp.).<\/ rozpi\u0119to\u015b\u0107><\/p>\n<p><b>Do czego si\u0119 zobowi\u0105zujemy<\/b><\/p>\n<ul>\n<li>\n<li aria-level=\"1\"><span style=\"font-weight: 400;\">Aby szanowa\u0107 prywatno\u015b\u0107 naszych u\u017cytkownik\u00f3w i przetwarza\u0107 dane osobowe za ich zgod\u0105.<\/span><\/li>\n<\/ul>\n<ul>\n<li>\n<li aria-level=\"1\"><span style=\"font-weight: 400;\">Aby przetwarza\u0107 dane osobowe, kt\u00f3re s\u0105 nam bezwzgl\u0119dnie potrzebne do \u015bwiadczenia \u017c\u0105danej us\u0142ugi, oraz aby traktowa\u0107 je w spos\u00f3b bezpieczny i poufny, podejmuj\u0105c niezb\u0119dne \u015brodki aby zapobiec nieupowa\u017cnionemu dost\u0119powi i niew\u0142a\u015bciwemu u\u017cyciu.<\/span><\/li>\n<\/ul>\n<ul>\n<li>\n<li aria-level=\"1\"><span style=\"font-weight: 400;\">Niewykorzystywanie danych osobowych do cel\u00f3w, na kt\u00f3re nie uzyskali\u015bmy wcze\u015bniej zgody.<\/span><\/li>\n<\/ul>\n<ul>\n<li>\n<li aria-level=\"1\"><span style=\"font-weight: 400;\">Nie udost\u0119pniaj danych osobowych osobom trzecim ani ich nie udost\u0119pniaj.<\/span><\/li>\n<\/ul>\n<ul>\n<li>\n<li aria-level=\"1\"><span style=\"font-weight: 400;\">Aby przechowywa\u0107 dane osobowe przez czas \u015bci\u015ble niezb\u0119dny do osi\u0105gni\u0119cia konkretnego celu, dla kt\u00f3rego zosta\u0142y przekazane.<\/span><\/li >\n<\/ul>\n<p><b>Jakich danych osobowych u\u017cywamy<\/b><\/p>\n<p><span style=\"font-weight: 400;\">Za po\u015brednictwem naszej witryny internetowej mo\u017cemy gromadzi\u0107 dane osobowe w r\u00f3\u017cnych celach:<\/span><\/p>\n<ul>\n<li>\n<li aria-level=\"1\"><span style=\"font-weight: 400;\">Pro\u015bby u\u017cytkownik\u00f3w o informacje<\/span><\/li>\n<\/ul>\n<ul>\n<li>\n<li aria-level=\"1\"><span style=\"font-weight: 400;\">Subskrypcja biuletyn\u00f3w<\/span><\/li>\n<\/ul>\n<p><span style=\"font-weight: 400;\">Mo\u017cesz skorzysta\u0107 z tych praw w dowolnym momencie, pisz\u0105c do COMPseniors i przedstawiaj\u0105c dow\u00f3d swojej to\u017csamo\u015bci na nast\u0119puj\u0105cy adres e-mail: <\/span><a href= \"mailto:belengonzalez@araba.eus\"><span style=\"font-weight: 400;\">belengonzalez@araba.eus<\/span><\/a><span style=\"font-weight: 400;\">&nbsp;&nbsp;&nbsp;<\/span><\/p>\n<p><span style=\"font-weight: 400;\">W zale\u017cno\u015bci od celu, w jakim dane s\u0105 przekazywane, wymagane b\u0119d\u0105 tylko te dane, kt\u00f3re s\u0105 absolutnie niezb\u0119dne.<\/span><\/p>\n<p><span style=\"font-weight: 400;\">Wa\u017cne jest, aby u\u017cytkownicy byli \u015bwiadomi przekazywanych przez siebie danych i celu, w jakim je przekazuj\u0105, poniewa\u017c przekazuj\u0105c je, akceptuj\u0105 to, \u017ce je zbieramy, przechowujemy i wykorzystywa\u0107 te dane w wymaganym celu, a tak\u017ce mo\u017ce w ka\u017cdej chwili cofn\u0105\u0107 zgod\u0119 udzielon\u0105 odpowiednimi kana\u0142ami, przy czym podstaw\u0105 prawn\u0105 i legitymizacj\u0105 przetwarzania jej danych osobowych jest zgoda zainteresowanego.<\/span><\/p >\n<p><b>Dok\u0142adno\u015b\u0107 i prawdziwo\u015b\u0107 danych<\/b><\/p>\n<p><span style=\"font-weight: 400;\">U\u017cytkownik podaj\u0105c wymagane w formularzach dane ponosi wy\u0142\u0105czn\u0105 odpowiedzialno\u015b\u0107 za prawdziwo\u015b\u0107 podanych danych, gwarantuj\u0105c i b\u0119d\u0105c odpowiedzialnym za ich prawid\u0142owo\u015b\u0107, aktualno\u015b\u0107 i autentyczno\u015b\u0107 przekazanych danych osobowych, zobowi\u0105zuj\u0105c si\u0119 do ich nale\u017cytej aktualizacji.<\/span><\/p>\n<p><b>Jakie masz prawa w zwi\u0105zku z udost\u0119pnionymi danymi osobowymi?<\/b><\/p>\n<p><span style=\"font-weight: 400;\">Po przekazaniu danych osobowych b\u0119dziesz mie\u0107 prawo do:<\/span><\/p>\n<ul>\n<li>\n<li style=\"waga czcionki: 400;\" aria-level=\"1\"><span style=\"font-weight: 400;\">aby skonsultowa\u0107 wszelkie w\u0105tpliwo\u015bci i uzyska\u0107 informacj\u0119 o tym, w jaki spos\u00f3b wykorzystujemy dane oraz uzyska\u0107 DOST\u0118P do nich.<\/span><\/li >\n<li style=\"waga czcionki: 400;\" aria-level=\"1\"><span style=\"font-weight: 400;\">POPRAWIENIE lub usuni\u0119cie Twoich danych lub na\u0142o\u017cenie OGRANICZE\u0143 na przetwarzanie Twoich danych.<\/span><\/li>\n<li style=\"waga czcionki: 400;\" aria-level=\"1\"><span style=\"font-weight: 400;\">ANULUJ dane.<\/span><\/li>\n<li style=\"waga czcionki: 400;\" aria-level=\"1\"><span style=\"font-weight: 400;\">Sprzeciwiaj si\u0119 przetwarzaniu Twoich danych.<\/span><\/li>\n<li style=\"waga czcionki: 400;\" aria-level=\"1\"><span style=\"font-weight: 400;\">Mo\u017cliwo\u015b\u0107 przenoszenia danych.<\/span><\/li>\n<\/ul>\n<p><span style=\"font-weight: 400;\">W ka\u017cdej chwili mo\u017cesz skorzysta\u0107 z tych praw, pisz\u0105c do COMPseniors na adres\u2026 Bilbao (Bizkaia) lub wysy\u0142aj\u0105c e-mail na adres: <\/span> <a href=\"mailto:info@computationalseniors.eu\"><span style=\"font-weight: 400;\">info@computationalseniors.eu<\/span><\/a><span style=\"font-weight: 400;\">&nbsp;<\/span><\/p>\n<p><span style=\"font-weight: 400;\">Mo\u017cesz tak\u017ce z\u0142o\u017cy\u0107 skarg\u0119 do sorgan nadzorczy, w tym przypadku Hiszpa\u0144ska Agencja Ochrony Danych, je\u015bli uznasz, \u017ce przetwarzanie danych osobowych narusza obowi\u0105zuj\u0105ce przepisy.<\/span><\/p>\n<p><b>Bezpiecze\u0144stwo i przechowywanie danych<\/b><\/p>\n<p><span style=\"font-weight: 400;\">B\u0119dziemy przechowywa\u0107 dane przez czas \u015bci\u015ble niezb\u0119dny do \u015bwiadczenia \u017c\u0105danej us\u0142ugi oraz tak d\u0142ugo, jak osoba, kt\u00f3rej dane dotycz\u0105, nie z\u0142o\u017cy wniosku o ich usuni\u0119cie, podejmuj\u0105c odpowiednie \u015brodki techniczne i \u015brodki organizacyjne zabezpieczaj\u0105ce przed niedozwolonym lub niezgodnym z prawem przetwarzaniem oraz przypadkow\u0105 utrat\u0105, zniszczeniem lub uszkodzeniem, dok\u0142adaj\u0105c wszelkich stara\u0144, aby je chroni\u0107 i zapewni\u0107 bezpiecze\u0144stwo.<\/span><\/p>\n<p><b>Jakie dane osobowe udost\u0119pniamy stronom trzecim<\/b><\/p>\n<p><span style=\"font-weight: 400;\">Nie przewiduje si\u0119 przekazywania danych, chyba \u017ce istnieje taki obowi\u0105zek prawny. Nie ma plan\u00f3w mi\u0119dzynarodowego przesy\u0142ania danych.<\/span><\/p>\n<p><b>Nota prawna LSSI \u2013 CE<\/b><\/p>\n<p><span style=\"font-weight: 400;\">Zgodnie z ustaw\u0105 nr 34\/2002 z dnia 11 lipca o us\u0142ugach spo\u0142ecze\u0144stwa informacyjnego i handlu elektronicznym (LSSI-CE), firma COMPseniors informuje, \u017ce jest w\u0142a\u015bcicielem stron\u0119 internetow\u0105. Zgodnie z wymogami artyku\u0142u 10 Ustawy informuje Ci\u0119 o nast\u0119puj\u0105cych danych:<\/span><\/p>\n<ul>\n<li>\n<li style=\"waga czcionki: 400;\" aria-level=\"1\"><span style=\"font-weight: 400;\">W\u0142a\u015bcicielem tej strony jest: COMPseniors<\/span><\/li>\n<li style=\"waga czcionki: 400;\" aria-level=\"1\"><span style=\"font-weight: 400;\">Odpowiedzialny: Dyrekcja ds. Zatrudnienia, Handlu i Turystyki DFA<\/span><\/li>\n<li style=\"waga czcionki: 400;\" aria-level=\"1\"><span style=\"font-weight: 400;\">Nazwa projektu: COMPseniors<\/span><\/li>\n<li style=\"waga czcionki: 400;\" aria-level=\"1\"><span style=\"font-weight: 400;\">Adres: Plaza de la Provincia S\/N 01001 Vitoria (Alava)<\/span><\/li>\n<li style=\"waga czcionki: 400;\" aria-level=\"1\"><span style=\"font-weight: 400;\">Telefon: + 34 945 18 18 07. Faks: 945 18 17<\/span><\/li>\n<li style=\"waga czcionki: 400;\" aria-level=\"1\"><span style=\"font-weight: 400;\">E-mail: <\/span><a href=\"mailto:belengonzalez@araba.eus\"><span style=\"font-weight: 400;\">belengonzalez@araba.eus<\/span><\/a><span style=\"font-weight: 400;\">&nbsp;<\/span><\/li>\n<\/ul>\n<p><b>U\u017cytkownicy<\/b><\/p>\n<p><span style=\"font-weight: 400;\">Dost\u0119p do tego portalu i\/lub korzystanie z niego stanowi warunek U\u017bYTKOWNIKA, kt\u00f3ry akceptuje w zwi\u0105zku z tym dost\u0119pem i\/lub u\u017cytkowaniem Og\u00f3lne warunki u\u017cytkowania okre\u015blone w niniejszym dokumencie . Warunki maj\u0105 zastosowanie niezale\u017cnie od Og\u00f3lnych Warunk\u00f3w Umownych, kt\u00f3re w stosownych przypadkach s\u0105 obowi\u0105zkowe.<\/span><\/p>\n<p><b>Korzystanie z portalu<\/b><\/p>\n<p><span style=\"font-weight: 400;\">Strona internetowa zapewnia dost\u0119p do wielu informacji, us\u0142ug, program\u00f3w lub danych (zwanych dalej \u201etre\u015bci\u0105\u201d) w Internecie nale\u017c\u0105cych do firmy COMPseniors lub jej licencjodawc\u00f3w do kt\u00f3rych U\u017bYTKOWNIK mo\u017ce mie\u0107 dost\u0119p. U\u017bYTKOWNIK przejmuje odpowiedzialno\u015b\u0107 za korzystanie z portalu. Odpowiedzialno\u015b\u0107 ta obejmuje rejestracj\u0119, kt\u00f3ra mo\u017ce by\u0107 konieczna w celu uzyskania dost\u0119pu do niekt\u00f3rych us\u0142ug lub tre\u015bci.<\/span><\/p>\n<p><span style=\"font-weight: 400;\">W przypadku takiej rejestracji U\u017bYTKOWNIK ponosi odpowiedzialno\u015b\u0107 za podanie informacji zgodnych z prawd\u0105 i zgodnych z prawem. W zwi\u0105zku z t\u0105 rejestracj\u0105 U\u017bYTKOWNIK mo\u017ce otrzyma\u0107 has\u0142o, za kt\u00f3re b\u0119dzie odpowiedzialny, zobowi\u0105zuj\u0105c si\u0119 do starannego i poufnego korzystania z niego. U\u017bYTKOWNIK zobowi\u0105zuje si\u0119 do odpowiedniego korzystania z tre\u015bci i us\u0142ug oferowanych przez COMPseniors za po\u015brednictwem swojego portalu i, mi\u0119dzy innymi, do niewykorzystywania ich do:<\/span><\/p>\n<ul>\n<li>\n<li style=\"waga czcionki: 400;\" aria-level=\"1\"><span style=\"font-weight: 400;\">anga\u017cowanie si\u0119 w dzia\u0142ania nielegalne, nielegalne lub sprzeczne z dobr\u0105 wiar\u0105 i porz\u0105dkiem publicznym<\/span><\/li>\n<li style=\"waga czcionki: 400;\" aria-level=\"1\"><span style=\"font-weight: 400;\">rozpowszechnianie tre\u015bci lub propagandy o charakterze rasistowskim, ksenofobicznym, pornograficzno-nielegalnym, wspieraj\u0105cych terroryzm lub naruszaj\u0105cych prawa cz\u0142owieka<\/span>< \/li>\n<li style=\"waga czcionki: 400;\" aria-level=\"1\"><span style=\"font-weight: 400;\">powodowanie uszkodze\u0144 system\u00f3w fizycznych i logicznych firmy COMPseniors, jej dostawc\u00f3w lub os\u00f3b trzecich, wprowadzanie lub rozprzestrzenianie wirus\u00f3w komputerowych lub jakichkolwiek innych system\u00f3w fizycznych lub logicznych co mo\u017ce spowodowa\u0107 wy\u017cej wymienione uszkodzenia? podejmowa\u0107 pr\u00f3b uzyskiwania dost\u0119pu i, w stosownych przypadkach, korzystania z kont e-mail innych u\u017cytkownik\u00f3w oraz manipulowania ich wiadomo\u015bciami. COMPseniors zastrzega sobie prawo do usuni\u0119cia wszelkich komentarzy i wpis\u00f3w naruszaj\u0105cych poszanowanie godno\u015bci osoby ludzkiej, dyskryminuj\u0105cych, ksenofobicznych, rasistowskich, pornograficznych, zagra\u017caj\u0105cych m\u0142odo\u015bci lub dzieci\u0144stwu, porz\u0105dkowi lub bezpiecze\u0144stwu publicznemu lub kt\u00f3re w jej ocenie s\u0105 nie nadaje si\u0119 do publikacji. W \u017cadnym wypadku COMPseniors nie b\u0119dzie ponosi\u0107 odpowiedzialno\u015bci za opinie wyra\u017cane przez u\u017cytkownik\u00f3w za po\u015brednictwem for\u00f3w, czat\u00f3w lub innych narz\u0119dzi uczestnictwa.<\/span><\/li>\n<\/ul>\n<p><b>W\u0142asno\u015b\u0107 intelektualna i przemys\u0142owa<\/b><\/p>\n<p><span style=\"font-weight: 400;\">COMPseniors jest w\u0142a\u015bcicielem wszelkich praw w\u0142asno\u015bci intelektualnej i przemys\u0142owej swojej strony internetowej oraz element\u00f3w w niej zawartych (w tymmi\u0119dzy innymi obrazy, d\u017awi\u0119k, audio, wideo, oprogramowanie lub teksty; znaki towarowe lub logo, kombinacje kolor\u00f3w, struktura i projekt, dob\u00f3r u\u017cytych materia\u0142\u00f3w, programy komputerowe niezb\u0119dne do jego dzia\u0142ania, dost\u0119p i u\u017cytkowanie itp.).<\/span><\/p>\n<p><span style=\"font-weight: 400;\">Wszelkie prawa zastrze\u017cone. Na mocy postanowie\u0144 artyku\u0142\u00f3w 8 i 32.1 akapit drugi Ustawy o w\u0142asno\u015bci intelektualnej, reprodukcja, dystrybucja i publiczne udost\u0119pnianie, w tym spos\u00f3b udost\u0119pniania, ca\u0142o\u015bci lub cz\u0119\u015bci zawarto\u015bci tej strony internetowej, w celach komercyjnych, w jakikolwiek spos\u00f3b za pomoc\u0105 jakichkolwiek \u015brodk\u00f3w technicznych s\u0105 wyra\u017anie zabronione bez zgody COMPseniors.<\/span><\/p>\n<p><span style=\"font-weight: 400;\">U\u017bYTKOWNIK zobowi\u0105zuje si\u0119 do przestrzegania praw w\u0142asno\u015bci intelektualnej i przemys\u0142owej przys\u0142uguj\u0105cych COMPseniors. U\u017bYTKOWNIK mo\u017ce przegl\u0105da\u0107 elementy portalu, a nawet drukowa\u0107, kopiowa\u0107 i przechowywa\u0107 je na dysku twardym swojego komputera lub na innym no\u015bniku fizycznym, o ile jest to wy\u0142\u0105cznie i wy\u0142\u0105cznie na jego osobisty i prywatny u\u017cytek. U\u017bYTKOWNIK ma obowi\u0105zek powstrzymywa\u0107 si\u0119 od usuwania, modyfikowania, omijania lub manipulowania jakimkolwiek urz\u0105dzeniem zabezpieczaj\u0105cym lub systemem bezpiecze\u0144stwa zainstalowanym na stronach COMPseniors.<\/span><\/p>\n<p><b>Wy\u0142\u0105czenie gwarancji i odpowiedzialno\u015bci<\/b><\/p>\n<p><span style=\"font-weight: 400;\">COMPseniors w \u017cadnym wypadku nie ponosi odpowiedzialno\u015bci za szkody jakiegokolwiek rodzaju, kt\u00f3re mog\u0105 powodowa\u0107 m.in.: b\u0142\u0119dy lub pomini\u0119cia w tre\u015bci, brak dost\u0119pno\u015bci portalu lub przeniesienia w jego tre\u015bci wirus\u00f3w b\u0105d\u017a z\u0142o\u015bliwych lub szkodliwych program\u00f3w, pomimo podj\u0119cia wszelkich niezb\u0119dnych \u015brodk\u00f3w technologicznych, aby temu zapobiec.<\/span><\/p>\n<p><b>Modyfikacje<\/b><\/p>\n<p><span style=\"font-weight: 400;\">COMPSeniors zastrzega sobie prawo do wprowadzania w swoim portalu niezapowiedzianych zmian, jakie uzna za stosowne, w tym mo\u017ce zmienia\u0107, usuwa\u0107 lub dodawa\u0107 tre\u015bci i us\u0142ugi udost\u0119pniane za po\u015brednictwem tego samego sposobu, w jaki s\u0105 one prezentowane lub zlokalizowane na jego portalu.<\/span><\/p>\n<p><b>Linki<\/b><\/p>\n<p><span style=\"font-weight: 400;\">W przypadku, gdy witryna zawiera \u0142\u0105cza lub hiper\u0142\u0105cza do innych witryn internetowych, COMPseniors nie sprawuje \u017cadnej kontroli nad takimi witrynami i tre\u015bciami. W \u017cadnym wypadku COMPseniors nie b\u0119dzie ponosi\u0107 \u017cadnej odpowiedzialno\u015bci za zawarto\u015b\u0107 link\u00f3w prowadz\u0105cych do zewn\u0119trznej strony internetowej ani nie gwarantuje dost\u0119pno\u015bci technicznej, jako\u015bci, niezawodno\u015bci, dok\u0142adno\u015bci, kompleksowo\u015bci, prawdziwo\u015bci, wa\u017cno\u015bci i konstytucyjno\u015bci jakichkolwiek materia\u0142\u00f3w lub informacji zawartych w kt\u00f3rymkolwiek z te hiper\u0142\u0105cza lub inne strony internetowe.<\/span><\/p>\n<p><span style=\"font-weight: 400;\">Podobnie w\u0142\u0105czenie tych po\u0142\u0105cze\u0144 zewn\u0119trznych nie oznacza \u017cadnego rodzaju stowarzysze\u0144, fuzji ani udzia\u0142u w powi\u0105zanych podmiotach.<\/span><\/p>\n<p><b>Prawo do wykluczenia<\/b><\/p>\n<p><span style=\"font-weight: 400;\">COMPSeniors zastrzega sobie prawo do odmowy lub wycofania dost\u0119pu do portalu i\/lub oferowanych us\u0142ug bez wcze\u015bniejszego powiadomienia, na w\u0142asne \u017c\u0105danie lub \u017c\u0105danie osoby trzeciej, w celu u\u017cytkownikom, kt\u00f3rzy nie przestrzegaj\u0105 niniejszych Og\u00f3lnych warunk\u00f3w u\u017cytkowania.<\/span><\/p>\n<p><b>Og\u00f3lne informacje<\/b><\/p>\n<p><span style=\"font-weight: 400;\">COMPSeniorzy b\u0119d\u0105 \u015bciga\u0107 naruszenie niniejszych warunk\u00f3w, a tak\u017ce wszelkie niew\u0142a\u015bciwe korzystanie z portalu, podejmuj\u0105c wszelkie dzia\u0142ania cywilne i karne, kt\u00f3re mog\u0105 im odpowiada\u0107 na mocy prawa.< \/rozpi\u0119to\u015b\u0107><\/p>\n<p><b>Modyfikacje niniejszych warunk\u00f3w i czasu trwania<\/b><\/p>\n<p><span style=\"font-weight: 400;\">COMPSeniorzy mog\u0105 w dowolnym momencie modyfikowa\u0107 warunki okre\u015blone w niniejszym dokumencie, po czym zostan\u0105 nale\u017cycie opublikowane w formie, w jakiej s\u0105 tutaj widoczne.<\/span><\/p>\n<p><span style=\"font-weight: 400;\">Wa\u017cno\u015b\u0107 powy\u017cszych warunk\u00f3w b\u0119dzie zale\u017ca\u0142a od ich ekspozycji i b\u0119d\u0105 obowi\u0105zywa\u0107 do czasu ich modyfikacji przez inne, nale\u017cycie opublikowane.<\/span><\/p >\n<p><b>Prawo obowi\u0105zuj\u0105ce i jurysdykcja<\/b><\/p>\n<p><span style=\"font-weight: 400;\">Relacja pomi\u0119dzy COMPseniorem a U\u017bYTKOWNIKIEM podlega obowi\u0105zuj\u0105cym przepisom hiszpa\u0144skim, a wszelkie spory b\u0119d\u0105 rozstrzygane przez s\u0105dy i trybuna\u0142y miasta wskazanego powy\u017cej.< \/rozpi\u0119to\u015b\u0107><\/p>\n<\/div>\n","protected":false},"excerpt":{"rendered":"<p>COMPseniors to firma, w kt\u00f3rej przejrzysto\u015b\u0107 informacji jest niezb\u0119dna do nawi\u0105zania relacji zaufania z osobami tworz\u0105cymi nasz projekt oraz z naszymi dostawcami i klientami, b\u0119d\u0105c ochrona danych osobowych os\u00f3b, kt\u00f3re nam zaufa\u0142y, jest dla nas niezwykle istotna, dlatego chcemy poprzez niniejsz\u0105 Polityk\u0119 Prywatno\u015bci i ochron\u0119 danych osobowych informowa\u0107 Ci\u0119 o tym, w jaki spos\u00f3b zbieramy&#8230;<\/p>\n","protected":false},"author":1,"featured_media":0,"parent":0,"menu_order":0,"comment_status":"closed","ping_status":"closed","template":"","meta":{"footnotes":""},"class_list":["post-8854","page","type-page","status-publish","hentry"],"_links":{"self":[{"href":"https:\/\/computationalseniors.eu\/pl\/wp-json\/wp\/v2\/pages\/8854","targetHints":{"allow":["GET"]}}],"collection":[{"href":"https:\/\/computationalseniors.eu\/pl\/wp-json\/wp\/v2\/pages"}],"about":[{"href":"https:\/\/computationalseniors.eu\/pl\/wp-json\/wp\/v2\/types\/page"}],"author":[{"embeddable":true,"href":"https:\/\/computationalseniors.eu\/pl\/wp-json\/wp\/v2\/users\/1"}],"replies":[{"embeddable":true,"href":"https:\/\/computationalseniors.eu\/pl\/wp-json\/wp\/v2\/comments?post=8854"}],"version-history":[{"count":2,"href":"https:\/\/computationalseniors.eu\/pl\/wp-json\/wp\/v2\/pages\/8854\/revisions"}],"predecessor-version":[{"id":8856,"href":"https:\/\/computationalseniors.eu\/pl\/wp-json\/wp\/v2\/pages\/8854\/revisions\/8856"}],"wp:attachment":[{"href":"https:\/\/computationalseniors.eu\/pl\/wp-json\/wp\/v2\/media?parent=8854"}],"curies":[{"name":"wp","href":"https:\/\/api.w.org\/{rel}","templated":true}]}}