{"id":8827,"date":"2025-01-16T09:03:29","date_gmt":"2025-01-16T09:03:29","guid":{"rendered":"https:\/\/compuseniors.berein.com\/?page_id=8827"},"modified":"2025-01-16T09:18:57","modified_gmt":"2025-01-16T09:18:57","slug":"informacja-prawna","status":"publish","type":"page","link":"https:\/\/computationalseniors.eu\/pl\/informacja-prawna\/","title":{"rendered":"INFORMACJA PRAWNA"},"content":{"rendered":"<div class=\"page_legal\">\n<h1 class=\"entry-title\">INFORMACJA PRAWNA<\/h1>\n<p>\nNiniejsza Nota prawna reguluje korzystanie z us\u0142ugi portalu internetowego <a href=\"https:\/\/computationalseniors.eu\">computationalseniors.eu<\/a>, kt\u00f3rego stron\u0105 odpowiedzialn\u0105 w celach identyfikacyjnych jest:<\/p>\n<ul>\n<li aria-level=\"1\">Odpowiedzialny: Dyrekcja ds. Zatrudnienia, Handlu i Turystyki DFA<\/li>\n<li aria-level=\"1\">Nazwa projektu: Seniorzy obliczeniowi<\/li>\n<li aria-level=\"1\">Adres: Plaza de la Provincia S\/N 01001 Vitoria (Alava)<\/li>\n<li aria-level=\"1\">Telefon: +34 945 18 18 07. Faks: 945 18 17<\/li>\n<li aria-level=\"1\">E-mail: <a href=\"mailto:belengonzalez@araba.eus\">belengonzalez@araba.eus<\/a><\/li>\n<\/ul>\n<p><b>Przepisy<\/b><\/p>\n<p>Og\u00f3lnie rzecz bior\u0105c, stosunki pomi\u0119dzy COMPSeniors a U\u017cytkownikami jej us\u0142ug telematycznych, obecnymi w Sieci, podlegaj\u0105 ustawodawstwu i jurysdykcji hiszpa\u0144skiej.<\/p>\n<p>Strony wyra\u017anie zrzekaj\u0105 si\u0119 wszelkiej innej jurysdykcji, kt\u00f3ra mo\u017ce im odpowiada\u0107 i wyra\u017anie poddaj\u0105 si\u0119 S\u0105dom i Trybuna\u0142om w Bilbao w celu rozstrzygni\u0119cia wszelkich spor\u00f3w, kt\u00f3re mog\u0105 wynikn\u0105\u0107 w zwi\u0105zku z interpretacj\u0105 lub wykonaniem niniejszych warunk\u00f3w umownych.<\/p>\n<p><b>Tre\u015b\u0107 i zastosowanie<\/b><\/p>\n<p>U\u017cytkownik zostaje poinformowany i akceptuje fakt, \u017ce dost\u0119p do tej witryny w \u017caden spos\u00f3b nie oznacza rozpocz\u0119cia relacji handlowej z COMPSeniors. W\u0142a\u015bciciel serwisu nie uto\u017csamia si\u0119 z opiniami wyra\u017canymi w nim przez jego wsp\u00f3\u0142pracownik\u00f3w. Firma zastrzega sobie prawo do wprowadzania w swojej witrynie wszelkich modyfikacji, jakie uzna za stosowne, bez uprzedniego powiadomienia, a tak\u017ce mo\u017ce zmienia\u0107, usuwa\u0107 lub dodawa\u0107 zar\u00f3wno tre\u015bci i us\u0142ugi udost\u0119pniane za po\u015brednictwem witryny, jak i spos\u00f3b ich prezentacji lub lokalizacji na jej serwerach.<\/p>\n<p><b>W\u0142asno\u015b\u0107 intelektualna i przemys\u0142owa<\/b><\/p>\n<p>Niniejsza Witryna internetowa i zawarte w niej tre\u015bci s\u0105 chronione przepisami prawa w\u0142asno\u015bci intelektualnej. Nie wolno ich wykorzystywa\u0107, powiela\u0107, rozpowszechnia\u0107, modyfikowa\u0107, przekazywa\u0107 publicznie, przekazywa\u0107 ani przekszta\u0142ca\u0107. Dost\u0119p do tej Witryny nie przyznaje u\u017cytkownikom \u017cadnych praw ani w\u0142asno\u015bci w zakresie praw w\u0142asno\u015bci intelektualnej do zawarto\u015bci tej Witryny.<\/p>\n<p>Tre\u015b\u0107 tej strony internetowej mo\u017ce zosta\u0107 pobrana na terminal u\u017cytkownika, pod warunkiem, \u017ce jest przeznaczona do u\u017cytku prywatnego i nie ma \u017cadnego celu komercyjnego; dlatego te\u017c zawarto\u015b\u0107 tej witryny nie mo\u017ce by\u0107 wykorzystywana, powielana, rozpowszechniana, modyfikowana, przekazywana publicznie, przekazywana, przekszta\u0142cana lub wykorzystywana do cel\u00f3w publicznych lub komercyjnych.<\/p>\n<p>Nazwa handlowa, znaki towarowe, logo, produkty i us\u0142ugi zawarte w niniejszym serwisie podlegaj\u0105 ochronie prawnej.<\/p>\n<p>COMPSeniors zastrzega sobie prawo do podj\u0119cia krok\u00f3w prawnych wobec U\u017cytkownik\u00f3w naruszaj\u0105cych lub naruszaj\u0105cych prawa w\u0142asno\u015bci intelektualnej.<\/p>\n<p><b>Linki<\/b><\/p>\n<p>Obecno\u015b\u0107 link\u00f3w na stronie internetowej COMPSeniors s\u0142u\u017cy wy\u0142\u0105cznie celom informacyjnym i w \u017cadnym przypadku nie oznacza sugestii, zaproszenia lub rekomendacji.\n<\/p><\/div>\n","protected":false},"excerpt":{"rendered":"<p>INFORMACJA PRAWNA Niniejsza Nota prawna reguluje korzystanie z us\u0142ugi portalu internetowego computationalseniors.eu, kt\u00f3rego stron\u0105 odpowiedzialn\u0105 w celach identyfikacyjnych jest: Odpowiedzialny: Dyrekcja ds. Zatrudnienia, Handlu i Turystyki DFA Nazwa projektu: Seniorzy obliczeniowi Adres: Plaza de la Provincia S\/N 01001 Vitoria (Alava) Telefon: +34 945 18 18 07. Faks: 945 18 17 E-mail: belengonzalez@araba.eus Przepisy Og\u00f3lnie rzecz&#8230;<\/p>\n","protected":false},"author":1,"featured_media":0,"parent":0,"menu_order":0,"comment_status":"closed","ping_status":"closed","template":"page-single.php","meta":{"footnotes":""},"class_list":["post-8827","page","type-page","status-publish","hentry"],"_links":{"self":[{"href":"https:\/\/computationalseniors.eu\/pl\/wp-json\/wp\/v2\/pages\/8827","targetHints":{"allow":["GET"]}}],"collection":[{"href":"https:\/\/computationalseniors.eu\/pl\/wp-json\/wp\/v2\/pages"}],"about":[{"href":"https:\/\/computationalseniors.eu\/pl\/wp-json\/wp\/v2\/types\/page"}],"author":[{"embeddable":true,"href":"https:\/\/computationalseniors.eu\/pl\/wp-json\/wp\/v2\/users\/1"}],"replies":[{"embeddable":true,"href":"https:\/\/computationalseniors.eu\/pl\/wp-json\/wp\/v2\/comments?post=8827"}],"version-history":[{"count":3,"href":"https:\/\/computationalseniors.eu\/pl\/wp-json\/wp\/v2\/pages\/8827\/revisions"}],"predecessor-version":[{"id":8839,"href":"https:\/\/computationalseniors.eu\/pl\/wp-json\/wp\/v2\/pages\/8827\/revisions\/8839"}],"wp:attachment":[{"href":"https:\/\/computationalseniors.eu\/pl\/wp-json\/wp\/v2\/media?parent=8827"}],"curies":[{"name":"wp","href":"https:\/\/api.w.org\/{rel}","templated":true}]}}