{"id":8620,"date":"2024-06-10T10:36:51","date_gmt":"2024-06-10T10:36:51","guid":{"rendered":"https:\/\/compuseniors.berein.com\/wyniki\/"},"modified":"2026-03-13T09:33:35","modified_gmt":"2026-03-13T09:33:35","slug":"wyniki","status":"publish","type":"page","link":"https:\/\/computationalseniors.eu\/pl\/wyniki\/","title":{"rendered":"Wyniki"},"content":{"rendered":"\t\t<div data-elementor-type=\"wp-page\" data-elementor-id=\"8620\" class=\"elementor elementor-8620 elementor-1402\" data-elementor-post-type=\"page\">\n\t\t\t\t\r\n\r\n\r\n<div class=\"elementor-element elementor-element-2a71a88 e-con-full about__section__two e-flex e-con e-parent\" data-id=\"2a71a88\" data-element_type=\"container\">\n\t\t\t\t<div class=\"elementor-element elementor-element-df93bb3 elementor-absolute elementor-widget elementor-widget-tp-image-showcase\" data-id=\"df93bb3\" data-element_type=\"widget\" data-settings=\"{&quot;_position&quot;:&quot;absolute&quot;}\" data-widget_type=\"tp-image-showcase.default\">\n\t\t\t\t<div class=\"elementor-widget-container\">\n\t\t\t\t\t                        <div class=\"themephi-image no\">\r\n                                            <img decoding=\"async\" class=\"themephi-multi-image  image-rotate image-scale\" src=\"https:\/\/softivuslab.com\/wp\/intellicon\/wp-content\/uploads\/2024\/06\/null-dimond.png\" alt=\"image\"\/>\r\n                                    <\/div>\r\n                    \r\n               \r\n    \t\t\t\t<\/div>\n\t\t\t\t<\/div>\n\t\t\t\t<div class=\"elementor-element elementor-element-5e5218a elementor-absolute elementor-widget elementor-widget-tp-image-showcase\" data-id=\"5e5218a\" data-element_type=\"widget\" data-settings=\"{&quot;_position&quot;:&quot;absolute&quot;}\" data-widget_type=\"tp-image-showcase.default\">\n\t\t\t\t<div class=\"elementor-widget-container\">\n\t\t\t\t\t                        <div class=\"themephi-image no\">\r\n                                            <img decoding=\"async\" class=\"themephi-multi-image  image-rotate image-scale\" src=\"https:\/\/softivuslab.com\/wp\/intellicon\/wp-content\/uploads\/2024\/06\/blumb.png\" alt=\"image\"\/>\r\n                                    <\/div>\r\n                    \r\n               \r\n    \t\t\t\t<\/div>\n\t\t\t\t<\/div>\n\t\t\t\t<div class=\"elementor-element elementor-element-fd81ff4 elementor-absolute elementor-widget elementor-widget-tp-image-showcase\" data-id=\"fd81ff4\" data-element_type=\"widget\" data-settings=\"{&quot;_position&quot;:&quot;absolute&quot;}\" data-widget_type=\"tp-image-showcase.default\">\n\t\t\t\t<div class=\"elementor-widget-container\">\n\t\t\t\t\t                        <div class=\"themephi-image no\">\r\n                                            <img decoding=\"async\" class=\"themephi-multi-image  image-rotate image-scale\" src=\"https:\/\/softivuslab.com\/wp\/intellicon\/wp-content\/uploads\/2024\/06\/3dround.png\" alt=\"image\"\/>\r\n                                    <\/div>\r\n                    \r\n               \r\n    \t\t\t\t<\/div>\n\t\t\t\t<\/div>\n\t\t\t\t<div class=\"elementor-element elementor-element-7806174 elementor-absolute elementor-widget elementor-widget-tp-image-showcase\" data-id=\"7806174\" data-element_type=\"widget\" data-settings=\"{&quot;_position&quot;:&quot;absolute&quot;}\" data-widget_type=\"tp-image-showcase.default\">\n\t\t\t\t<div class=\"elementor-widget-container\">\n\t\t\t\t\t                        <div class=\"themephi-image no\">\r\n                                            <img decoding=\"async\" class=\"themephi-multi-image  image-rotate image-scale\" src=\"https:\/\/softivuslab.com\/wp\/intellicon\/wp-content\/uploads\/2024\/06\/ball3d.png\" alt=\"image\"\/>\r\n                                    <\/div>\r\n                    \r\n               \r\n    \t\t\t\t<\/div>\n\t\t\t\t<\/div>\n\t\t<div class=\"elementor-element elementor-element-cd9fa1a container e-flex e-con-boxed e-con e-child\" data-id=\"cd9fa1a\" data-element_type=\"container\">\n\t\t\t\t\t<div class=\"e-con-inner\">\n\t\t<div class=\"elementor-element elementor-element-712e52f elementor-hidden-tablet elementor-hidden-mobile e-con-full e-flex e-con e-child\" data-id=\"712e52f\" data-element_type=\"container\">\n\t\t\t\t<div class=\"elementor-element elementor-element-d7dcf25 elementor-widget elementor-widget-image\" data-id=\"d7dcf25\" data-element_type=\"widget\" data-widget_type=\"image.default\">\n\t\t\t\t<div class=\"elementor-widget-container\">\n\t\t\t\t\t\t\t\t\t\t\t\t\t\t\t<img fetchpriority=\"high\" decoding=\"async\" width=\"640\" height=\"166\" src=\"https:\/\/computationalseniors.eu\/wp-content\/uploads\/2025\/01\/cc_logo.png\" class=\"attachment-large size-large wp-image-8316\" alt=\"\" srcset=\"https:\/\/computationalseniors.eu\/wp-content\/uploads\/2025\/01\/cc_logo.png 1024w, https:\/\/computationalseniors.eu\/wp-content\/uploads\/2025\/01\/cc_logo-300x78.png 300w, https:\/\/computationalseniors.eu\/wp-content\/uploads\/2025\/01\/cc_logo-768x199.png 768w\" sizes=\"(max-width: 640px) 100vw, 640px\" \/>\t\t\t\t\t\t\t\t\t\t\t\t\t\t\t<\/div>\n\t\t\t\t<\/div>\n\t\t\t\t<\/div>\n\t\t<div class=\"elementor-element elementor-element-339caf6 e-con-full e-flex e-con e-child\" data-id=\"339caf6\" data-element_type=\"container\">\n\t\t\t\t<div class=\"elementor-element elementor-element-3861a00 elementor-widget elementor-widget-heading\" data-id=\"3861a00\" data-element_type=\"widget\" data-widget_type=\"heading.default\">\n\t\t\t\t<div class=\"elementor-widget-container\">\n\t\t\t\t\t<h2 class=\"elementor-heading-title elementor-size-default\">Licencjonowanie<\/h2>\t\t\t\t<\/div>\n\t\t\t\t<\/div>\n\t\t\t\t<div class=\"elementor-element elementor-element-ac9d42a elementor-widget elementor-widget-text-editor\" data-id=\"ac9d42a\" data-element_type=\"widget\" data-widget_type=\"text-editor.default\">\n\t\t\t\t<div class=\"elementor-widget-container\">\n\t\t\t\t\t\t\t\t\t<p>Zasoby szkoleniowe COMPutational Seniors s\u0105 opracowywane i oferowane na licencji Creative Commons, co oznacza, \u017ce s\u0105 to otwarte i bezp\u0142atne zasoby edukacyjne.<\/p>\n<p>Zosta\u0142y r\u00f3wnie\u017c opracowane w wersji edytowalnej i wielokrotnego u\u017cytku (Creative Commons Logo). Zosta\u0142y zaprojektowane z innowacyjnej perspektywy pedagogicznej, kt\u00f3ra \u0142\u0105czy r\u00f3\u017cne metodologie maj\u0105ce na celu umieszczenie osoby w centrum procesu szkoleniowego.<\/p>\n<p>Oczywi\u015bcie mog\u0105 by\u0107 u\u017cywane razem lub niezale\u017cnie, w tym Podr\u0119cznik u\u017cytkownika, kt\u00f3ry u\u0142atwia ich wdra\u017canie w r\u00f3\u017cnych \u015brodowiskach i \u015brodowiskach uczenia si\u0119.<\/p>\n\t\t\t\t\t\t\t\t<\/div>\n\t\t\t\t<\/div>\n\t\t\t\t<\/div>\n\t\t\t\t\t<\/div>\n\t\t\t\t<\/div>\n\t\t\t\t<\/div>\n\t\t<div class=\"elementor-element elementor-element-d351917 e-con-full includeai__section bgsection e-flex e-con e-parent\" data-id=\"d351917\" data-element_type=\"container\">\n\t\t\t\t<div class=\"elementor-element elementor-element-fbefd89 elementor-absolute elementor-widget elementor-widget-tp-image-showcase\" data-id=\"fbefd89\" data-element_type=\"widget\" data-settings=\"{&quot;_position&quot;:&quot;absolute&quot;}\" data-widget_type=\"tp-image-showcase.default\">\n\t\t\t\t<div class=\"elementor-widget-container\">\n\t\t\t\t\t                        <div class=\"themephi-image no\">\r\n                                            <img decoding=\"async\" class=\"themephi-multi-image  image-rotate image-scale\" src=\"https:\/\/softivuslab.com\/wp\/intellicon\/wp-content\/uploads\/2024\/06\/null-dimond.png\" alt=\"image\"\/>\r\n                                    <\/div>\r\n                    \r\n               \r\n    \t\t\t\t<\/div>\n\t\t\t\t<\/div>\n\t\t\t\t<div class=\"elementor-element elementor-element-c17fa6b elementor-absolute elementor-widget elementor-widget-tp-image-showcase\" data-id=\"c17fa6b\" data-element_type=\"widget\" data-settings=\"{&quot;_position&quot;:&quot;absolute&quot;}\" data-widget_type=\"tp-image-showcase.default\">\n\t\t\t\t<div class=\"elementor-widget-container\">\n\t\t\t\t\t                        <div class=\"themephi-image no\">\r\n                                            <img decoding=\"async\" class=\"themephi-multi-image  image-rotate image-scale\" src=\"https:\/\/softivuslab.com\/wp\/intellicon\/wp-content\/uploads\/2024\/06\/blumb.png\" alt=\"image\"\/>\r\n                                    <\/div>\r\n                    \r\n               \r\n    \t\t\t\t<\/div>\n\t\t\t\t<\/div>\n\t\t\t\t<div class=\"elementor-element elementor-element-a4eba33 elementor-absolute elementor-widget elementor-widget-tp-image-showcase\" data-id=\"a4eba33\" data-element_type=\"widget\" data-settings=\"{&quot;_position&quot;:&quot;absolute&quot;}\" data-widget_type=\"tp-image-showcase.default\">\n\t\t\t\t<div class=\"elementor-widget-container\">\n\t\t\t\t\t                        <div class=\"themephi-image no\">\r\n                                            <img decoding=\"async\" class=\"themephi-multi-image  image-rotate image-scale\" src=\"https:\/\/softivuslab.com\/wp\/intellicon\/wp-content\/uploads\/2024\/06\/3dround.png\" alt=\"image\"\/>\r\n                                    <\/div>\r\n                    \r\n               \r\n    \t\t\t\t<\/div>\n\t\t\t\t<\/div>\n\t\t\t\t<div class=\"elementor-element elementor-element-d5264d6 elementor-absolute elementor-widget elementor-widget-tp-image-showcase\" data-id=\"d5264d6\" data-element_type=\"widget\" data-settings=\"{&quot;_position&quot;:&quot;absolute&quot;}\" data-widget_type=\"tp-image-showcase.default\">\n\t\t\t\t<div class=\"elementor-widget-container\">\n\t\t\t\t\t                        <div class=\"themephi-image no\">\r\n                                            <img decoding=\"async\" class=\"themephi-multi-image  image-rotate image-scale\" src=\"https:\/\/softivuslab.com\/wp\/intellicon\/wp-content\/uploads\/2024\/06\/ball3d.png\" alt=\"image\"\/>\r\n                                    <\/div>\r\n                    \r\n               \r\n    \t\t\t\t<\/div>\n\t\t\t\t<\/div>\n\t\t\t\t<div class=\"elementor-element elementor-element-e9c8787 elementor-absolute elementor-widget elementor-widget-tp-image-showcase\" data-id=\"e9c8787\" data-element_type=\"widget\" data-settings=\"{&quot;_position&quot;:&quot;absolute&quot;}\" data-widget_type=\"tp-image-showcase.default\">\n\t\t\t\t<div class=\"elementor-widget-container\">\n\t\t\t\t\t                        <div class=\"themephi-image no\">\r\n                                            <img decoding=\"async\" class=\"themephi-multi-image   image-scale\" src=\"https:\/\/softivuslab.com\/wp\/intellicon\/wp-content\/uploads\/2024\/06\/include-element.png\" alt=\"image\"\/>\r\n                                    <\/div>\r\n                    \r\n               \r\n    \t\t\t\t<\/div>\n\t\t\t\t<\/div>\n\t\t<div class=\"elementor-element elementor-element-165cc6c container e-flex e-con-boxed e-con e-child\" data-id=\"165cc6c\" data-element_type=\"container\">\n\t\t\t\t\t<div class=\"e-con-inner\">\n\t\t<div class=\"elementor-element elementor-element-5007dd2 e-flex e-con-boxed e-con e-child\" data-id=\"5007dd2\" data-element_type=\"container\">\n\t\t\t\t\t<div class=\"e-con-inner\">\n\t\t\t\t<div class=\"elementor-element elementor-element-396afd9 elementor-widget__width-auto elementor-widget elementor-widget-heading\" data-id=\"396afd9\" data-element_type=\"widget\" data-widget_type=\"heading.default\">\n\t\t\t\t<div class=\"elementor-widget-container\">\n\t\t\t\t\t<h2 class=\"elementor-heading-title elementor-size-default\">Otwarte zasoby edukacyjne COMPutational Seniors dla trener\u00f3w doros\u0142ych<\/h2>\t\t\t\t<\/div>\n\t\t\t\t<\/div>\n\t\t\t\t<div class=\"elementor-element elementor-element-1dc77ae elementor-widget__width-initial elementor-widget elementor-widget-text-editor\" data-id=\"1dc77ae\" data-element_type=\"widget\" data-widget_type=\"text-editor.default\">\n\t\t\t\t<div class=\"elementor-widget-container\">\n\t\t\t\t\t\t\t\t\t<p>Otwarte zasoby edukacyjne COMputational Seniors s\u0105 zorganizowane zgodnie z modu\u0142ow\u0105 struktur\u0105, kt\u00f3ra obejmuje praktyczne dzia\u0142ania i narz\u0119dzia do samooceny.<\/p><p><a href=\"https:\/\/computationalseniors.eu\/wp-content\/uploads\/2025\/09\/PL_OER-1.zip\" target=\"_blank\" rel=\"noopener\">Tutaj mo\u017cna uzyska\u0107 dost\u0119p do kursu w wersji PDF<\/a><br \/><a href=\"https:\/\/computationalseniors.eu\/pl\/otwarte-zasoby-edukacyjne\/\" target=\"_blank\" rel=\"noopener\">Tutaj mo\u017cna uzyska\u0107 dost\u0119p do kursu w wersji SCORM<\/a><br \/><a href=\"https:\/\/computationalseniors.eu\/wp-content\/uploads\/2025\/09\/COMPSENIORS-OERS-USER-GUIDE-PL.pdf\" target=\"_blank\" rel=\"noopener\">Tutaj mo\u017cna uzyska\u0107 dost\u0119p do instrukcji obs\u0142ugi<\/a><\/p>\t\t\t\t\t\t\t\t<\/div>\n\t\t\t\t<\/div>\n\t\t\t\t\t<\/div>\n\t\t\t\t<\/div>\n\t\t\t\t\t<\/div>\n\t\t\t\t<\/div>\n\t\t\t\t<\/div>\n\t\t<div class=\"elementor-element elementor-element-02d41ab e-con-full project__count e-flex e-con e-parent\" data-id=\"02d41ab\" data-element_type=\"container\" data-settings=\"{&quot;background_background&quot;:&quot;classic&quot;}\">\n\t\t<div class=\"elementor-element elementor-element-1528fd3 container e-flex e-con-boxed e-con e-child\" data-id=\"1528fd3\" data-element_type=\"container\">\n\t\t\t\t\t<div class=\"e-con-inner\">\n\t\t<div class=\"elementor-element elementor-element-a668f87 e-flex e-con-boxed e-con e-child\" data-id=\"a668f87\" data-element_type=\"container\">\n\t\t\t\t\t<div class=\"e-con-inner\">\n\t\t\t\t<div class=\"elementor-element elementor-element-a47eb86 elementor-widget__width-auto elementor-widget elementor-widget-heading\" data-id=\"a47eb86\" data-element_type=\"widget\" data-widget_type=\"heading.default\">\n\t\t\t\t<div class=\"elementor-widget-container\">\n\t\t\t\t\t<h2 class=\"elementor-heading-title elementor-size-default\">E-przewodnik COMPutational Seniors dla trener\u00f3w os\u00f3b doros\u0142ych<\/h2>\t\t\t\t<\/div>\n\t\t\t\t<\/div>\n\t\t\t\t<div class=\"elementor-element elementor-element-f7d6feb elementor-widget__width-initial elementor-widget elementor-widget-text-editor\" data-id=\"f7d6feb\" data-element_type=\"widget\" data-widget_type=\"text-editor.default\">\n\t\t\t\t<div class=\"elementor-widget-container\">\n\t\t\t\t\t\t\t\t\t<p>E-przewodnik jest propozycj\u0105 pedagogiczn\u0105 zaprojektowan\u0105 w celu poprowadzenia trener\u00f3w w zakresie wykorzystania i integracji my\u015blenia komputacyjnego w projektowaniu, przygotowywaniu i rozwijaniu ich tras szkoleniowych dla doros\u0142ych zar\u00f3wno w \u015brodowiskach formalnych, jak i pozaformalnych. Zawiera zalecenia, praktyczne przypadki i scenariusze nauczania, a tak\u017ce zasoby do pracy ze szczeg\u00f3lnie wra\u017cliwymi grupami doros\u0142ych.<\/p><p><a href=\"https:\/\/computationalseniors.eu\/pl\/e-guide\/\"><span lang=\"EN-US\">Tutaj mo\u017cna uzyska\u0107 dost\u0119p do e-przewodnika.<\/span><\/a><\/p>\t\t\t\t\t\t\t\t<\/div>\n\t\t\t\t<\/div>\n\t\t\t\t\t<\/div>\n\t\t\t\t<\/div>\n\t\t\t\t\t<\/div>\n\t\t\t\t<\/div>\n\t\t\t\t<\/div>\n\t\t<div class=\"elementor-element elementor-element-73d907d e-con-full real__world bgsection e-flex e-con e-parent\" data-id=\"73d907d\" data-element_type=\"container\" data-settings=\"{&quot;background_background&quot;:&quot;classic&quot;}\">\n\t\t\t\t<div class=\"elementor-element elementor-element-7da7fc5 elementor-absolute elementor-widget elementor-widget-tp-image-showcase\" data-id=\"7da7fc5\" data-element_type=\"widget\" data-settings=\"{&quot;_position&quot;:&quot;absolute&quot;}\" data-widget_type=\"tp-image-showcase.default\">\n\t\t\t\t<div class=\"elementor-widget-container\">\n\t\t\t\t\t                        <div class=\"themephi-image no\">\r\n                                            <img decoding=\"async\" class=\"themephi-multi-image  image-rotate image-scale\" src=\"https:\/\/softivuslab.com\/wp\/intellicon\/wp-content\/uploads\/2024\/06\/blumb.png\" alt=\"image\"\/>\r\n                                    <\/div>\r\n                    \r\n               \r\n    \t\t\t\t<\/div>\n\t\t\t\t<\/div>\n\t\t\t\t<div class=\"elementor-element elementor-element-d269ee2 elementor-absolute elementor-widget elementor-widget-tp-image-showcase\" data-id=\"d269ee2\" data-element_type=\"widget\" data-settings=\"{&quot;_position&quot;:&quot;absolute&quot;}\" data-widget_type=\"tp-image-showcase.default\">\n\t\t\t\t<div class=\"elementor-widget-container\">\n\t\t\t\t\t                        <div class=\"themephi-image no\">\r\n                                            <img decoding=\"async\" class=\"themephi-multi-image  image-rotate image-scale\" src=\"https:\/\/softivuslab.com\/wp\/intellicon\/wp-content\/uploads\/2024\/06\/blumb.png\" alt=\"image\"\/>\r\n                                    <\/div>\r\n                    \r\n               \r\n    \t\t\t\t<\/div>\n\t\t\t\t<\/div>\n\t\t\t\t<div class=\"elementor-element elementor-element-b2acc91 elementor-absolute elementor-widget elementor-widget-tp-image-showcase\" data-id=\"b2acc91\" data-element_type=\"widget\" data-settings=\"{&quot;_position&quot;:&quot;absolute&quot;}\" data-widget_type=\"tp-image-showcase.default\">\n\t\t\t\t<div class=\"elementor-widget-container\">\n\t\t\t\t\t                        <div class=\"themephi-image no\">\r\n                                            <img decoding=\"async\" class=\"themephi-multi-image   image-scale\" src=\"https:\/\/softivuslab.com\/wp\/intellicon\/wp-content\/uploads\/2024\/06\/include-element.png\" alt=\"image\"\/>\r\n                                    <\/div>\r\n                    \r\n               \r\n    \t\t\t\t<\/div>\n\t\t\t\t<\/div>\n\t\t\t\t<div class=\"elementor-element elementor-element-1cc2a0f elementor-absolute elementor-widget elementor-widget-tp-image-showcase\" data-id=\"1cc2a0f\" data-element_type=\"widget\" data-settings=\"{&quot;_position&quot;:&quot;absolute&quot;}\" data-widget_type=\"tp-image-showcase.default\">\n\t\t\t\t<div class=\"elementor-widget-container\">\n\t\t\t\t\t                        <div class=\"themephi-image no\">\r\n                                            <img decoding=\"async\" class=\"themephi-multi-image   image-scale\" src=\"https:\/\/softivuslab.com\/wp\/intellicon\/wp-content\/uploads\/2024\/06\/real.png\" alt=\"image\"\/>\r\n                                    <\/div>\r\n                    \r\n               \r\n    \t\t\t\t<\/div>\n\t\t\t\t<\/div>\n\t\t<div class=\"elementor-element elementor-element-2868b7a container e-flex e-con-boxed e-con e-child\" data-id=\"2868b7a\" data-element_type=\"container\">\n\t\t\t\t\t<div class=\"e-con-inner\">\n\t\t<div class=\"elementor-element elementor-element-a207b9f e-flex e-con-boxed e-con e-child\" data-id=\"a207b9f\" data-element_type=\"container\">\n\t\t\t\t\t<div class=\"e-con-inner\">\n\t\t\t\t<div class=\"elementor-element elementor-element-f3b9c90 elementor-widget__width-initial elementor-widget elementor-widget-heading\" data-id=\"f3b9c90\" data-element_type=\"widget\" data-widget_type=\"heading.default\">\n\t\t\t\t<div class=\"elementor-widget-container\">\n\t\t\t\t\t<h2 class=\"elementor-heading-title elementor-size-default\">COMPutational Seniors Learning Box of Unplugged Activities (Zestaw edukacyjny dla senior\u00f3w COMPutational)<\/h2>\t\t\t\t<\/div>\n\t\t\t\t<\/div>\n\t\t\t\t<div class=\"elementor-element elementor-element-597018d elementor-widget__width-initial elementor-widget elementor-widget-text-editor\" data-id=\"597018d\" data-element_type=\"widget\" data-widget_type=\"text-editor.default\">\n\t\t\t\t<div class=\"elementor-widget-container\">\n\t\t\t\t\t\t\t\t\t<p>Zapoznaj si\u0119 z materia\u0142ami upowszechniaj\u0105cymi COMPutational Seniors tutaj, udost\u0119pnij je i pom\u00f3\u017c nam zwi\u0119kszy\u0107 ich widoczno\u015b\u0107. COMPutational Seniors anga\u017cuje si\u0119 w cyrkularne i zr\u00f3wnowa\u017cone zarz\u0105dzanie projektami, dlatego ka\u017cdy zas\u00f3b zawiera kod QR, kt\u00f3ry pozwoli ci na szybki i \u0142atwy dost\u0119p do wszystkich informacji bez konieczno\u015bci drukowania papieru.<\/p>\n\t\t\t\t\t\t\t\t<\/div>\n\t\t\t\t<\/div>\n\t\t\t\t\t<\/div>\n\t\t\t\t<\/div>\n\t\t\t\t\t<\/div>\n\t\t\t\t<\/div>\n\t\t\t\t<\/div>\n\t\t\t\t<\/div>\n\t\t","protected":false},"excerpt":{"rendered":"<p>Licencjonowanie Zasoby szkoleniowe COMPutational Seniors s\u0105 opracowywane i oferowane na licencji Creative Commons, co oznacza, \u017ce s\u0105 to otwarte i bezp\u0142atne zasoby edukacyjne. Zosta\u0142y r\u00f3wnie\u017c opracowane w wersji edytowalnej i wielokrotnego u\u017cytku (Creative Commons Logo). Zosta\u0142y zaprojektowane z innowacyjnej perspektywy pedagogicznej, kt\u00f3ra \u0142\u0105czy r\u00f3\u017cne metodologie maj\u0105ce na celu umieszczenie osoby w centrum procesu szkoleniowego. Oczywi\u015bcie&#8230;<\/p>\n","protected":false},"author":1,"featured_media":0,"parent":0,"menu_order":0,"comment_status":"closed","ping_status":"closed","template":"elementor_header_footer","meta":{"footnotes":""},"class_list":["post-8620","page","type-page","status-publish","hentry"],"_links":{"self":[{"href":"https:\/\/computationalseniors.eu\/pl\/wp-json\/wp\/v2\/pages\/8620","targetHints":{"allow":["GET"]}}],"collection":[{"href":"https:\/\/computationalseniors.eu\/pl\/wp-json\/wp\/v2\/pages"}],"about":[{"href":"https:\/\/computationalseniors.eu\/pl\/wp-json\/wp\/v2\/types\/page"}],"author":[{"embeddable":true,"href":"https:\/\/computationalseniors.eu\/pl\/wp-json\/wp\/v2\/users\/1"}],"replies":[{"embeddable":true,"href":"https:\/\/computationalseniors.eu\/pl\/wp-json\/wp\/v2\/comments?post=8620"}],"version-history":[{"count":13,"href":"https:\/\/computationalseniors.eu\/pl\/wp-json\/wp\/v2\/pages\/8620\/revisions"}],"predecessor-version":[{"id":10321,"href":"https:\/\/computationalseniors.eu\/pl\/wp-json\/wp\/v2\/pages\/8620\/revisions\/10321"}],"wp:attachment":[{"href":"https:\/\/computationalseniors.eu\/pl\/wp-json\/wp\/v2\/media?parent=8620"}],"curies":[{"name":"wp","href":"https:\/\/api.w.org\/{rel}","templated":true}]}}