{"id":8613,"date":"2024-07-10T11:30:42","date_gmt":"2024-07-10T11:30:42","guid":{"rendered":"https:\/\/compuseniors.berein.com\/partnerzy\/"},"modified":"2025-01-14T08:33:53","modified_gmt":"2025-01-14T08:33:53","slug":"partnerzy","status":"publish","type":"page","link":"https:\/\/computationalseniors.eu\/pl\/partnerzy\/","title":{"rendered":"Partnerzy"},"content":{"rendered":"\t\t<div data-elementor-type=\"wp-page\" data-elementor-id=\"8613\" class=\"elementor elementor-8613 elementor-6108\" data-elementor-post-type=\"page\">\n\t\t\t\t<div class=\"elementor-element elementor-element-4a6136a e-flex e-con-boxed e-con e-parent\" data-id=\"4a6136a\" data-element_type=\"container\">\n\t\t\t\t\t<div class=\"e-con-inner\">\n\t\t\t\t<div class=\"elementor-element elementor-element-cf457f5 elementor-widget elementor-widget-heading\" data-id=\"cf457f5\" data-element_type=\"widget\" data-widget_type=\"heading.default\">\n\t\t\t\t<div class=\"elementor-widget-container\">\n\t\t\t\t\t<h3 class=\"elementor-heading-title elementor-size-default\">Konsorcjum projektu COMPutational Seniors sk\u0142ada si\u0119 z nast\u0119puj\u0105cych partner\u00f3w.<\/h3>\t\t\t\t<\/div>\n\t\t\t\t<\/div>\n\t\t\t\t\t<\/div>\n\t\t\t\t<\/div>\n\t\t<div class=\"elementor-element elementor-element-8fc9e1a e-grid e-con-boxed e-con e-parent\" data-id=\"8fc9e1a\" data-element_type=\"container\">\n\t\t\t\t\t<div class=\"e-con-inner\">\n\t\t<div class=\"elementor-element elementor-element-e93f92f e-con-full e-flex e-con e-child\" data-id=\"e93f92f\" data-element_type=\"container\">\n\t\t\t\t<div class=\"elementor-element elementor-element-2f8c4b0 elementor-widget elementor-widget-image\" data-id=\"2f8c4b0\" data-element_type=\"widget\" data-widget_type=\"image.default\">\n\t\t\t\t<div class=\"elementor-widget-container\">\n\t\t\t\t\t\t\t\t\t\t\t\t\t\t\t<img fetchpriority=\"high\" decoding=\"async\" width=\"530\" height=\"400\" src=\"https:\/\/computationalseniors.eu\/wp-content\/uploads\/2025\/01\/mediacreativa-1.png\" class=\"attachment-large size-large wp-image-8221\" alt=\"\" srcset=\"https:\/\/computationalseniors.eu\/wp-content\/uploads\/2025\/01\/mediacreativa-1.png 530w, https:\/\/computationalseniors.eu\/wp-content\/uploads\/2025\/01\/mediacreativa-1-300x226.png 300w\" sizes=\"(max-width: 530px) 100vw, 530px\" \/>\t\t\t\t\t\t\t\t\t\t\t\t\t\t\t<\/div>\n\t\t\t\t<\/div>\n\t\t\t\t<div class=\"elementor-element elementor-element-0bee362 elementor-widget elementor-widget-heading\" data-id=\"0bee362\" data-element_type=\"widget\" data-widget_type=\"heading.default\">\n\t\t\t\t<div class=\"elementor-widget-container\">\n\t\t\t\t\t<h4 class=\"elementor-heading-title elementor-size-default\">Media Creativa<\/h4>\t\t\t\t<\/div>\n\t\t\t\t<\/div>\n\t\t\t\t<div class=\"elementor-element elementor-element-680d443 elementor-widget elementor-widget-text-editor\" data-id=\"680d443\" data-element_type=\"widget\" data-widget_type=\"text-editor.default\">\n\t\t\t\t<div class=\"elementor-widget-container\">\n\t\t\t\t\t\t\t\t\t<p>Media Creativa (MC) jest wynikiem ponad 20 lat do\u015bwiadcze\u0144, wyzwa\u0144 i wniosk\u00f3w wyci\u0105gni\u0119tych przez interdyscyplinarn\u0105 grup\u0119 profesjonalist\u00f3w, kt\u00f3rych \u0142\u0105czy wsp\u00f3lna pasja: innowacje edukacyjne.<\/p>\n<p>MC pracuje nad wniesieniem warto\u015bci do przestrzeni edukacyjnych, badaj\u0105c, projektuj\u0105c i rozwijaj\u0105c r\u00f3\u017cne oferty szkoleniowe, inspirowane innowacyjnymi metodologiami i podej\u015bciami pedagogicznymi, takimi jak storytelling (w tym storytelling cyfrowy), szkolenia problemowe, grywalizacja, nauka oparta na grach itp.<\/p>\n<p>Koncentruj\u0105c si\u0119 na wykorzystaniu pe\u0142nego potencja\u0142u oferowanego przez nowe technologie, projektowanie innowacyjnych podej\u015b\u0107 pedagogicznych jest stosowane w \u015brodowiskach formalnych, pozaformalnych i nieformalnych.<\/p>\n\t\t\t\t\t\t\t\t<\/div>\n\t\t\t\t<\/div>\n\t\t\t\t<div class=\"elementor-element elementor-element-49b62d2 elementor-widget elementor-widget-text-editor\" data-id=\"49b62d2\" data-element_type=\"widget\" data-widget_type=\"text-editor.default\">\n\t\t\t\t<div class=\"elementor-widget-container\">\n\t\t\t\t\t\t\t\t\t<p><a href=\"https:\/\/mediacreativa.eu\/\" target=\"_blank\" rel=\"noopener\">Czytaj wi\u0119cej &gt;&gt;<\/a><\/p>\n\t\t\t\t\t\t\t\t<\/div>\n\t\t\t\t<\/div>\n\t\t\t\t<\/div>\n\t\t<div class=\"elementor-element elementor-element-31d4fed e-con-full e-flex e-con e-child\" data-id=\"31d4fed\" data-element_type=\"container\">\n\t\t\t\t<div class=\"elementor-element elementor-element-89cac0a elementor-widget elementor-widget-image\" data-id=\"89cac0a\" data-element_type=\"widget\" data-widget_type=\"image.default\">\n\t\t\t\t<div class=\"elementor-widget-container\">\n\t\t\t\t\t\t\t\t\t\t\t\t\t\t\t<img decoding=\"async\" width=\"530\" height=\"400\" src=\"https:\/\/computationalseniors.eu\/wp-content\/uploads\/2025\/01\/diputacion_alava.png\" class=\"attachment-large size-large wp-image-8226\" alt=\"\" srcset=\"https:\/\/computationalseniors.eu\/wp-content\/uploads\/2025\/01\/diputacion_alava.png 530w, https:\/\/computationalseniors.eu\/wp-content\/uploads\/2025\/01\/diputacion_alava-300x226.png 300w\" sizes=\"(max-width: 530px) 100vw, 530px\" \/>\t\t\t\t\t\t\t\t\t\t\t\t\t\t\t<\/div>\n\t\t\t\t<\/div>\n\t\t\t\t<div class=\"elementor-element elementor-element-c73cbe8 elementor-widget elementor-widget-heading\" data-id=\"c73cbe8\" data-element_type=\"widget\" data-widget_type=\"heading.default\">\n\t\t\t\t<div class=\"elementor-widget-container\">\n\t\t\t\t\t<h4 class=\"elementor-heading-title elementor-size-default\">Diputaci\u00f3n Foral de \u00c1lava<\/h4>\t\t\t\t<\/div>\n\t\t\t\t<\/div>\n\t\t\t\t<div class=\"elementor-element elementor-element-8c7bfe9 elementor-widget elementor-widget-text-editor\" data-id=\"8c7bfe9\" data-element_type=\"widget\" data-widget_type=\"text-editor.default\">\n\t\t\t\t<div class=\"elementor-widget-container\">\n\t\t\t\t\t\t\t\t\t<p>Diputaci\u00f3n Foral de \u00c1lava (DFA) zarz\u0105dza i administruje prowincj\u0105 \u00c1lava, posiadaj\u0105c uprawnienia w r\u00f3\u017cnych kwestiach, takich jak podatki, us\u0142ugi socjalne, infrastruktura drogowa, rozw\u00f3j gospodarczy, mobilno\u015b\u0107 i polityka promowania zatrudnienia, handlu i turystyki.<\/p>\n<p>Wykonuj\u0105c swoje uprawnienia, DFA opracowuje r\u00f3\u017cne programy szkoleniowe w zakresie zatrudnienia skierowane do aktywnej populacji, a zw\u0142aszcza do os\u00f3b bezrobotnych. Celem tych program\u00f3w jest promowanie wysokiej jako\u015bci zatrudnienia.<\/p>\n<div> <\/div>\n\t\t\t\t\t\t\t\t<\/div>\n\t\t\t\t<\/div>\n\t\t\t\t<div class=\"elementor-element elementor-element-7cccfbe elementor-widget elementor-widget-text-editor\" data-id=\"7cccfbe\" data-element_type=\"widget\" data-widget_type=\"text-editor.default\">\n\t\t\t\t<div class=\"elementor-widget-container\">\n\t\t\t\t\t\t\t\t\t<p><a href=\"https:\/\/web.araba.eus\/es\/home\" target=\"_blank\" rel=\"noopener\">Czytaj wi\u0119cej &gt;&gt;<\/a><\/p>\n\t\t\t\t\t\t\t\t<\/div>\n\t\t\t\t<\/div>\n\t\t\t\t<\/div>\n\t\t<div class=\"elementor-element elementor-element-22d8218 e-con-full e-flex e-con e-child\" data-id=\"22d8218\" data-element_type=\"container\">\n\t\t\t\t<div class=\"elementor-element elementor-element-dd0d81e elementor-widget elementor-widget-image\" data-id=\"dd0d81e\" data-element_type=\"widget\" data-widget_type=\"image.default\">\n\t\t\t\t<div class=\"elementor-widget-container\">\n\t\t\t\t\t\t\t\t\t\t\t\t\t\t\t<img decoding=\"async\" width=\"630\" height=\"400\" src=\"https:\/\/computationalseniors.eu\/wp-content\/uploads\/2025\/01\/KTU_logotipas_pilnas_EN_juodas.png\" class=\"attachment-large size-large wp-image-8269\" alt=\"\" srcset=\"https:\/\/computationalseniors.eu\/wp-content\/uploads\/2025\/01\/KTU_logotipas_pilnas_EN_juodas.png 630w, https:\/\/computationalseniors.eu\/wp-content\/uploads\/2025\/01\/KTU_logotipas_pilnas_EN_juodas-300x190.png 300w\" sizes=\"(max-width: 630px) 100vw, 630px\" \/>\t\t\t\t\t\t\t\t\t\t\t\t\t\t\t<\/div>\n\t\t\t\t<\/div>\n\t\t\t\t<div class=\"elementor-element elementor-element-edd9242 elementor-widget elementor-widget-heading\" data-id=\"edd9242\" data-element_type=\"widget\" data-widget_type=\"heading.default\">\n\t\t\t\t<div class=\"elementor-widget-container\">\n\t\t\t\t\t<h4 class=\"elementor-heading-title elementor-size-default\">Kauno Technologijos Universitetas<\/h4>\t\t\t\t<\/div>\n\t\t\t\t<\/div>\n\t\t\t\t<div class=\"elementor-element elementor-element-1b1c216 elementor-widget elementor-widget-text-editor\" data-id=\"1b1c216\" data-element_type=\"widget\" data-widget_type=\"text-editor.default\">\n\t\t\t\t<div class=\"elementor-widget-container\">\n\t\t\t\t\t\t\t\t\t<p>Politechnika w Kownie (Litwa) mia\u0142a sw\u00f3j pocz\u0105tek w 1922 roku, kiedy to utworzono Uniwersytet Litewski i jego wydzia\u0142y techniczne.<\/p>\n<p>Rozw\u00f3j litewskich idei naukowych by\u0142 kontynuowany w pierwszej litewskiej niezale\u017cnej wy\u017cszej szkole technicznej (w latach 1950-1990) pod nazw\u0105 Kaunas Polytechnic Institute (KPI)).<\/p>\n<p>W 1990 roku KTU odzyska\u0142 status uniwersytetu i podj\u0105\u0142 \u015bcie\u017ck\u0119 szybkich reform studi\u00f3w i bada\u0144. Uczelnia kontynuuje zr\u00f3wnowa\u017cone partnerstwo nauki, biznesu i przemys\u0142u, rozwija i wdra\u017ca nowe pomys\u0142y, innowacje i wynalazki.<\/p>\n<p>Od 1922 roku uczelni\u0119 uko\u0144czy\u0142o ponad 157 tysi\u0119cy absolwent\u00f3w.<\/p>\n<p>Uniwersytet Techniczny w Kownie posiada 9 wydzia\u0142\u00f3w, 8 instytut\u00f3w i 9 o\u015brodk\u00f3w badawczych.<\/p>\n<p>Uniwersytet jest za\u0142o\u017cycielem dw\u00f3ch zintegrowanych o\u015brodk\u00f3w (dolin) bada\u0144, studi\u00f3w i biznesu &#8211; Santaka i Nemunas. Narodowe Centrum Innowacji i Przedsi\u0119biorczo\u015bci KTU jest odpowiedzialne za ochron\u0119 i komercjalizacj\u0119 produkcji naukowej uniwersytetu.<\/p>\n<p>Uniwersytet posiada Centrum Sztucznej Inteligencji odpowiedzialne za formu\u0142owanie polityki KTU w zakresie rozwoju i koordynacji dzia\u0142a\u0144 zwi\u0105zanych ze sztuczn\u0105 inteligencj\u0105.<\/p>\n\t\t\t\t\t\t\t\t<\/div>\n\t\t\t\t<\/div>\n\t\t\t\t<div class=\"elementor-element elementor-element-c7808ea elementor-widget elementor-widget-text-editor\" data-id=\"c7808ea\" data-element_type=\"widget\" data-widget_type=\"text-editor.default\">\n\t\t\t\t<div class=\"elementor-widget-container\">\n\t\t\t\t\t\t\t\t\t<p><a href=\"https:\/\/ktu.edu\/\" target=\"_blank\" rel=\"noopener\">Czytaj wi\u0119cej &gt;&gt;<\/a><\/p>\n\t\t\t\t\t\t\t\t<\/div>\n\t\t\t\t<\/div>\n\t\t\t\t<\/div>\n\t\t<div class=\"elementor-element elementor-element-70c6088 e-con-full e-flex e-con e-child\" data-id=\"70c6088\" data-element_type=\"container\">\n\t\t\t\t<div class=\"elementor-element elementor-element-f5f7da2 elementor-widget elementor-widget-image\" data-id=\"f5f7da2\" data-element_type=\"widget\" data-widget_type=\"image.default\">\n\t\t\t\t<div class=\"elementor-widget-container\">\n\t\t\t\t\t\t\t\t\t\t\t\t\t\t\t<img loading=\"lazy\" decoding=\"async\" width=\"630\" height=\"400\" src=\"https:\/\/computationalseniors.eu\/wp-content\/uploads\/2025\/01\/Logo_FMIS_bez-tla.png\" class=\"attachment-large size-large wp-image-8264\" alt=\"\" srcset=\"https:\/\/computationalseniors.eu\/wp-content\/uploads\/2025\/01\/Logo_FMIS_bez-tla.png 630w, https:\/\/computationalseniors.eu\/wp-content\/uploads\/2025\/01\/Logo_FMIS_bez-tla-300x190.png 300w\" sizes=\"(max-width: 630px) 100vw, 630px\" \/>\t\t\t\t\t\t\t\t\t\t\t\t\t\t\t<\/div>\n\t\t\t\t<\/div>\n\t\t\t\t<div class=\"elementor-element elementor-element-48eab92 elementor-widget elementor-widget-heading\" data-id=\"48eab92\" data-element_type=\"widget\" data-widget_type=\"heading.default\">\n\t\t\t\t<div class=\"elementor-widget-container\">\n\t\t\t\t\t<h4 class=\"elementor-heading-title elementor-size-default\">Fundacja \"Malopolska Izba Samorzadowa\"<\/h4>\t\t\t\t<\/div>\n\t\t\t\t<\/div>\n\t\t\t\t<div class=\"elementor-element elementor-element-4643ac6 elementor-widget elementor-widget-text-editor\" data-id=\"4643ac6\" data-element_type=\"widget\" data-widget_type=\"text-editor.default\">\n\t\t\t\t<div class=\"elementor-widget-container\">\n\t\t\t\t\t\t\t\t\t<p>Fundacja MIS zosta\u0142a utworzona w 2015 przez profesor\u00f3w z uczelni: UJ i UEK w Krakowie. MISJ\u0104 Fundacji jest DIALOG, PROFESJONALIZM I ROZW\u00d3J.<\/p>\n<p>Zesp\u00f3\u0142 Fundacji tworz\u0105 osoby z bogatym dorobkiem naukowym, dydaktycznym, projektowym, pe\u0142ne pasji i zaanga\u017cowania, dla kt\u00f3rych wa\u017cne s\u0105 takie warto\u015bci jak: demokracja, wolno\u015b\u0107, r\u00f3wno\u015b\u0107, godno\u015b\u0107, prawa cz\u0142owieka. <br \/>Fundacja kieruje swoje dzia\u0142ania do os\u00f3b doros\u0142ych i grup os\u00f3b doros\u0142ych (w tym m.in. senior\u00f3w), zainteresowanych rozwijaniem, wzmacnianiem kompetencji kluczowych (g\u0142. spo\u0142ecznych, obywatelskich, cyfrowych, j\u0119zykowych, ekspresji i \u015bwiadomo\u015bci kulturowej, przedsi\u0119biorczych), umiej\u0119tno\u015bci uniwersalnych, w tym podstawowych pozwalaj\u0105cych na rozw\u00f3j osobisty, niezb\u0119dnych we wsp\u00f3\u0142czesnym \u015bwiecie.<\/p>\n<p>Od pocz\u0105tku istnienia Fundacji zrealizowali\u015bmy kilkadziesi\u0105t projekt\u00f3w w zakresie szeroko rozumianych innowacji spo\u0142ecznych. A tak\u017ce w pracujemy z przedstawicielami w\u0142adz lokalnych, ekspert\u00f3w, badaczy, naukowc\u00f3w oraz decydentami polityk publicznych nad zmianami systemowymi w obszarze polityki edukacyjnej i szerszej polityki spo\u0142ecznej s\u0142u\u017c\u0105cej poprawie umiej\u0119tno\u015bci os\u00f3b doros\u0142ych, w tym umiej\u0119tno\u015bci wa\u017cnych dla uczenia si\u0119 przez ca\u0142e \u017cycie oraz dla rozwoju spo\u0142eczno\u015bci lokalnych.<\/p>\n\t\t\t\t\t\t\t\t<\/div>\n\t\t\t\t<\/div>\n\t\t\t\t<div class=\"elementor-element elementor-element-e506baa elementor-widget elementor-widget-text-editor\" data-id=\"e506baa\" data-element_type=\"widget\" data-widget_type=\"text-editor.default\">\n\t\t\t\t<div class=\"elementor-widget-container\">\n\t\t\t\t\t\t\t\t\t<p><a href=\"https:\/\/fundacjamis.org.pl\/\" target=\"_blank\" rel=\"noopener\">Czytaj wi\u0119cej &gt;&gt;<\/a><\/p>\n\t\t\t\t\t\t\t\t<\/div>\n\t\t\t\t<\/div>\n\t\t\t\t<\/div>\n\t\t<div class=\"elementor-element elementor-element-b625759 e-con-full e-flex e-con e-child\" data-id=\"b625759\" data-element_type=\"container\">\n\t\t\t\t<div class=\"elementor-element elementor-element-cbdc7fc elementor-widget elementor-widget-image\" data-id=\"cbdc7fc\" data-element_type=\"widget\" data-widget_type=\"image.default\">\n\t\t\t\t<div class=\"elementor-widget-container\">\n\t\t\t\t\t\t\t\t\t\t\t\t\t\t\t<img loading=\"lazy\" decoding=\"async\" width=\"530\" height=\"400\" src=\"https:\/\/computationalseniors.eu\/wp-content\/uploads\/2025\/01\/logo-up-transp.png\" class=\"attachment-large size-large wp-image-8258\" alt=\"\" srcset=\"https:\/\/computationalseniors.eu\/wp-content\/uploads\/2025\/01\/logo-up-transp.png 530w, https:\/\/computationalseniors.eu\/wp-content\/uploads\/2025\/01\/logo-up-transp-300x226.png 300w\" sizes=\"(max-width: 530px) 100vw, 530px\" \/>\t\t\t\t\t\t\t\t\t\t\t\t\t\t\t<\/div>\n\t\t\t\t<\/div>\n\t\t\t\t<div class=\"elementor-element elementor-element-da46119 elementor-widget elementor-widget-heading\" data-id=\"da46119\" data-element_type=\"widget\" data-widget_type=\"heading.default\">\n\t\t\t\t<div class=\"elementor-widget-container\">\n\t\t\t\t\t<h4 class=\"elementor-heading-title elementor-size-default\">Future Learning<\/h4>\t\t\t\t<\/div>\n\t\t\t\t<\/div>\n\t\t\t\t<div class=\"elementor-element elementor-element-6e7afd6 elementor-widget elementor-widget-text-editor\" data-id=\"6e7afd6\" data-element_type=\"widget\" data-widget_type=\"text-editor.default\">\n\t\t\t\t<div class=\"elementor-widget-container\">\n\t\t\t\t\t\t\t\t\t<p>Firma Future Learning zosta\u0142a za\u0142o\u017cona w Volos (Grecja) jako spin-off Creative Technologies Learning Lab na Uniwersytecie w Tesalii. Naszym celem jest integracja nowych metod projektowania, pedagogiki i technologii informacyjno-komunikacyjnych w celu generowania innowacyjnych, satysfakcjonuj\u0105cych i skutecznych do\u015bwiadcze\u0144 edukacyjnych, kt\u00f3re buduj\u0105 wiedz\u0119 i umiej\u0119tno\u015bci potrzebne przemys\u0142owi i spo\u0142ecze\u0144stwu w dzisiejszym \u015bwiecie. Mamy ponad 20 lat do\u015bwiadczenia w projektach europejskich, krajowych i regionalnych wszelkiego rodzaju i z powodzeniem zrealizowali\u015bmy ponad 50 projekt\u00f3w.<\/p>\n\t\t\t\t\t\t\t\t<\/div>\n\t\t\t\t<\/div>\n\t\t\t\t<div class=\"elementor-element elementor-element-a3e357a elementor-widget elementor-widget-text-editor\" data-id=\"a3e357a\" data-element_type=\"widget\" data-widget_type=\"text-editor.default\">\n\t\t\t\t<div class=\"elementor-widget-container\">\n\t\t\t\t\t\t\t\t\t<p><a href=\"http:\/\/futurelearning2024.eu\/\" target=\"_blank\" rel=\"noopener\">Czytaj wi\u0119cej &gt;&gt;<\/a><\/p>\n\t\t\t\t\t\t\t\t<\/div>\n\t\t\t\t<\/div>\n\t\t\t\t<\/div>\n\t\t\t\t\t<\/div>\n\t\t\t\t<\/div>\n\t\t\t\t<\/div>\n\t\t","protected":false},"excerpt":{"rendered":"<p>Konsorcjum projektu COMPutational Seniors sk\u0142ada si\u0119 z nast\u0119puj\u0105cych partner\u00f3w. Media Creativa Media Creativa (MC) jest wynikiem ponad 20 lat do\u015bwiadcze\u0144, wyzwa\u0144 i wniosk\u00f3w wyci\u0105gni\u0119tych przez interdyscyplinarn\u0105 grup\u0119 profesjonalist\u00f3w, kt\u00f3rych \u0142\u0105czy wsp\u00f3lna pasja: innowacje edukacyjne. MC pracuje nad wniesieniem warto\u015bci do przestrzeni edukacyjnych, badaj\u0105c, projektuj\u0105c i rozwijaj\u0105c r\u00f3\u017cne oferty szkoleniowe, inspirowane innowacyjnymi metodologiami i podej\u015bciami pedagogicznymi,&#8230;<\/p>\n","protected":false},"author":1,"featured_media":0,"parent":0,"menu_order":0,"comment_status":"closed","ping_status":"closed","template":"elementor_header_footer","meta":{"footnotes":""},"class_list":["post-8613","page","type-page","status-publish","hentry"],"_links":{"self":[{"href":"https:\/\/computationalseniors.eu\/pl\/wp-json\/wp\/v2\/pages\/8613","targetHints":{"allow":["GET"]}}],"collection":[{"href":"https:\/\/computationalseniors.eu\/pl\/wp-json\/wp\/v2\/pages"}],"about":[{"href":"https:\/\/computationalseniors.eu\/pl\/wp-json\/wp\/v2\/types\/page"}],"author":[{"embeddable":true,"href":"https:\/\/computationalseniors.eu\/pl\/wp-json\/wp\/v2\/users\/1"}],"replies":[{"embeddable":true,"href":"https:\/\/computationalseniors.eu\/pl\/wp-json\/wp\/v2\/comments?post=8613"}],"version-history":[{"count":1,"href":"https:\/\/computationalseniors.eu\/pl\/wp-json\/wp\/v2\/pages\/8613\/revisions"}],"predecessor-version":[{"id":8614,"href":"https:\/\/computationalseniors.eu\/pl\/wp-json\/wp\/v2\/pages\/8613\/revisions\/8614"}],"wp:attachment":[{"href":"https:\/\/computationalseniors.eu\/pl\/wp-json\/wp\/v2\/media?parent=8613"}],"curies":[{"name":"wp","href":"https:\/\/api.w.org\/{rel}","templated":true}]}}