{"id":9499,"date":"2025-09-10T07:30:28","date_gmt":"2025-09-10T07:30:28","guid":{"rendered":"https:\/\/computationalseniors.eu\/?page_id=9499"},"modified":"2025-09-11T12:30:58","modified_gmt":"2025-09-11T12:30:58","slug":"atvirieji-svietimo-istekliai","status":"publish","type":"page","link":"https:\/\/computationalseniors.eu\/lt\/atvirieji-svietimo-istekliai\/","title":{"rendered":"Atvirieji \u0161vietimo i\u0161tekliai"},"content":{"rendered":"\t\t<div data-elementor-type=\"wp-page\" data-elementor-id=\"9499\" class=\"elementor elementor-9499 elementor-9445\" data-elementor-post-type=\"page\">\n\t\t\t\t<div class=\"elementor-element elementor-element-af26225 e-grid e-con-boxed e-con e-parent\" data-id=\"af26225\" data-element_type=\"container\">\n\t\t\t\t\t<div class=\"e-con-inner\">\n\t\t<div class=\"elementor-element elementor-element-cb4d0d6 e-con-full e-flex e-con e-child\" data-id=\"cb4d0d6\" data-element_type=\"container\">\n\t\t<div class=\"elementor-element elementor-element-1755125 e-con-full e-flex e-con e-child\" data-id=\"1755125\" data-element_type=\"container\">\n\t\t\t\t<div class=\"elementor-element elementor-element-2ed36fe elementor-widget elementor-widget-image\" data-id=\"2ed36fe\" data-element_type=\"widget\" data-widget_type=\"image.default\">\n\t\t\t\t<div class=\"elementor-widget-container\">\n\t\t\t\t\t\t\t\t\t\t\t\t\t\t\t<img decoding=\"async\" width=\"150\" height=\"150\" src=\"https:\/\/computationalseniors.eu\/wp-content\/uploads\/2025\/01\/467480962_10162007410939521_2842619297420931552_n-1-150x150.jpg\" class=\"attachment-thumbnail size-thumbnail wp-image-9292\" alt=\"\" srcset=\"https:\/\/computationalseniors.eu\/wp-content\/uploads\/2025\/01\/467480962_10162007410939521_2842619297420931552_n-1-150x150.jpg 150w, https:\/\/computationalseniors.eu\/wp-content\/uploads\/2025\/01\/467480962_10162007410939521_2842619297420931552_n-1-298x300.jpg 298w, https:\/\/computationalseniors.eu\/wp-content\/uploads\/2025\/01\/467480962_10162007410939521_2842619297420931552_n-1-87x87.jpg 87w, https:\/\/computationalseniors.eu\/wp-content\/uploads\/2025\/01\/467480962_10162007410939521_2842619297420931552_n-1.jpg 526w\" sizes=\"(max-width: 150px) 100vw, 150px\" \/>\t\t\t\t\t\t\t\t\t\t\t\t\t\t\t<\/div>\n\t\t\t\t<\/div>\n\t\t\t\t<div class=\"elementor-element elementor-element-db281c2 module-title elementor-widget elementor-widget-heading\" data-id=\"db281c2\" data-element_type=\"widget\" data-widget_type=\"heading.default\">\n\t\t\t\t<div class=\"elementor-widget-container\">\n\t\t\t\t\t<h4 class=\"elementor-heading-title elementor-size-default\">0 modulis:<\/h4>\t\t\t\t<\/div>\n\t\t\t\t<\/div>\n\t\t\t\t<div class=\"elementor-element elementor-element-725df0d module-description elementor-widget elementor-widget-text-editor\" data-id=\"725df0d\" data-element_type=\"widget\" data-widget_type=\"text-editor.default\">\n\t\t\t\t<div class=\"elementor-widget-container\">\n\t\t\t\t\t\t\t\t\t<p class=\"cvGsUA direction-ltr align-start para-style-body\"><span class=\"a_GcMg font-feature-liga-off font-feature-clig-off font-feature-calt-off text-decoration-none text-strikethrough-none\">Atraskite projekto \u201eCOMPseniors\u201c mokym\u0173 kurs\u0105&#8230; <\/span><span class=\"a_GcMg font-feature-liga-off font-feature-clig-off font-feature-calt-off text-decoration-none text-strikethrough-none\">Tai j\u016bs\u0173 pirmasis \u017eingsnis link informatinio m\u0105stymo<\/span><\/p>\t\t\t\t\t\t\t\t<\/div>\n\t\t\t\t<\/div>\n\t\t\t\t<\/div>\n\t\t\t\t<div class=\"elementor-element elementor-element-4a64312 elementor-align-center elementor-widget elementor-widget-button\" data-id=\"4a64312\" data-element_type=\"widget\" data-widget_type=\"button.default\">\n\t\t\t\t<div class=\"elementor-widget-container\">\n\t\t\t\t\t\t\t\t\t<div class=\"elementor-button-wrapper\">\n\t\t\t\t\t<a class=\"elementor-button elementor-button-link elementor-size-sm\" href=\"https:\/\/computationalseniors.eu\/wp-content\/uploads\/2025\/09\/COMPseniors-Module-0-Lithuanian.mp4\" target=\"_blank\">\n\t\t\t\t\t\t<span class=\"elementor-button-content-wrapper\">\n\t\t\t\t\t\t\t\t\t<span class=\"elementor-button-text\">Prad\u0117ti modul\u012f 0<\/span>\n\t\t\t\t\t<\/span>\n\t\t\t\t\t<\/a>\n\t\t\t\t<\/div>\n\t\t\t\t\t\t\t\t<\/div>\n\t\t\t\t<\/div>\n\t\t\t\t<\/div>\n\t\t<div class=\"elementor-element elementor-element-bc4d18a e-con-full e-flex e-con e-child\" data-id=\"bc4d18a\" data-element_type=\"container\">\n\t\t<div class=\"elementor-element elementor-element-22eca88 e-con-full e-flex e-con e-child\" data-id=\"22eca88\" data-element_type=\"container\">\n\t\t\t\t<div class=\"elementor-element elementor-element-8800fd7 elementor-widget elementor-widget-image\" data-id=\"8800fd7\" data-element_type=\"widget\" data-widget_type=\"image.default\">\n\t\t\t\t<div class=\"elementor-widget-container\">\n\t\t\t\t\t\t\t\t\t\t\t\t\t\t\t<img decoding=\"async\" width=\"150\" height=\"150\" src=\"https:\/\/computationalseniors.eu\/wp-content\/uploads\/2025\/01\/467480962_10162007410939521_2842619297420931552_n-1-150x150.jpg\" class=\"attachment-thumbnail size-thumbnail wp-image-9292\" alt=\"\" srcset=\"https:\/\/computationalseniors.eu\/wp-content\/uploads\/2025\/01\/467480962_10162007410939521_2842619297420931552_n-1-150x150.jpg 150w, https:\/\/computationalseniors.eu\/wp-content\/uploads\/2025\/01\/467480962_10162007410939521_2842619297420931552_n-1-298x300.jpg 298w, https:\/\/computationalseniors.eu\/wp-content\/uploads\/2025\/01\/467480962_10162007410939521_2842619297420931552_n-1-87x87.jpg 87w, https:\/\/computationalseniors.eu\/wp-content\/uploads\/2025\/01\/467480962_10162007410939521_2842619297420931552_n-1.jpg 526w\" sizes=\"(max-width: 150px) 100vw, 150px\" \/>\t\t\t\t\t\t\t\t\t\t\t\t\t\t\t<\/div>\n\t\t\t\t<\/div>\n\t\t\t\t<div class=\"elementor-element elementor-element-7bd6619 module-title elementor-widget elementor-widget-heading\" data-id=\"7bd6619\" data-element_type=\"widget\" data-widget_type=\"heading.default\">\n\t\t\t\t<div class=\"elementor-widget-container\">\n\t\t\t\t\t<h4 class=\"elementor-heading-title elementor-size-default\">1 modulis:<br \/>Kaip m\u0105sto kompiuteriai? Informatinio m\u0105stymo samprata<\/h4>\t\t\t\t<\/div>\n\t\t\t\t<\/div>\n\t\t\t\t<div class=\"elementor-element elementor-element-2ea9a98 module-description elementor-widget elementor-widget-text-editor\" data-id=\"2ea9a98\" data-element_type=\"widget\" data-widget_type=\"text-editor.default\">\n\t\t\t\t<div class=\"elementor-widget-container\">\n\t\t\t\t\t\t\t\t\t<div class=\"block-image__col\"><div class=\"block-image__text brand--linkColor\"><div class=\"fr-view rise-tiptap\"><div><p>\u0160iame module su\u017einosite, kaip m\u0105sto kompiuteriai, ir principus, kurie lemia informatin\u012f m\u0105stym\u0105.<\/p><\/div><\/div><\/div><\/div>\t\t\t\t\t\t\t\t<\/div>\n\t\t\t\t<\/div>\n\t\t\t\t<\/div>\n\t\t\t\t<div class=\"elementor-element elementor-element-885b675 elementor-align-center elementor-widget elementor-widget-button\" data-id=\"885b675\" data-element_type=\"widget\" data-widget_type=\"button.default\">\n\t\t\t\t<div class=\"elementor-widget-container\">\n\t\t\t\t\t\t\t\t\t<div class=\"elementor-button-wrapper\">\n\t\t\t\t\t<a class=\"elementor-button elementor-button-link elementor-size-sm\" href=\"https:\/\/rise.articulate.com\/share\/VxEmPHOX1CCIaIchgnArFfpkX7AgPnVg#\/\" target=\"_blank\">\n\t\t\t\t\t\t<span class=\"elementor-button-content-wrapper\">\n\t\t\t\t\t\t\t\t\t<span class=\"elementor-button-text\">Prad\u0117ti modul\u012f 1<\/span>\n\t\t\t\t\t<\/span>\n\t\t\t\t\t<\/a>\n\t\t\t\t<\/div>\n\t\t\t\t\t\t\t\t<\/div>\n\t\t\t\t<\/div>\n\t\t\t\t<\/div>\n\t\t<div class=\"elementor-element elementor-element-586391a e-con-full e-flex e-con e-child\" data-id=\"586391a\" data-element_type=\"container\">\n\t\t<div class=\"elementor-element elementor-element-428e341 e-con-full e-flex e-con e-child\" data-id=\"428e341\" data-element_type=\"container\">\n\t\t\t\t<div class=\"elementor-element elementor-element-d1c0abd elementor-widget elementor-widget-image\" data-id=\"d1c0abd\" data-element_type=\"widget\" data-widget_type=\"image.default\">\n\t\t\t\t<div class=\"elementor-widget-container\">\n\t\t\t\t\t\t\t\t\t\t\t\t\t\t\t<img decoding=\"async\" width=\"150\" height=\"150\" src=\"https:\/\/computationalseniors.eu\/wp-content\/uploads\/2025\/01\/467480962_10162007410939521_2842619297420931552_n-1-150x150.jpg\" class=\"attachment-thumbnail size-thumbnail wp-image-9292\" alt=\"\" srcset=\"https:\/\/computationalseniors.eu\/wp-content\/uploads\/2025\/01\/467480962_10162007410939521_2842619297420931552_n-1-150x150.jpg 150w, https:\/\/computationalseniors.eu\/wp-content\/uploads\/2025\/01\/467480962_10162007410939521_2842619297420931552_n-1-298x300.jpg 298w, https:\/\/computationalseniors.eu\/wp-content\/uploads\/2025\/01\/467480962_10162007410939521_2842619297420931552_n-1-87x87.jpg 87w, https:\/\/computationalseniors.eu\/wp-content\/uploads\/2025\/01\/467480962_10162007410939521_2842619297420931552_n-1.jpg 526w\" sizes=\"(max-width: 150px) 100vw, 150px\" \/>\t\t\t\t\t\t\t\t\t\t\t\t\t\t\t<\/div>\n\t\t\t\t<\/div>\n\t\t\t\t<div class=\"elementor-element elementor-element-521aa0a module-title elementor-widget elementor-widget-heading\" data-id=\"521aa0a\" data-element_type=\"widget\" data-widget_type=\"heading.default\">\n\t\t\t\t<div class=\"elementor-widget-container\">\n\t\t\t\t\t<h4 class=\"elementor-heading-title elementor-size-default\">2 modulis:<br \/>Kod\u0117l svarbu mokyti informatinio m\u0105stymo? I\u0161\u0161\u016bkiai ir galimyb\u0117s skatinant informatin\u012f m\u0105stym\u0105<\/h4>\t\t\t\t<\/div>\n\t\t\t\t<\/div>\n\t\t\t\t<div class=\"elementor-element elementor-element-2c47cab module-description elementor-widget elementor-widget-text-editor\" data-id=\"2c47cab\" data-element_type=\"widget\" data-widget_type=\"text-editor.default\">\n\t\t\t\t<div class=\"elementor-widget-container\">\n\t\t\t\t\t\t\t\t\t<p>\u0160iame modulyje nagrin\u0117jame, kod\u0117l informatinio m\u0105stymo (IM) (angl. k. Computational Thinking) mokymas yra ne tik aktualus, bet ir b\u016btinas dirbant su suaugusiaisiais, ypa\u010d tais, kuri\u0173 formali kvalifikacija yra \u017eema.<\/p>\t\t\t\t\t\t\t\t<\/div>\n\t\t\t\t<\/div>\n\t\t\t\t<\/div>\n\t\t\t\t<div class=\"elementor-element elementor-element-27bd9a8 elementor-align-center elementor-widget elementor-widget-button\" data-id=\"27bd9a8\" data-element_type=\"widget\" data-widget_type=\"button.default\">\n\t\t\t\t<div class=\"elementor-widget-container\">\n\t\t\t\t\t\t\t\t\t<div class=\"elementor-button-wrapper\">\n\t\t\t\t\t<a class=\"elementor-button elementor-button-link elementor-size-sm\" href=\"https:\/\/rise.articulate.com\/share\/-Ox9myj0GvzSGZ0yikSU-WHqU3CYaMxV#\/\" target=\"_blank\">\n\t\t\t\t\t\t<span class=\"elementor-button-content-wrapper\">\n\t\t\t\t\t\t\t\t\t<span class=\"elementor-button-text\">Prad\u0117ti modul\u012f 2<\/span>\n\t\t\t\t\t<\/span>\n\t\t\t\t\t<\/a>\n\t\t\t\t<\/div>\n\t\t\t\t\t\t\t\t<\/div>\n\t\t\t\t<\/div>\n\t\t\t\t<\/div>\n\t\t<div class=\"elementor-element elementor-element-42d47db e-con-full e-flex e-con e-child\" data-id=\"42d47db\" data-element_type=\"container\">\n\t\t<div class=\"elementor-element elementor-element-099f49b e-con-full e-flex e-con e-child\" data-id=\"099f49b\" data-element_type=\"container\">\n\t\t\t\t<div class=\"elementor-element elementor-element-d711df9 elementor-widget elementor-widget-image\" data-id=\"d711df9\" data-element_type=\"widget\" data-widget_type=\"image.default\">\n\t\t\t\t<div class=\"elementor-widget-container\">\n\t\t\t\t\t\t\t\t\t\t\t\t\t\t\t<img decoding=\"async\" width=\"150\" height=\"150\" src=\"https:\/\/computationalseniors.eu\/wp-content\/uploads\/2025\/01\/467480962_10162007410939521_2842619297420931552_n-1-150x150.jpg\" class=\"attachment-thumbnail size-thumbnail wp-image-9292\" alt=\"\" srcset=\"https:\/\/computationalseniors.eu\/wp-content\/uploads\/2025\/01\/467480962_10162007410939521_2842619297420931552_n-1-150x150.jpg 150w, https:\/\/computationalseniors.eu\/wp-content\/uploads\/2025\/01\/467480962_10162007410939521_2842619297420931552_n-1-298x300.jpg 298w, https:\/\/computationalseniors.eu\/wp-content\/uploads\/2025\/01\/467480962_10162007410939521_2842619297420931552_n-1-87x87.jpg 87w, https:\/\/computationalseniors.eu\/wp-content\/uploads\/2025\/01\/467480962_10162007410939521_2842619297420931552_n-1.jpg 526w\" sizes=\"(max-width: 150px) 100vw, 150px\" \/>\t\t\t\t\t\t\t\t\t\t\t\t\t\t\t<\/div>\n\t\t\t\t<\/div>\n\t\t\t\t<div class=\"elementor-element elementor-element-f9be334 module-title elementor-widget elementor-widget-heading\" data-id=\"f9be334\" data-element_type=\"widget\" data-widget_type=\"heading.default\">\n\t\t\t\t<div class=\"elementor-widget-container\">\n\t\t\t\t\t<h4 class=\"elementor-heading-title elementor-size-default\">3 modulis:<br \/>Informatinio m\u0105stymo integravimas \u012f suaugusi\u0173j\u0173 \u0161vietim\u0105<\/h4>\t\t\t\t<\/div>\n\t\t\t\t<\/div>\n\t\t\t\t<div class=\"elementor-element elementor-element-4f5b154 module-description elementor-widget elementor-widget-text-editor\" data-id=\"4f5b154\" data-element_type=\"widget\" data-widget_type=\"text-editor.default\">\n\t\t\t\t<div class=\"elementor-widget-container\">\n\t\t\t\t\t\t\t\t\t<div class=\"block-image__col\"><div class=\"block-image__text brand--linkColor\"><div class=\"fr-view rise-tiptap\"><div><p>\u0160iame modulyje nagrin\u0117sime, kaip integruoti informatin\u012f m\u0105stym\u0105 (IM) \u012f suaugusi\u0173j\u0173 \u0161vietimo aplinkas, akcentuojant jo praktin\u0119 vert\u0119, prieinamum\u0105 ir pritaikomum\u0105 \u012fvairiems mokymosi poreikiams.<\/p><\/div><\/div><\/div><\/div>\t\t\t\t\t\t\t\t<\/div>\n\t\t\t\t<\/div>\n\t\t\t\t<\/div>\n\t\t\t\t<div class=\"elementor-element elementor-element-f1ef734 elementor-align-center elementor-widget elementor-widget-button\" data-id=\"f1ef734\" data-element_type=\"widget\" data-widget_type=\"button.default\">\n\t\t\t\t<div class=\"elementor-widget-container\">\n\t\t\t\t\t\t\t\t\t<div class=\"elementor-button-wrapper\">\n\t\t\t\t\t<a class=\"elementor-button elementor-button-link elementor-size-sm\" href=\"https:\/\/rise.articulate.com\/share\/RUkOncjaKo63wtk1NTpBR5PF5l2rrKHz#\/\" target=\"_blank\">\n\t\t\t\t\t\t<span class=\"elementor-button-content-wrapper\">\n\t\t\t\t\t\t\t\t\t<span class=\"elementor-button-text\">Prad\u0117ti modul\u012f 3<\/span>\n\t\t\t\t\t<\/span>\n\t\t\t\t\t<\/a>\n\t\t\t\t<\/div>\n\t\t\t\t\t\t\t\t<\/div>\n\t\t\t\t<\/div>\n\t\t\t\t<\/div>\n\t\t<div class=\"elementor-element elementor-element-720ec67 e-con-full e-flex e-con e-child\" data-id=\"720ec67\" data-element_type=\"container\">\n\t\t<div class=\"elementor-element elementor-element-33078b7 e-con-full e-flex e-con e-child\" data-id=\"33078b7\" data-element_type=\"container\">\n\t\t\t\t<div class=\"elementor-element elementor-element-201052f elementor-widget elementor-widget-image\" data-id=\"201052f\" data-element_type=\"widget\" data-widget_type=\"image.default\">\n\t\t\t\t<div class=\"elementor-widget-container\">\n\t\t\t\t\t\t\t\t\t\t\t\t\t\t\t<img decoding=\"async\" width=\"150\" height=\"150\" src=\"https:\/\/computationalseniors.eu\/wp-content\/uploads\/2025\/01\/467480962_10162007410939521_2842619297420931552_n-1-150x150.jpg\" class=\"attachment-thumbnail size-thumbnail wp-image-9292\" alt=\"\" srcset=\"https:\/\/computationalseniors.eu\/wp-content\/uploads\/2025\/01\/467480962_10162007410939521_2842619297420931552_n-1-150x150.jpg 150w, https:\/\/computationalseniors.eu\/wp-content\/uploads\/2025\/01\/467480962_10162007410939521_2842619297420931552_n-1-298x300.jpg 298w, https:\/\/computationalseniors.eu\/wp-content\/uploads\/2025\/01\/467480962_10162007410939521_2842619297420931552_n-1-87x87.jpg 87w, https:\/\/computationalseniors.eu\/wp-content\/uploads\/2025\/01\/467480962_10162007410939521_2842619297420931552_n-1.jpg 526w\" sizes=\"(max-width: 150px) 100vw, 150px\" \/>\t\t\t\t\t\t\t\t\t\t\t\t\t\t\t<\/div>\n\t\t\t\t<\/div>\n\t\t\t\t<div class=\"elementor-element elementor-element-784d552 module-title elementor-widget elementor-widget-heading\" data-id=\"784d552\" data-element_type=\"widget\" data-widget_type=\"heading.default\">\n\t\t\t\t<div class=\"elementor-widget-container\">\n\t\t\t\t\t<h4 class=\"elementor-heading-title elementor-size-default\">4 modulis:<br \/>Mokymo strategijos. Kaip galima panaudoti programavim\u0105, siekiant pagerinti XXI am\u017eiaus mink\u0161tuosius \u012fg\u016bd\u017eius<\/h4>\t\t\t\t<\/div>\n\t\t\t\t<\/div>\n\t\t\t\t<div class=\"elementor-element elementor-element-db668c0 module-description elementor-widget elementor-widget-text-editor\" data-id=\"db668c0\" data-element_type=\"widget\" data-widget_type=\"text-editor.default\">\n\t\t\t\t<div class=\"elementor-widget-container\">\n\t\t\t\t\t\t\t\t\t<p>\u0160iame modulyje i\u0161nagrin\u0117sime, kaip informatinis m\u0105stymas (IM) gali b\u016bti naudojamas kaip strategija, skatinanti \u017eemos kvalifikacijos suaugusi\u0173j\u0173 mink\u0161t\u0173j\u0173 \u012fg\u016bd\u017ei\u0173 ugdym\u0105.<\/p>\t\t\t\t\t\t\t\t<\/div>\n\t\t\t\t<\/div>\n\t\t\t\t<\/div>\n\t\t\t\t<div class=\"elementor-element elementor-element-f892626 elementor-align-center elementor-widget elementor-widget-button\" data-id=\"f892626\" data-element_type=\"widget\" data-widget_type=\"button.default\">\n\t\t\t\t<div class=\"elementor-widget-container\">\n\t\t\t\t\t\t\t\t\t<div class=\"elementor-button-wrapper\">\n\t\t\t\t\t<a class=\"elementor-button elementor-button-link elementor-size-sm\" href=\"https:\/\/rise.articulate.com\/share\/l6aLYn6IOMH4C8cJzSoQQfxxV3o6X1B9#\/\" target=\"_blank\">\n\t\t\t\t\t\t<span class=\"elementor-button-content-wrapper\">\n\t\t\t\t\t\t\t\t\t<span class=\"elementor-button-text\">Prad\u0117ti modul\u012f 4<\/span>\n\t\t\t\t\t<\/span>\n\t\t\t\t\t<\/a>\n\t\t\t\t<\/div>\n\t\t\t\t\t\t\t\t<\/div>\n\t\t\t\t<\/div>\n\t\t\t\t<\/div>\n\t\t<div class=\"elementor-element elementor-element-c90c6b9 e-con-full e-flex e-con e-child\" data-id=\"c90c6b9\" data-element_type=\"container\">\n\t\t<div class=\"elementor-element elementor-element-c102a60 e-con-full e-flex e-con e-child\" data-id=\"c102a60\" data-element_type=\"container\">\n\t\t\t\t<div class=\"elementor-element elementor-element-f7c4498 elementor-widget elementor-widget-image\" data-id=\"f7c4498\" data-element_type=\"widget\" data-widget_type=\"image.default\">\n\t\t\t\t<div class=\"elementor-widget-container\">\n\t\t\t\t\t\t\t\t\t\t\t\t\t\t\t<img decoding=\"async\" width=\"150\" height=\"150\" src=\"https:\/\/computationalseniors.eu\/wp-content\/uploads\/2025\/01\/467480962_10162007410939521_2842619297420931552_n-1-150x150.jpg\" class=\"attachment-thumbnail size-thumbnail wp-image-9292\" alt=\"\" srcset=\"https:\/\/computationalseniors.eu\/wp-content\/uploads\/2025\/01\/467480962_10162007410939521_2842619297420931552_n-1-150x150.jpg 150w, https:\/\/computationalseniors.eu\/wp-content\/uploads\/2025\/01\/467480962_10162007410939521_2842619297420931552_n-1-298x300.jpg 298w, https:\/\/computationalseniors.eu\/wp-content\/uploads\/2025\/01\/467480962_10162007410939521_2842619297420931552_n-1-87x87.jpg 87w, https:\/\/computationalseniors.eu\/wp-content\/uploads\/2025\/01\/467480962_10162007410939521_2842619297420931552_n-1.jpg 526w\" sizes=\"(max-width: 150px) 100vw, 150px\" \/>\t\t\t\t\t\t\t\t\t\t\t\t\t\t\t<\/div>\n\t\t\t\t<\/div>\n\t\t\t\t<div class=\"elementor-element elementor-element-7ee17b5 module-title elementor-widget elementor-widget-heading\" data-id=\"7ee17b5\" data-element_type=\"widget\" data-widget_type=\"heading.default\">\n\t\t\t\t<div class=\"elementor-widget-container\">\n\t\t\t\t\t<h4 class=\"elementor-heading-title elementor-size-default\">5 modulis:<br \/>Informatinis m\u0105stymas kaip nepalankioje pad\u0117tyje esan\u010di\u0173 suaugusi\u0173j\u0173 \u012ftraukimo priemon\u0117<\/h4>\t\t\t\t<\/div>\n\t\t\t\t<\/div>\n\t\t\t\t<div class=\"elementor-element elementor-element-c77f4a3 module-description elementor-widget elementor-widget-text-editor\" data-id=\"c77f4a3\" data-element_type=\"widget\" data-widget_type=\"text-editor.default\">\n\t\t\t\t<div class=\"elementor-widget-container\">\n\t\t\t\t\t\t\t\t\t<p>\u0160iame modulyje i\u0161nagrin\u0117sime, kaip informatinis m\u0105stymas gali b\u016bti svarbi priemon\u0117, skatinanti nepalankioje pad\u0117tyje esan\u010di\u0173 suaugusi\u0173j\u0173 skaitmenin\u0119 \u012ftraukt\u012f.<\/p>\t\t\t\t\t\t\t\t<\/div>\n\t\t\t\t<\/div>\n\t\t\t\t<\/div>\n\t\t\t\t<div class=\"elementor-element elementor-element-2daf033 elementor-align-center elementor-widget elementor-widget-button\" data-id=\"2daf033\" data-element_type=\"widget\" data-widget_type=\"button.default\">\n\t\t\t\t<div class=\"elementor-widget-container\">\n\t\t\t\t\t\t\t\t\t<div class=\"elementor-button-wrapper\">\n\t\t\t\t\t<a class=\"elementor-button elementor-button-link elementor-size-sm\" href=\"https:\/\/rise.articulate.com\/share\/mJoblRn95ARPNJcu5kXXfmKHfoRFqNKo#\/\" target=\"_blank\">\n\t\t\t\t\t\t<span class=\"elementor-button-content-wrapper\">\n\t\t\t\t\t\t\t\t\t<span class=\"elementor-button-text\">Prad\u0117ti modul\u012f 5<\/span>\n\t\t\t\t\t<\/span>\n\t\t\t\t\t<\/a>\n\t\t\t\t<\/div>\n\t\t\t\t\t\t\t\t<\/div>\n\t\t\t\t<\/div>\n\t\t\t\t<\/div>\n\t\t\t\t\t<\/div>\n\t\t\t\t<\/div>\n\t\t<div class=\"elementor-element elementor-element-4e013ad e-flex e-con-boxed e-con e-parent\" data-id=\"4e013ad\" data-element_type=\"container\">\n\t\t\t\t\t<div class=\"e-con-inner\">\n\t\t\t\t<div class=\"elementor-element elementor-element-af3e2cb elementor-widget elementor-widget-html\" data-id=\"af3e2cb\" data-element_type=\"widget\" data-widget_type=\"html.default\">\n\t\t\t\t<div class=\"elementor-widget-container\">\n\t\t\t\t\t<a href=\"https:\/\/computationalseniors.eu\/wp-content\/uploads\/2025\/09\/COMPSENIORS-OERS-USER-GUIDE-LI.pdf\" \n   class=\"floating-guide\" \n   target=\"_blank\">\n    <img decoding=\"async\" src=\"https:\/\/computationalseniors.eu\/wp-content\/uploads\/2025\/09\/user-guide-icon-1.svg\" alt=\"Icon\" \/>\n<\/a>\t\t\t\t<\/div>\n\t\t\t\t<\/div>\n\t\t\t\t\t<\/div>\n\t\t\t\t<\/div>\n\t\t\t\t<\/div>\n\t\t","protected":false},"excerpt":{"rendered":"<p>0 modulis: Atraskite projekto \u201eCOMPseniors\u201c mokym\u0173 kurs\u0105&#8230; Tai j\u016bs\u0173 pirmasis \u017eingsnis link informatinio m\u0105stymo Prad\u0117ti modul\u012f 0 1 modulis:Kaip m\u0105sto kompiuteriai? Informatinio m\u0105stymo samprata \u0160iame module su\u017einosite, kaip m\u0105sto kompiuteriai, ir principus, kurie lemia informatin\u012f m\u0105stym\u0105. Prad\u0117ti modul\u012f 1 2 modulis:Kod\u0117l svarbu mokyti informatinio m\u0105stymo? I\u0161\u0161\u016bkiai ir galimyb\u0117s skatinant informatin\u012f m\u0105stym\u0105 \u0160iame modulyje nagrin\u0117jame, kod\u0117l&#8230;<\/p>\n","protected":false},"author":1,"featured_media":0,"parent":0,"menu_order":0,"comment_status":"closed","ping_status":"closed","template":"","meta":{"footnotes":""},"class_list":["post-9499","page","type-page","status-publish","hentry"],"_links":{"self":[{"href":"https:\/\/computationalseniors.eu\/lt\/wp-json\/wp\/v2\/pages\/9499","targetHints":{"allow":["GET"]}}],"collection":[{"href":"https:\/\/computationalseniors.eu\/lt\/wp-json\/wp\/v2\/pages"}],"about":[{"href":"https:\/\/computationalseniors.eu\/lt\/wp-json\/wp\/v2\/types\/page"}],"author":[{"embeddable":true,"href":"https:\/\/computationalseniors.eu\/lt\/wp-json\/wp\/v2\/users\/1"}],"replies":[{"embeddable":true,"href":"https:\/\/computationalseniors.eu\/lt\/wp-json\/wp\/v2\/comments?post=9499"}],"version-history":[{"count":15,"href":"https:\/\/computationalseniors.eu\/lt\/wp-json\/wp\/v2\/pages\/9499\/revisions"}],"predecessor-version":[{"id":9647,"href":"https:\/\/computationalseniors.eu\/lt\/wp-json\/wp\/v2\/pages\/9499\/revisions\/9647"}],"wp:attachment":[{"href":"https:\/\/computationalseniors.eu\/lt\/wp-json\/wp\/v2\/media?parent=9499"}],"curies":[{"name":"wp","href":"https:\/\/api.w.org\/{rel}","templated":true}]}}