{"id":8852,"date":"2025-01-16T09:23:05","date_gmt":"2025-01-16T09:23:05","guid":{"rendered":"https:\/\/compuseniors.berein.com\/?page_id=8852"},"modified":"2025-01-16T09:31:07","modified_gmt":"2025-01-16T09:31:07","slug":"privacy-policy","status":"publish","type":"page","link":"https:\/\/computationalseniors.eu\/lt\/privacy-policy\/","title":{"rendered":"Privatumo politika"},"content":{"rendered":"<div class=\"page_legal\">\n<p><span style=\"font-weight: 400;\">COMPseniors yra \u012fmon\u0117, kurioje informacijos skaidrumas yra b\u016btinas norint u\u017emegzti pasitik\u0117jimo santykius su \u017emon\u0117mis, kurie sudaro m\u016bs\u0173 projekt\u0105, ir su m\u016bs\u0173 tiek\u0117jais bei klientais. mumis pasitikin\u010di\u0173 \u017emoni\u0173 asmens duomen\u0173 apsauga yra gyvybi\u0161kai svarbi, tod\u0117l norime per \u0161i\u0105 privatumo politik\u0105 ir asmens duomen\u0173 apsaug\u0105 informuoti jus apie tai, kaip renkame ir kaip elgiam\u0117s ar naudojame tokius duomenis.<\/span><\/p>\n<p><span style=\"font-weight: 400;\">\u0160i privatumo ir asmens duomen\u0173 apsaugos politika nustato pagrind\u0105, kuriuo remdamiesi COMPseniors, kuri\u0173 registruotas adresas yra \u2026 Bilbao (Bizkaia), tvarko asmens duomenis, kuriuos mums savanori\u0161kai suteik\u0117 m\u016bs\u0173 vartotoj\u0173 per svetain\u0119. \u0160i Politika bus taikoma visada, kai duomenys bus teikiami vyresnio am\u017eiaus asmenims, kurie bus atsakingi u\u017e savo duomenis (Duomen\u0173 valdytojas), ir per bet kuri\u0105 susisiekimo ar prenumeratos form\u0105, kurioje renkami asmens duomenys (vardas, pavard\u0117, el. pa\u0161to adresas ir kt.). span><\/p>\n<p><b>Kam mes \u012fsipareigojame<\/b><\/p>\n<ul>\n<li>\n<li aria-level=\"1\"><span style=\"font-weight: 400;\">Gerbti naudotoj\u0173 privatum\u0105 ir tvarkyti asmens duomenis gavus j\u0173 sutikim\u0105.<\/span><\/li>\n<\/ul>\n<ul>\n<li>\n<li aria-level=\"1\"><span style=\"font-weight: 400;\">Tvarkyti asmens duomenis, kuri\u0173 mums b\u016btinai reikia norint teikti pra\u0161om\u0105 paslaug\u0105, ir tvarkyti juos saugiai bei konfidencialiai, imantis reikiam\u0173 priemoni\u0173 kad b\u016bt\u0173 i\u0161vengta neteis\u0117tos prieigos ir netinkamo naudojimo.<\/span><\/li>\n<\/ul>\n<ul>\n<li>\n<li aria-level=\"1\"><span style=\"font-weight: 400;\">Nenaudoti asmens duomen\u0173 tikslams, kuriems anks\u010diau negavome sutikimo.<\/span><\/li>\n<\/ul>\n<ul>\n<li>\n<li aria-level=\"1\"><span style=\"font-weight: 400;\">Neperduoti asmens duomen\u0173 tre\u010diosioms \u0161alims ir jais nesidalyti.<\/span><\/li>\n<\/ul>\n<ul>\n<li>\n<li aria-level=\"1\"><span style=\"font-weight: 400;\">Saugoti asmens duomenis tiek, kiek tai b\u016btina konkre\u010diam tikslui, kuriam jie buvo pateikti.<\/span><\/li >\n<\/ul>\n<p><b>Kokius asmens duomenis naudojame<\/b><\/p>\n<p><span style=\"font-weight: 400;\">Savo svetain\u0117je galime rinkti asmens duomenis \u012fvairiais tikslais:<\/span><\/p>\n<ul>\n<li>\n<li aria-level=\"1\"><span style=\"font-weight: 400;\">Naudotoj\u0173 informacijos u\u017eklausos<\/span><\/li>\n<\/ul>\n<ul>\n<li>\n<li aria-level=\"1\"><span style=\"font-weight: 400;\">Naujienlai\u0161ki\u0173 prenumerata<\/span><\/li>\n<\/ul>\n<p><span style=\"font-weight: 400;\">Galite bet kada pasinaudoti \u0161iomis teis\u0117mis para\u0161\u0119 vyresniesiems asmenims ir pateik\u0119 savo tapatyb\u0119 patvirtinant\u012f dokument\u0105 \u0161iuo el. pa\u0161to adresu: <\/span><a href= \"mailto:belengonzalez@araba.eus\"><span style=\"font-weight: 400;\">belengonzalez@araba.eus<\/span><\/a><span style=\"font-weight: 400;\">&nbsp;&nbsp;&nbsp;<\/span><\/p>\n<p><span style=\"font-weight: 400;\">Priklausomai nuo tikslo, kuriuo duomenys teikiami, bus reikalingi tik grie\u017etai b\u016btini duomenys.<\/span><\/p>\n<p><span style=\"font-weight: 400;\">Svarbu, kad naudotojai \u017einot\u0173, kokius duomenis jie pateikia ir kokiu tikslu juos teikia, nes juos pateikdami jie sutinka, kad mes renkame, saugome ir naudoti min\u0117tus duomenis reikiamu tikslu bei gali bet kada at\u0161aukti duot\u0105 sutikim\u0105 atitinkamais kanalais, o suinteresuotosios \u0161alies sutikimas yra teisinis pagrindas ir \u012fteisinimas tvarkyti j\u0173 asmens duomenis.<\/span><\/p >\n<p><b>Duomen\u0173 tikslumas ir tikrumas<\/b><\/p>\n<p><span style=\"font-weight: 400;\">Naudotojas, pateikdamas formose reikalaujamus duomenis, yra visi\u0161kai atsakingas u\u017e pateikt\u0173 duomen\u0173 tikrum\u0105, garantuoja ir atsako u\u017e j\u0173 tikslum\u0105, galiojim\u0105 ir autenti\u0161kum\u0105. pateikt\u0173 asmens duomen\u0173, \u012fsipareigojant juos tinkamai atnaujinti.<\/span><\/p>\n<p><b>Kokias teises turite d\u0117l pateikt\u0173 asmens duomen\u0173?<\/b><\/p>\n<p><span style=\"font-weight: 400;\">Pateik\u0119 asmens duomenis, tur\u0117site teis\u0119:<\/span><\/p>\n<ul>\n<li>\n<li style=\"font-weight: 400;\" aria-level=\"1\"><span style=\"font-weight: 400;\">i\u0161spr\u0119sti bet kokias abejones ir gauti informacij\u0105 apie tai, kaip naudojame duomenis, ir gauti PRIEIG\u0105 prie j\u0173.<\/span><\/li >\n<li style=\"font-weight: 400;\" aria-level=\"1\"><span style=\"font-weight: 400;\">J\u016bs\u0173 informacijos TAISYMAS arba i\u0161trynimas arba informacijos apdorojimo APRIBOJIMAI.<\/span><\/li>\n<li style=\"font-weight: 400;\" aria-level=\"1\"><span style=\"font-weight: 400;\">AT\u0160AUKTI duomenis.<\/span><\/li>\n<li style=\"font-weight: 400;\" aria-level=\"1\"><span style=\"font-weight: 400;\">NEPRISKIRTI j\u016bs\u0173 duomen\u0173 apdorojimui.<\/span><\/li>\n<li style=\"font-weight: 400;\" aria-level=\"1\"><span style=\"font-weight: 400;\">duomen\u0173 perkeliamumas.<\/span><\/li>\n<\/ul>\n<p><span style=\"font-weight: 400;\">Bet kuriuo metu galite pasinaudoti \u0161iomis teis\u0117mis ra\u0161ydami COMPseniors adresu \u2026 Bilbao (Bizkaia) arba i\u0161si\u0173sdami el. lai\u0161k\u0105 adresu: <\/span> <a href=\"mailto:info@computationalseniors.eu\"><span style=\"font-weight: 400;\">info@computationalseniors.eu<\/span><\/a><span style=\"font-weight: 400;\">&nbsp;<\/span><\/p>\n<p><span style=\"font-weight: 400;\">Skund\u0105 taip pat galite pateikti sprie\u017ei\u016bros institucija, \u0161iuo atveju Ispanijos duomen\u0173 apsaugos agent\u016bra, jei manote, kad asmens duomen\u0173 tvarkymas pa\u017eeid\u017eia galiojan\u010dius teis\u0117s aktus.<\/span><\/p>\n<p><b>Duomen\u0173 sauga ir saugojimas<\/b><\/p>\n<p><span style=\"font-weight: 400;\">Duomenis saugosime tiek, kiek b\u016btina pra\u0161omai paslaugai suteikti, ir tol, kol duomen\u0173 subjektas nepareikalaus j\u0173 i\u0161trinti, imdamiesi atitinkam\u0173 technini\u0173 priemoni\u0173. ir organizacines priemones, skirtas apsaugoti nuo neteis\u0117to ar neteis\u0117to duomen\u0173 tvarkymo ir nuo nety\u010dinio praradimo, sunaikinimo ar sugadinimo, dedant visas pastangas, kad j\u012f b\u016bt\u0173 apsaugota ir apsaugota.<\/span><\/p>\n<p><b>Kokiais asmens duomenimis dalijam\u0117s su tre\u010diosiomis \u0161alimis<\/b><\/p>\n<p><span style=\"font-weight: 400;\">Duomen\u0173 perdavimas nenumatytas, i\u0161skyrus atvejus, kai tai yra teisi\u0161kai \u012fpareigota. Tarptautinio duomen\u0173 perdavimo plan\u0173 n\u0117ra.<\/span><\/p>\n<p><b>Teisinis prane\u0161imas LSSI \u2013 CE<\/b><\/p>\n<p><span style=\"font-weight: 400;\">Pagal liepos 11 d. \u012fstatym\u0105 Nr. 34\/2002 d\u0117l Informacin\u0117s visuomen\u0117s paslaug\u0173 ir elektronin\u0117s komercijos (LSSI-CE), COMPseniors informuoja, kad ji yra svetain\u0117je. Vadovaudamasi \u012estatymo 10 straipsnio reikalavimais, jis informuoja Jus apie \u0161iuos duomenis:<\/span><\/p>\n<ul>\n<li>\n<li style=\"font-weight: 400;\" aria-level=\"1\"><span style=\"font-weight: 400;\">\u0160ios svetain\u0117s savininkas yra: COMPseniors<\/span><\/li>\n<li style=\"font-weight: 400;\" aria-level=\"1\"><span style=\"font-weight: 400;\">Atsakingas: DFA U\u017eimtumo, prekybos ir turizmo direktoratas<\/span><\/li>\n<li style=\"font-weight: 400;\" aria-level=\"1\"><span style=\"font-weight: 400;\">Projekto pavadinimas: vyresnieji<\/span><\/li>\n<li style=\"font-weight: 400;\" aria-level=\"1\"><span style=\"font-weight: 400;\">Adresas: Plaza de la Provincia S\/N 01001 Vitoria (Alava)<\/span><\/li>\n<li style=\"font-weight: 400;\" aria-level=\"1\"><span style=\"font-weight: 400;\">Telefonas: + 34 945 18 18 07. Faksas: 945 18 17<\/span><\/li>\n<li style=\"font-weight: 400;\" aria-level=\"1\"><span style=\"font-weight: 400;\">Pa\u0161tas: <\/span><a href=\"mailto:belengonzalez@araba.eus\"><span style=\"font-weight: 400;\">belengonzalez@araba.eus<\/span><\/a><span style=\"font-weight: 400;\">&nbsp;<\/span><\/li>\n<\/ul>\n<p><b>Naudotojai<\/b><\/p>\n<p><span style=\"font-weight: 400;\">Prieiga prie \u0161io portalo ir (arba) jo naudojimas suteikia s\u0105lyg\u0105 VARTOTOJUI, kuris i\u0161 tokios prieigos ir (arba) naudojimo sutinka su \u010dia i\u0161d\u0117stytomis Bendrosiomis naudojimo s\u0105lygomis . S\u0105lygos taikomos neatsi\u017evelgiant \u012f Bendr\u0105sias sutarties s\u0105lygas, kurios, kai taikoma, yra privalomos.<\/span><\/p>\n<p><b>Naudojimasis portalu<\/b><\/p>\n<p><span style=\"font-weight: 400;\">Svetain\u0117 suteikia prieig\u0105 prie daugyb\u0117s informacijos, paslaug\u0173, program\u0173 ar duomen\u0173 (toliau \u2013 \u201eturinys\u201c) internete, priklausan\u010dios COMPseniors arba jos licencij\u0173 i\u0161dav\u0117jams. prie kuri\u0173 VARTOTOJAS gali tur\u0117ti prieig\u0105. VARTOTOJAS prisiima atsakomyb\u0119 u\u017e naudojim\u0105si portalu. \u0160i atsakomyb\u0117 apima registracij\u0105, kurios gali prireikti norint pasiekti tam tikras paslaugas ar turin\u012f.<\/span><\/p>\n<p><span style=\"font-weight: 400;\">Tokios registracijos metu VARTOTOJAS yra atsakingas u\u017e teisingos ir teis\u0117tos informacijos pateikim\u0105. D\u0117l \u0161ios registracijos VARTOTOJUI gali b\u016bti suteiktas slapta\u017eodis, u\u017e kur\u012f jis yra atsakingas, \u012fsipareigojant j\u012f naudoti r\u016bpestingai ir konfidencialiai. VARTOTOJAS \u012fsipareigoja tinkamai naudotis turiniu ir paslaugomis, kurias COMPseniors si\u016blo per savo portal\u0105 ir, pavyzd\u017eiui, bet neapsiribojant, nenaudoti j\u0173:<\/span><\/p>\n<ul>\n<li>\n<li style=\"font-weight: 400;\" aria-level=\"1\"><span style=\"font-weight: 400;\">u\u017esiimti veikla, kuri yra neteis\u0117ta, neteis\u0117ta arba prie\u0161tarauja s\u0105\u017einingumui ir vie\u0161ajai tvarkai<\/span><\/li>\n<li style=\"font-weight: 400;\" aria-level=\"1\"><span style=\"font-weight: 400;\">rasistinio, ksenofobinio, pornografinio ir neteis\u0117to pob\u016bd\u017eio turinys ar propaganda, remiantis terorizm\u0105 arba pa\u017eeid\u017eiantis \u017emogaus teises<\/span>< \/li>\n<li style=\"font-weight: 400;\" aria-level=\"1\"><span style=\"font-weight: 400;\">sudaryti \u017eal\u0105 fizin\u0117ms ir login\u0117ms COMPseniors, jo tiek\u0117j\u0173 ar tre\u010di\u0173j\u0173 \u0161ali\u0173 sistemoms, \u012fvesti ar platinti kompiuterinius virusus ar bet kokias kitas fizines ar logines sistemas kurie gali sukelti pirmiau min\u0117t\u0105 \u017eal\u0105? bandyti pasiekti ir, jei reikia, naudoti kit\u0173 vartotoj\u0173 el. pa\u0161to paskyras ir manipuliuoti j\u0173 \u017einut\u0117mis. COMPseniors pasilieka teis\u0119 pa\u0161alinti visus komentarus ir komentarus, kurie pa\u017eeid\u017eia pagarb\u0105 asmens orumui, kurie yra diskriminaciniai, ksenofobi\u0161ki, rasistiniai, pornografiniai, keliantys gr\u0117sm\u0119 jaunystei ar vaikystei, tvarkai ar visuomen\u0117s saugumui arba kurie, jos nuomone, yra netinkamas publikavimui. Bet kokiu atveju \u201eCOMPseniors\u201c nebus atsakinga u\u017e vartotoj\u0173 nuomones, i\u0161reik\u0161tas forumuose, pokalbiuose ar kitose dalyvavimo priemon\u0117se.<\/span><\/li>\n<\/ul>\n<p><b>Intelektin\u0117 ir pramonin\u0117 nuosavyb\u0117<\/b><\/p>\n<p><span style=\"font-weight: 400;\">Senjorai yra vis\u0173 intelektin\u0117s ir pramonin\u0117s nuosavyb\u0117s teisi\u0173 \u012f savo svetain\u0119, taip pat \u012f joje esan\u010dius elementus (\u012fskaitant, bet neapsiribojant vaizdais, garsu, garsu, vaizdo \u012fra\u0161u, programine \u012franga ar tekstais; preki\u0173 \u017eenklai ar logotipai, spalv\u0173 deriniai, strukt\u016bra ir dizainas, naudojam\u0173 med\u017eiag\u0173 parinkimas, jo veikimui reikalingos kompiuterin\u0117s programos, prieiga ir naudojimas ir kt.).<\/span><\/p>\n<p><span style=\"font-weight: 400;\">Visos teis\u0117s saugomos. Pagal Intelektin\u0117s nuosavyb\u0117s \u012fstatymo 8 straipsni\u0173 ir 32.1 straipsnio antrosios pastraipos nuostatas, viso \u0161ios svetain\u0117s turinio arba jo dalies atgaminimas, platinimas ir vie\u0161as paskelbimas komerciniais tikslais laikmena ir bet kokiomis technin\u0117mis priemon\u0117mis yra ai\u0161kiai draud\u017eiamos be vyresni\u0173j\u0173 asmen\u0173 leidimo.<\/span><\/p>\n<p><span style=\"font-weight: 400;\">VARTOTOJAS \u012fsipareigoja gerbti intelektin\u0117s ir pramonin\u0117s nuosavyb\u0117s teises, priklausan\u010dias COMPseniors. VARTOTOJAS gali per\u017ei\u016br\u0117ti portalo elementus ir net spausdinti, kopijuoti ir saugoti juos savo kompiuterio stand\u017eiajame diske ar bet kokiame kitame fiziniame laikmenoje tol, kol tai yra tik jo asmeniniam ir asmeniniam naudojimui. NAUDOTOJAS turi susilaikyti nuo bet koki\u0173 apsaugos priemoni\u0173 ar apsaugos sistem\u0173, \u012fdiegt\u0173 COMPseniors puslapiuose, trynimo, keitimo, i\u0161vengimo ar manipuliavimo.<\/span><\/p>\n<p><b>Garantij\u0173 ir atsakomyb\u0117s netaikymas<\/b><\/p>\n<p><span style=\"font-weight: 400;\">COMPseniors jokiu atveju neatsako u\u017e bet kokio pob\u016bd\u017eio \u017eal\u0105, kuri gali sukelti, bet neapsiribojant: turinio klaidomis ar praleidimais, nepasiekiamumu portale arba turinyje esan\u010di\u0173 virus\u0173 ar kenk\u0117ji\u0161k\u0173 ar \u017ealing\u0173 program\u0173 perdavimas, nepaisant to, kad buvo imtasi vis\u0173 b\u016btin\u0173 technologini\u0173 priemoni\u0173 tam u\u017ekirsti keli\u0105.<\/span><\/p>\n<p><b>Modifikacijos<\/b><\/p>\n<p><span style=\"font-weight: 400;\">COMPSeniors pasilieka teis\u0119 savo portale daryti i\u0161 anksto neprane\u0161usius pakeitimus, kurie, jo nuomone, yra tinkami, ir gali keisti, i\u0161trinti arba prid\u0117ti turin\u012f ir paslaugas, teikiamas per t\u0105 pat\u012f b\u016bd\u0105, kaip jos pateikiamos arba yra jos portale.<\/span><\/p>\n<p><b>Nuorodos<\/b><\/p>\n<p><span style=\"font-weight: 400;\">Jei svetain\u0117je yra nuorod\u0173 arba hipersait\u0173 \u012f kitas interneto svetaines, COMPseniors nevykdys jokios toki\u0173 svetaini\u0173 ir turinio kontrol\u0117s. \u201eCOMPseniors\u201c jokiomis aplinkyb\u0117mis neprisiima jokios atsakomyb\u0117s u\u017e bet kokios i\u0161orinei svetainei priklausan\u010dios nuorodos turin\u012f ir negarantuoja bet kokios med\u017eiagos ar informacijos, esan\u010dios bet kurioje i\u0161 \u0161iuos hipersaitus ar kitas interneto svetaines.<\/span><\/p>\n<p><span style=\"font-weight: 400;\">Taip pat \u0161i\u0173 i\u0161orini\u0173 ry\u0161i\u0173 \u012ftraukimas nerei\u0161kia jokio susiejimo, susijungimo ar dalyvavimo su susijusiais subjektais.<\/span><\/p>\n<p><b>I\u0161skyrimo teis\u0117<\/b><\/p>\n<p><span style=\"font-weight: 400;\">COMPSeniors pasilieka teis\u0119 savo arba tre\u010diosios \u0161alies pra\u0161ymu be i\u0161ankstinio \u012fsp\u0117jimo u\u017edrausti arba at\u0161aukti prieig\u0105 prie portalo ir (arba) si\u016blom\u0173 paslaug\u0173, tiems naudotojams, kurie nesilaiko \u0161i\u0173 Bendr\u0173j\u0173 naudojimo s\u0105lyg\u0173.<\/span><\/p>\n<p><b>Bendrieji dalykai<\/b><\/p>\n<p><span style=\"font-weight: 400;\">COMPSenjorai imsis veiksm\u0173 d\u0117l \u0161i\u0173 s\u0105lyg\u0173 pa\u017eeidimo, taip pat u\u017e bet kok\u012f netinkam\u0105 portalo naudojim\u0105, atlikdami visus civilinius ir baud\u017eiamuosius veiksmus, kurie gali atitikti \u012fstatymus.< \/span><\/p>\n<p><b>\u0160i\u0173 s\u0105lyg\u0173 ir trukm\u0117s pakeitimai<\/b><\/p>\n<p><span style=\"font-weight: 400;\">COMPSenjorai gali bet kuriuo metu keisti \u010dia nurodytas s\u0105lygas ir tinkamai paskelbti, kaip jos pateikiamos \u010dia.<\/span><\/p>\n<p><span style=\"font-weight: 400;\">Auk\u0161\u010diau pamin\u0117t\u0173 s\u0105lyg\u0173 galiojimas priklausys nuo j\u0173 poveikio ir galios tol, kol jas nepakeis kiti tinkamai paskelbti.<\/span><\/p >\n<p><b>Taikoma teis\u0117 ir jurisdikcija<\/b><\/p>\n<p><span style=\"font-weight: 400;\">Santykius tarp vyresni\u0173j\u0173 ir VARTOTOJ\u0172 reglamentuoja galiojantys Ispanijos teis\u0117s aktai, o bet koks gin\u010das sprend\u017eiamas auk\u0161\u010diau nurodyto miesto teismuose ir tribunoluose.< \/span><\/p>\n<\/div>\n","protected":false},"excerpt":{"rendered":"<p>COMPseniors yra \u012fmon\u0117, kurioje informacijos skaidrumas yra b\u016btinas norint u\u017emegzti pasitik\u0117jimo santykius su \u017emon\u0117mis, kurie sudaro m\u016bs\u0173 projekt\u0105, ir su m\u016bs\u0173 tiek\u0117jais bei klientais. mumis pasitikin\u010di\u0173 \u017emoni\u0173 asmens duomen\u0173 apsauga yra gyvybi\u0161kai svarbi, tod\u0117l norime per \u0161i\u0105 privatumo politik\u0105 ir asmens duomen\u0173 apsaug\u0105 informuoti jus apie tai, kaip renkame ir kaip elgiam\u0117s ar naudojame tokius&#8230;<\/p>\n","protected":false},"author":1,"featured_media":0,"parent":0,"menu_order":0,"comment_status":"closed","ping_status":"closed","template":"","meta":{"footnotes":""},"class_list":["post-8852","page","type-page","status-publish","hentry"],"_links":{"self":[{"href":"https:\/\/computationalseniors.eu\/lt\/wp-json\/wp\/v2\/pages\/8852","targetHints":{"allow":["GET"]}}],"collection":[{"href":"https:\/\/computationalseniors.eu\/lt\/wp-json\/wp\/v2\/pages"}],"about":[{"href":"https:\/\/computationalseniors.eu\/lt\/wp-json\/wp\/v2\/types\/page"}],"author":[{"embeddable":true,"href":"https:\/\/computationalseniors.eu\/lt\/wp-json\/wp\/v2\/users\/1"}],"replies":[{"embeddable":true,"href":"https:\/\/computationalseniors.eu\/lt\/wp-json\/wp\/v2\/comments?post=8852"}],"version-history":[{"count":2,"href":"https:\/\/computationalseniors.eu\/lt\/wp-json\/wp\/v2\/pages\/8852\/revisions"}],"predecessor-version":[{"id":8858,"href":"https:\/\/computationalseniors.eu\/lt\/wp-json\/wp\/v2\/pages\/8852\/revisions\/8858"}],"wp:attachment":[{"href":"https:\/\/computationalseniors.eu\/lt\/wp-json\/wp\/v2\/media?parent=8852"}],"curies":[{"name":"wp","href":"https:\/\/api.w.org\/{rel}","templated":true}]}}