{"id":8824,"date":"2025-01-16T09:03:29","date_gmt":"2025-01-16T09:03:29","guid":{"rendered":"https:\/\/compuseniors.berein.com\/?page_id=8824"},"modified":"2025-01-16T09:18:43","modified_gmt":"2025-01-16T09:18:43","slug":"teisine-pranesimas","status":"publish","type":"page","link":"https:\/\/computationalseniors.eu\/lt\/teisine-pranesimas\/","title":{"rendered":"TEISIN\u0116 PRANE\u0160IMAS"},"content":{"rendered":"<div class=\"page_legal\">\n<h1 class=\"entry-title\">TEISIN\u0116 PRANE\u0160IMAS<\/h1>\n<p>\n\u0160is teisinis prane\u0161imas reglamentuoja interneto portalo paslaugos naudojim\u0105 su <a href=\"https:\/\/computationalseniors.eu\">computationalseniors.eu<\/a>, kurios atsakinga \u0161alis identifikavimo tikslais yra:<\/p>\n<ul>\n<li aria-level=\"1\">Atsakingas: DFA U\u017eimtumo, prekybos ir turizmo direktoratas<\/li>\n<li aria-level=\"1\">Projekto pavadinimas: Computational Seniors<\/li>\n<li aria-level=\"1\">Adresas: Plaza de la Provincia S\/N 01001 Vitoria (Alava)<\/li>\n<li aria-level=\"1\">Telefonas: +34 945 18 18 07. Faksas: 945 18 17<\/li>\n<li aria-level=\"1\">Pa\u0161tas: <a href=\"mailto:belengonzalez@araba.eus\">belengonzalez@araba.eus<\/a><\/li>\n<\/ul>\n<p><b>Teis\u0117s aktai<\/b><\/p>\n<p>Apskritai santykiams tarp COMPSeniors ir jos telematikos paslaug\u0173, pateikt\u0173 internete, vartotoj\u0173 taikomi Ispanijos teis\u0117s aktai ir jurisdikcija.<\/p>\n<p>\u0160alys ai\u0161kiai atsisako bet kokios kitos jas atitinkan\u010dios jurisdikcijos ir ai\u0161kiai pasiduoda Bilbao teismams ir tribunolams, kad i\u0161spr\u0119st\u0173 bet kok\u012f gin\u010d\u0105, kuris gali kilti ai\u0161kinant ar vykdant \u0161ias sutarties s\u0105lygas.<\/p>\n<p><b>Turinys ir naudojimas<\/b><\/p>\n<p>Vartotojas yra informuotas ir sutinka, kad prieiga prie \u0161ios svetain\u0117s jokiu b\u016bdu nerei\u0161kia komercini\u0173 santyki\u0173 su COMPSeniors prad\u017eios. Svetain\u0117s savininkas nesusitapatina su joje bendradarbi\u0173 i\u0161sakytomis nuomon\u0117mis. Bendrov\u0117 pasilieka teis\u0119 be i\u0161ankstinio \u012fsp\u0117jimo atlikti bet kokius, jos manymu, tinkamus savo svetain\u0117s pakeitimus ir gali keisti, i\u0161trinti ar prid\u0117ti tiek turin\u012f, tiek paslaugas, teikiamas per svetain\u0119, tiek j\u0173 pateikimo ar i\u0161d\u0117stymo jos serveriuose b\u016bd\u0105.<\/p>\n<p><b>Intelektin\u0117 ir pramonin\u0117 nuosavyb\u0117<\/b><\/p>\n<p>\u0160i svetain\u0117 ir joje esantis turinys yra saugomi intelektin\u0117s nuosavyb\u0117s \u012fstatym\u0173. Jie negali b\u016bti naudojami, dauginami, platinami, modifikuojami, vie\u0161ai skelbiami, perduodami ar transformuojami. Prieiga prie \u0161ios svetain\u0117s nesuteikia vartotojams joki\u0173 teisi\u0173 ar nuosavyb\u0117s teisi\u0173 \u012f \u0161ios svetain\u0117s turinio intelektin\u0117s nuosavyb\u0117s teises.<\/p>\n<p>\u0160ios svetain\u0117s turinys gali b\u016bti atsisiun\u010diamas \u012f vartotojo terminal\u0105, jei jis skirtas asmeniniam naudojimui ir be jokio komercinio tikslo; tod\u0117l \u0161ios svetain\u0117s turinys negali b\u016bti naudojamas, atgaminamas, platinamas, modifikuojamas, vie\u0161ai skelbiamas, perduodamas, transformuojamas ar naudojamas vie\u0161aisiais ar komerciniais tikslais.<\/p>\n<p>\u0160ioje svetain\u0117je esantys prek\u0117s pavadinimas, preki\u0173 \u017eenklai, logotipas, produktai ir paslaugos yra saugomi \u012fstatym\u0173.<\/p>\n<p>COMPSeniors pasilieka teis\u0119 imtis teisini\u0173 veiksm\u0173 prie\u0161 vartotojus, kurie pa\u017eeid\u017eia arba pa\u017eeid\u017eia intelektin\u0117s nuosavyb\u0117s teises.<\/p>\n<p><b>Nuorodos<\/b><\/p>\n<p>Nuorod\u0173 buvimas COMPSeniors svetain\u0117je yra tik informacinio pob\u016bd\u017eio ir jokiu b\u016bdu nerei\u0161kia to pasi\u016blymo, kvietimo ar rekomendacijos.\n<\/p><\/div>\n","protected":false},"excerpt":{"rendered":"<p>TEISIN\u0116 PRANE\u0160IMAS \u0160is teisinis prane\u0161imas reglamentuoja interneto portalo paslaugos naudojim\u0105 su computationalseniors.eu, kurios atsakinga \u0161alis identifikavimo tikslais yra: Atsakingas: DFA U\u017eimtumo, prekybos ir turizmo direktoratas Projekto pavadinimas: Computational Seniors Adresas: Plaza de la Provincia S\/N 01001 Vitoria (Alava) Telefonas: +34 945 18 18 07. Faksas: 945 18 17 Pa\u0161tas: belengonzalez@araba.eus Teis\u0117s aktai Apskritai santykiams tarp&#8230;<\/p>\n","protected":false},"author":1,"featured_media":0,"parent":0,"menu_order":0,"comment_status":"closed","ping_status":"closed","template":"page-single.php","meta":{"footnotes":""},"class_list":["post-8824","page","type-page","status-publish","hentry"],"_links":{"self":[{"href":"https:\/\/computationalseniors.eu\/lt\/wp-json\/wp\/v2\/pages\/8824","targetHints":{"allow":["GET"]}}],"collection":[{"href":"https:\/\/computationalseniors.eu\/lt\/wp-json\/wp\/v2\/pages"}],"about":[{"href":"https:\/\/computationalseniors.eu\/lt\/wp-json\/wp\/v2\/types\/page"}],"author":[{"embeddable":true,"href":"https:\/\/computationalseniors.eu\/lt\/wp-json\/wp\/v2\/users\/1"}],"replies":[{"embeddable":true,"href":"https:\/\/computationalseniors.eu\/lt\/wp-json\/wp\/v2\/comments?post=8824"}],"version-history":[{"count":3,"href":"https:\/\/computationalseniors.eu\/lt\/wp-json\/wp\/v2\/pages\/8824\/revisions"}],"predecessor-version":[{"id":8838,"href":"https:\/\/computationalseniors.eu\/lt\/wp-json\/wp\/v2\/pages\/8824\/revisions\/8838"}],"wp:attachment":[{"href":"https:\/\/computationalseniors.eu\/lt\/wp-json\/wp\/v2\/media?parent=8824"}],"curies":[{"name":"wp","href":"https:\/\/api.w.org\/{rel}","templated":true}]}}