{"id":8624,"date":"2024-06-10T11:01:32","date_gmt":"2024-06-10T11:01:32","guid":{"rendered":"https:\/\/compuseniors.berein.com\/sklaidos-medziaga\/"},"modified":"2025-05-19T07:13:10","modified_gmt":"2025-05-19T07:13:10","slug":"sklaidos-medziaga","status":"publish","type":"page","link":"https:\/\/computationalseniors.eu\/lt\/sklaidos-medziaga\/","title":{"rendered":"Sklaidos med\u017eiaga"},"content":{"rendered":"\t\t<div data-elementor-type=\"wp-page\" data-elementor-id=\"8624\" class=\"elementor elementor-8624 elementor-1409\" data-elementor-post-type=\"page\">\n\t\t\t\t<div class=\"elementor-element elementor-element-e10148e e-con-full artificial__section bg__white e-flex e-con e-parent\" data-id=\"e10148e\" data-element_type=\"container\">\n\t\t<div class=\"elementor-element elementor-element-6fd7a73 container e-flex e-con-boxed e-con e-child\" data-id=\"6fd7a73\" data-element_type=\"container\">\n\t\t\t\t\t<div class=\"e-con-inner\">\n\t\t<div class=\"elementor-element elementor-element-1d39386 e-con-full e-flex e-con e-child\" data-id=\"1d39386\" data-element_type=\"container\">\n\t\t\t\t<div class=\"elementor-element elementor-element-1277d15 elementor-widget elementor-widget-image\" data-id=\"1277d15\" data-element_type=\"widget\" data-widget_type=\"image.default\">\n\t\t\t\t<div class=\"elementor-widget-container\">\n\t\t\t\t\t\t\t\t\t\t\t\t\t\t\t<img fetchpriority=\"high\" decoding=\"async\" width=\"640\" height=\"427\" src=\"https:\/\/computationalseniors.eu\/wp-content\/uploads\/2025\/01\/iStock-1401460590-1024x683.jpg\" class=\"attachment-large size-large wp-image-8905\" alt=\"\" srcset=\"https:\/\/computationalseniors.eu\/wp-content\/uploads\/2025\/01\/iStock-1401460590-1024x683.jpg 1024w, https:\/\/computationalseniors.eu\/wp-content\/uploads\/2025\/01\/iStock-1401460590-300x200.jpg 300w, https:\/\/computationalseniors.eu\/wp-content\/uploads\/2025\/01\/iStock-1401460590-768x512.jpg 768w, https:\/\/computationalseniors.eu\/wp-content\/uploads\/2025\/01\/iStock-1401460590.jpg 1254w\" sizes=\"(max-width: 640px) 100vw, 640px\" \/>\t\t\t\t\t\t\t\t\t\t\t\t\t\t\t<\/div>\n\t\t\t\t<\/div>\n\t\t\t\t<\/div>\n\t\t<div class=\"elementor-element elementor-element-c3d8f8d e-con-full artificial__content e-flex e-con e-child\" data-id=\"c3d8f8d\" data-element_type=\"container\">\n\t\t\t\t<div class=\"elementor-element elementor-element-c82d5fb elementor-widget elementor-widget-text-editor\" data-id=\"c82d5fb\" data-element_type=\"widget\" data-widget_type=\"text-editor.default\">\n\t\t\t\t<div class=\"elementor-widget-container\">\n\t\t\t\t\t\t\t\t\t<p>Per\u017ei\u016br\u0117kite projekto \u201eCOMPutational Seniors\u201c med\u017eiag\u0105, skirt\u0105 sklaidai \u010dia, dalinkit\u0117s ja ir suteikite projektui daugiau matomumo. \u201eCOMPutational Seniors\u201c siekia \u017eiedinio ir tvaraus projekt\u0173 valdymo, tod\u0117l kiekviename i\u0161tekliuje yra QR kodas, kuris leis jums greitai ir lengvai pasiekti vis\u0105 informacij\u0105 jos nespausdinant. <\/p>\n<p>Nepamir\u0161kite, kad ma\u017ei veiksmai yra lemiami ir padeda kurti aplinkai draugi\u0161kesn\u012f pasaul\u012f.<\/p>\n\t\t\t\t\t\t\t\t<\/div>\n\t\t\t\t<\/div>\n\t\t\t\t<\/div>\n\t\t\t\t\t<\/div>\n\t\t\t\t<\/div>\n\t\t\r\n\r\n\r\n\t\t<div class=\"elementor-element elementor-element-5ad1065 elementor-absolute elementor-widget elementor-widget-tp-intel-dot\" data-id=\"5ad1065\" data-element_type=\"widget\" data-settings=\"{&quot;_position&quot;:&quot;absolute&quot;}\" data-widget_type=\"tp-intel-dot.default\">\n\t\t\t\t<div class=\"elementor-widget-container\">\n\t\t\t\t\t\r\n                <div class=\"light__element-unique\">\r\n            <img decoding=\"async\" width=\"21\" height=\"21\" src=\"https:\/\/computationalseniors.eu\/wp-content\/uploads\/2024\/06\/light-elements.png\" class=\"attachment-thumbnail size-thumbnail wp-image-143\" alt=\"\" \/>        <\/div>\r\n        \t\t\t\t\r\n\t\t\t\t\t<\/div>\n\t\t\t\t<\/div>\n\t\t\t\t<div class=\"elementor-element elementor-element-f892a0a elementor-absolute elementor-widget elementor-widget-tp-intel-dot\" data-id=\"f892a0a\" data-element_type=\"widget\" data-settings=\"{&quot;_position&quot;:&quot;absolute&quot;}\" data-widget_type=\"tp-intel-dot.default\">\n\t\t\t\t<div class=\"elementor-widget-container\">\n\t\t\t\t\t\r\n                <div class=\"light__element-unique\">\r\n            <img decoding=\"async\" width=\"21\" height=\"21\" src=\"https:\/\/computationalseniors.eu\/wp-content\/uploads\/2024\/06\/light-elements.png\" class=\"attachment-thumbnail size-thumbnail wp-image-143\" alt=\"\" \/>        <\/div>\r\n        \t\t\t\t\r\n\t\t\t\t\t<\/div>\n\t\t\t\t<\/div>\n\t\t\t\t<\/div>\n\t\t<div class=\"elementor-element elementor-element-8828624 e-flex e-con-boxed e-con e-parent\" data-id=\"8828624\" data-element_type=\"container\">\n\t\t\t\t\t<div class=\"e-con-inner\">\n\t\t\t\t<div class=\"elementor-element elementor-element-7961d81 elementor-widget elementor-widget-heading\" data-id=\"7961d81\" data-element_type=\"widget\" data-widget_type=\"heading.default\">\n\t\t\t\t<div class=\"elementor-widget-container\">\n\t\t\t\t\t<h2 class=\"elementor-heading-title elementor-size-default\">Atsisiuntimai<\/h2>\t\t\t\t<\/div>\n\t\t\t\t<\/div>\n\t\t\t\t\t<\/div>\n\t\t\t\t<\/div>\n\t\t<div class=\"elementor-element elementor-element-9852245 e-grid e-con-boxed e-con e-parent\" data-id=\"9852245\" data-element_type=\"container\">\n\t\t\t\t\t<div class=\"e-con-inner\">\n\t\t\t\t<div class=\"elementor-element elementor-element-0eb1c0f elementor-widget elementor-widget-heading\" data-id=\"0eb1c0f\" data-element_type=\"widget\" data-widget_type=\"heading.default\">\n\t\t\t\t<div class=\"elementor-widget-container\">\n\t\t\t\t\t<h2 class=\"elementor-heading-title elementor-size-default\">Skrajut\u0117<\/h2>\t\t\t\t<\/div>\n\t\t\t\t<\/div>\n\t\t\t\t<div class=\"elementor-element elementor-element-529a401 elementor-widget elementor-widget-heading\" data-id=\"529a401\" data-element_type=\"widget\" data-widget_type=\"heading.default\">\n\t\t\t\t<div class=\"elementor-widget-container\">\n\t\t\t\t\t<h2 class=\"elementor-heading-title elementor-size-default\">Plakatas<\/h2>\t\t\t\t<\/div>\n\t\t\t\t<\/div>\n\t\t\t\t<div class=\"elementor-element elementor-element-a02d94c elementor-widget elementor-widget-heading\" data-id=\"a02d94c\" data-element_type=\"widget\" data-widget_type=\"heading.default\">\n\t\t\t\t<div class=\"elementor-widget-container\">\n\t\t\t\t\t<h2 class=\"elementor-heading-title elementor-size-default\">Vaizdo \u012fra\u0161ai<\/h2>\t\t\t\t<\/div>\n\t\t\t\t<\/div>\n\t\t\t\t<div class=\"elementor-element elementor-element-248d2cb elementor-view-default elementor-widget elementor-widget-icon\" data-id=\"248d2cb\" data-element_type=\"widget\" data-widget_type=\"icon.default\">\n\t\t\t\t<div class=\"elementor-widget-container\">\n\t\t\t\t\t\t\t<div class=\"elementor-icon-wrapper\">\n\t\t\t<a class=\"elementor-icon\" href=\"https:\/\/computationalseniors.eu\/wp-content\/uploads\/2025\/01\/COMPutational-Seniors-leaflet-LT.pdf\" target=\"_blank\">\n\t\t\t<svg aria-hidden=\"true\" class=\"e-font-icon-svg e-fab-fly\" viewBox=\"0 0 384 512\" xmlns=\"http:\/\/www.w3.org\/2000\/svg\"><path d=\"M197.8 427.8c12.9 11.7 33.7 33.3 33.2 50.7 0 .8-.1 1.6-.1 2.5-1.8 19.8-18.8 31.1-39.1 31-25-.1-39.9-16.8-38.7-35.8 1-16.2 20.5-36.7 32.4-47.6 2.3-2.1 2.7-2.7 5.6-3.6 3.4 0 3.9.3 6.7 2.8zM331.9 67.3c-16.3-25.7-38.6-40.6-63.3-52.1C243.1 4.5 214-.2 192 0c-44.1 0-71.2 13.2-81.1 17.3C57.3 45.2 26.5 87.2 28 158.6c7.1 82.2 97 176 155.8 233.8 1.7 1.6 4.5 4.5 6.2 5.1l3.3.1c2.1-.7 1.8-.5 3.5-2.1 52.3-49.2 140.7-145.8 155.9-215.7 7-39.2 3.1-72.5-20.8-112.5zM186.8 351.9c-28-51.1-65.2-130.7-69.3-189-3.4-47.5 11.4-131.2 69.3-136.7v325.7zM328.7 180c-16.4 56.8-77.3 128-118.9 170.3C237.6 298.4 275 217 277 158.4c1.6-45.9-9.8-105.8-48-131.4 88.8 18.3 115.5 98.1 99.7 153z\"><\/path><\/svg>\t\t\t<\/a>\n\t\t<\/div>\n\t\t\t\t\t\t<\/div>\n\t\t\t\t<\/div>\n\t\t\t\t<div class=\"elementor-element elementor-element-6f87c2e elementor-view-default elementor-widget elementor-widget-icon\" data-id=\"6f87c2e\" data-element_type=\"widget\" data-widget_type=\"icon.default\">\n\t\t\t\t<div class=\"elementor-widget-container\">\n\t\t\t\t\t\t\t<div class=\"elementor-icon-wrapper\">\n\t\t\t<div class=\"elementor-icon\">\n\t\t\t<svg aria-hidden=\"true\" class=\"e-font-icon-svg e-far-square\" viewBox=\"0 0 448 512\" xmlns=\"http:\/\/www.w3.org\/2000\/svg\"><path d=\"M400 32H48C21.5 32 0 53.5 0 80v352c0 26.5 21.5 48 48 48h352c26.5 0 48-21.5 48-48V80c0-26.5-21.5-48-48-48zm-6 400H54c-3.3 0-6-2.7-6-6V86c0-3.3 2.7-6 6-6h340c3.3 0 6 2.7 6 6v340c0 3.3-2.7 6-6 6z\"><\/path><\/svg>\t\t\t<\/div>\n\t\t<\/div>\n\t\t\t\t\t\t<\/div>\n\t\t\t\t<\/div>\n\t\t\t\t<div class=\"elementor-element elementor-element-612d8b9 elementor-view-default elementor-widget elementor-widget-icon\" data-id=\"612d8b9\" data-element_type=\"widget\" data-widget_type=\"icon.default\">\n\t\t\t\t<div class=\"elementor-widget-container\">\n\t\t\t\t\t\t\t<div class=\"elementor-icon-wrapper\">\n\t\t\t<div class=\"elementor-icon\">\n\t\t\t<svg aria-hidden=\"true\" class=\"e-font-icon-svg e-far-file-video\" viewBox=\"0 0 384 512\" xmlns=\"http:\/\/www.w3.org\/2000\/svg\"><path d=\"M369.941 97.941l-83.882-83.882A48 48 0 0 0 252.118 0H48C21.49 0 0 21.49 0 48v416c0 26.51 21.49 48 48 48h288c26.51 0 48-21.49 48-48V131.882a48 48 0 0 0-14.059-33.941zM332.118 128H256V51.882L332.118 128zM48 464V48h160v104c0 13.255 10.745 24 24 24h104v288H48zm228.687-211.303L224 305.374V268c0-11.046-8.954-20-20-20H100c-11.046 0-20 8.954-20 20v104c0 11.046 8.954 20 20 20h104c11.046 0 20-8.954 20-20v-37.374l52.687 52.674C286.704 397.318 304 390.28 304 375.986V264.011c0-14.311-17.309-21.319-27.313-11.314z\"><\/path><\/svg>\t\t\t<\/div>\n\t\t<\/div>\n\t\t\t\t\t\t<\/div>\n\t\t\t\t<\/div>\n\t\t\t\t\t<\/div>\n\t\t\t\t<\/div>\n\t\t<div class=\"elementor-element elementor-element-6952b6f e-grid e-con-boxed e-con e-parent\" data-id=\"6952b6f\" data-element_type=\"container\">\n\t\t\t\t\t<div class=\"e-con-inner\">\n\t\t\t\t<div class=\"elementor-element elementor-element-df90719 elementor-widget elementor-widget-heading\" data-id=\"df90719\" data-element_type=\"widget\" data-widget_type=\"heading.default\">\n\t\t\t\t<div class=\"elementor-widget-container\">\n\t\t\t\t\t<h2 class=\"elementor-heading-title elementor-size-default\">Naujienlai\u0161kiai\n1<\/h2>\t\t\t\t<\/div>\n\t\t\t\t<\/div>\n\t\t\t\t<div class=\"elementor-element elementor-element-da6ffcd elementor-widget elementor-widget-heading\" data-id=\"da6ffcd\" data-element_type=\"widget\" data-widget_type=\"heading.default\">\n\t\t\t\t<div class=\"elementor-widget-container\">\n\t\t\t\t\t<h2 class=\"elementor-heading-title elementor-size-default\">Naujienlai\u0161kiai\n 2<\/h2>\t\t\t\t<\/div>\n\t\t\t\t<\/div>\n\t\t\t\t<div class=\"elementor-element elementor-element-b9203f7 elementor-widget elementor-widget-heading\" data-id=\"b9203f7\" data-element_type=\"widget\" data-widget_type=\"heading.default\">\n\t\t\t\t<div class=\"elementor-widget-container\">\n\t\t\t\t\t<h2 class=\"elementor-heading-title elementor-size-default\">Naujienlai\u0161kiai\n3<\/h2>\t\t\t\t<\/div>\n\t\t\t\t<\/div>\n\t\t\t\t<div class=\"elementor-element elementor-element-a608ef8 elementor-widget elementor-widget-heading\" data-id=\"a608ef8\" data-element_type=\"widget\" data-widget_type=\"heading.default\">\n\t\t\t\t<div class=\"elementor-widget-container\">\n\t\t\t\t\t<h2 class=\"elementor-heading-title elementor-size-default\">Naujienlai\u0161kiai4<\/h2>\t\t\t\t<\/div>\n\t\t\t\t<\/div>\n\t\t\t\t<div class=\"elementor-element elementor-element-3795fc5 elementor-view-default elementor-widget elementor-widget-icon\" data-id=\"3795fc5\" data-element_type=\"widget\" data-widget_type=\"icon.default\">\n\t\t\t\t<div class=\"elementor-widget-container\">\n\t\t\t\t\t\t\t<div class=\"elementor-icon-wrapper\">\n\t\t\t<a class=\"elementor-icon\" href=\"https:\/\/computationalseniors.eu\/wp-content\/uploads\/2025\/01\/COMPutational-Seniors-1st-Newsletter-LT.pdf\" target=\"_blank\">\n\t\t\t<svg aria-hidden=\"true\" class=\"e-font-icon-svg e-far-newspaper\" viewBox=\"0 0 576 512\" xmlns=\"http:\/\/www.w3.org\/2000\/svg\"><path d=\"M552 64H112c-20.858 0-38.643 13.377-45.248 32H24c-13.255 0-24 10.745-24 24v272c0 30.928 25.072 56 56 56h496c13.255 0 24-10.745 24-24V88c0-13.255-10.745-24-24-24zM48 392V144h16v248c0 4.411-3.589 8-8 8s-8-3.589-8-8zm480 8H111.422c.374-2.614.578-5.283.578-8V112h416v288zM172 280h136c6.627 0 12-5.373 12-12v-96c0-6.627-5.373-12-12-12H172c-6.627 0-12 5.373-12 12v96c0 6.627 5.373 12 12 12zm28-80h80v40h-80v-40zm-40 140v-24c0-6.627 5.373-12 12-12h136c6.627 0 12 5.373 12 12v24c0 6.627-5.373 12-12 12H172c-6.627 0-12-5.373-12-12zm192 0v-24c0-6.627 5.373-12 12-12h104c6.627 0 12 5.373 12 12v24c0 6.627-5.373 12-12 12H364c-6.627 0-12-5.373-12-12zm0-144v-24c0-6.627 5.373-12 12-12h104c6.627 0 12 5.373 12 12v24c0 6.627-5.373 12-12 12H364c-6.627 0-12-5.373-12-12zm0 72v-24c0-6.627 5.373-12 12-12h104c6.627 0 12 5.373 12 12v24c0 6.627-5.373 12-12 12H364c-6.627 0-12-5.373-12-12z\"><\/path><\/svg>\t\t\t<\/a>\n\t\t<\/div>\n\t\t\t\t\t\t<\/div>\n\t\t\t\t<\/div>\n\t\t\t\t<div class=\"elementor-element elementor-element-917b5c0 elementor-view-default elementor-widget elementor-widget-icon\" data-id=\"917b5c0\" data-element_type=\"widget\" data-widget_type=\"icon.default\">\n\t\t\t\t<div class=\"elementor-widget-container\">\n\t\t\t\t\t\t\t<div class=\"elementor-icon-wrapper\">\n\t\t\t<a class=\"elementor-icon\" href=\"https:\/\/computationalseniors.eu\/wp-content\/uploads\/2025\/05\/COMPutational-Seniors-2nd-Newsletterlit.pdf\" target=\"_blank\">\n\t\t\t<svg aria-hidden=\"true\" class=\"e-font-icon-svg e-far-newspaper\" viewBox=\"0 0 576 512\" xmlns=\"http:\/\/www.w3.org\/2000\/svg\"><path d=\"M552 64H112c-20.858 0-38.643 13.377-45.248 32H24c-13.255 0-24 10.745-24 24v272c0 30.928 25.072 56 56 56h496c13.255 0 24-10.745 24-24V88c0-13.255-10.745-24-24-24zM48 392V144h16v248c0 4.411-3.589 8-8 8s-8-3.589-8-8zm480 8H111.422c.374-2.614.578-5.283.578-8V112h416v288zM172 280h136c6.627 0 12-5.373 12-12v-96c0-6.627-5.373-12-12-12H172c-6.627 0-12 5.373-12 12v96c0 6.627 5.373 12 12 12zm28-80h80v40h-80v-40zm-40 140v-24c0-6.627 5.373-12 12-12h136c6.627 0 12 5.373 12 12v24c0 6.627-5.373 12-12 12H172c-6.627 0-12-5.373-12-12zm192 0v-24c0-6.627 5.373-12 12-12h104c6.627 0 12 5.373 12 12v24c0 6.627-5.373 12-12 12H364c-6.627 0-12-5.373-12-12zm0-144v-24c0-6.627 5.373-12 12-12h104c6.627 0 12 5.373 12 12v24c0 6.627-5.373 12-12 12H364c-6.627 0-12-5.373-12-12zm0 72v-24c0-6.627 5.373-12 12-12h104c6.627 0 12 5.373 12 12v24c0 6.627-5.373 12-12 12H364c-6.627 0-12-5.373-12-12z\"><\/path><\/svg>\t\t\t<\/a>\n\t\t<\/div>\n\t\t\t\t\t\t<\/div>\n\t\t\t\t<\/div>\n\t\t\t\t<div class=\"elementor-element elementor-element-96727c6 elementor-view-default elementor-widget elementor-widget-icon\" data-id=\"96727c6\" data-element_type=\"widget\" data-widget_type=\"icon.default\">\n\t\t\t\t<div class=\"elementor-widget-container\">\n\t\t\t\t\t\t\t<div class=\"elementor-icon-wrapper\">\n\t\t\t<div class=\"elementor-icon\">\n\t\t\t<svg aria-hidden=\"true\" class=\"e-font-icon-svg e-far-newspaper\" viewBox=\"0 0 576 512\" xmlns=\"http:\/\/www.w3.org\/2000\/svg\"><path d=\"M552 64H112c-20.858 0-38.643 13.377-45.248 32H24c-13.255 0-24 10.745-24 24v272c0 30.928 25.072 56 56 56h496c13.255 0 24-10.745 24-24V88c0-13.255-10.745-24-24-24zM48 392V144h16v248c0 4.411-3.589 8-8 8s-8-3.589-8-8zm480 8H111.422c.374-2.614.578-5.283.578-8V112h416v288zM172 280h136c6.627 0 12-5.373 12-12v-96c0-6.627-5.373-12-12-12H172c-6.627 0-12 5.373-12 12v96c0 6.627 5.373 12 12 12zm28-80h80v40h-80v-40zm-40 140v-24c0-6.627 5.373-12 12-12h136c6.627 0 12 5.373 12 12v24c0 6.627-5.373 12-12 12H172c-6.627 0-12-5.373-12-12zm192 0v-24c0-6.627 5.373-12 12-12h104c6.627 0 12 5.373 12 12v24c0 6.627-5.373 12-12 12H364c-6.627 0-12-5.373-12-12zm0-144v-24c0-6.627 5.373-12 12-12h104c6.627 0 12 5.373 12 12v24c0 6.627-5.373 12-12 12H364c-6.627 0-12-5.373-12-12zm0 72v-24c0-6.627 5.373-12 12-12h104c6.627 0 12 5.373 12 12v24c0 6.627-5.373 12-12 12H364c-6.627 0-12-5.373-12-12z\"><\/path><\/svg>\t\t\t<\/div>\n\t\t<\/div>\n\t\t\t\t\t\t<\/div>\n\t\t\t\t<\/div>\n\t\t\t\t<div class=\"elementor-element elementor-element-2307144 elementor-view-default elementor-widget elementor-widget-icon\" data-id=\"2307144\" data-element_type=\"widget\" data-widget_type=\"icon.default\">\n\t\t\t\t<div class=\"elementor-widget-container\">\n\t\t\t\t\t\t\t<div class=\"elementor-icon-wrapper\">\n\t\t\t<div class=\"elementor-icon\">\n\t\t\t<svg aria-hidden=\"true\" class=\"e-font-icon-svg e-far-newspaper\" viewBox=\"0 0 576 512\" xmlns=\"http:\/\/www.w3.org\/2000\/svg\"><path d=\"M552 64H112c-20.858 0-38.643 13.377-45.248 32H24c-13.255 0-24 10.745-24 24v272c0 30.928 25.072 56 56 56h496c13.255 0 24-10.745 24-24V88c0-13.255-10.745-24-24-24zM48 392V144h16v248c0 4.411-3.589 8-8 8s-8-3.589-8-8zm480 8H111.422c.374-2.614.578-5.283.578-8V112h416v288zM172 280h136c6.627 0 12-5.373 12-12v-96c0-6.627-5.373-12-12-12H172c-6.627 0-12 5.373-12 12v96c0 6.627 5.373 12 12 12zm28-80h80v40h-80v-40zm-40 140v-24c0-6.627 5.373-12 12-12h136c6.627 0 12 5.373 12 12v24c0 6.627-5.373 12-12 12H172c-6.627 0-12-5.373-12-12zm192 0v-24c0-6.627 5.373-12 12-12h104c6.627 0 12 5.373 12 12v24c0 6.627-5.373 12-12 12H364c-6.627 0-12-5.373-12-12zm0-144v-24c0-6.627 5.373-12 12-12h104c6.627 0 12 5.373 12 12v24c0 6.627-5.373 12-12 12H364c-6.627 0-12-5.373-12-12zm0 72v-24c0-6.627 5.373-12 12-12h104c6.627 0 12 5.373 12 12v24c0 6.627-5.373 12-12 12H364c-6.627 0-12-5.373-12-12z\"><\/path><\/svg>\t\t\t<\/div>\n\t\t<\/div>\n\t\t\t\t\t\t<\/div>\n\t\t\t\t<\/div>\n\t\t\t\t\t<\/div>\n\t\t\t\t<\/div>\n\t\t\t\t<\/div>\n\t\t","protected":false},"excerpt":{"rendered":"<p>Per\u017ei\u016br\u0117kite projekto \u201eCOMPutational Seniors\u201c med\u017eiag\u0105, skirt\u0105 sklaidai \u010dia, dalinkit\u0117s ja ir suteikite projektui daugiau matomumo. \u201eCOMPutational Seniors\u201c siekia \u017eiedinio ir tvaraus projekt\u0173 valdymo, tod\u0117l kiekviename i\u0161tekliuje yra QR kodas, kuris leis jums greitai ir lengvai pasiekti vis\u0105 informacij\u0105 jos nespausdinant. Nepamir\u0161kite, kad ma\u017ei veiksmai yra lemiami ir padeda kurti aplinkai draugi\u0161kesn\u012f pasaul\u012f. Atsisiuntimai Skrajut\u0117 Plakatas&#8230;<\/p>\n","protected":false},"author":1,"featured_media":0,"parent":0,"menu_order":0,"comment_status":"closed","ping_status":"closed","template":"","meta":{"footnotes":""},"class_list":["post-8624","page","type-page","status-publish","hentry"],"_links":{"self":[{"href":"https:\/\/computationalseniors.eu\/lt\/wp-json\/wp\/v2\/pages\/8624","targetHints":{"allow":["GET"]}}],"collection":[{"href":"https:\/\/computationalseniors.eu\/lt\/wp-json\/wp\/v2\/pages"}],"about":[{"href":"https:\/\/computationalseniors.eu\/lt\/wp-json\/wp\/v2\/types\/page"}],"author":[{"embeddable":true,"href":"https:\/\/computationalseniors.eu\/lt\/wp-json\/wp\/v2\/users\/1"}],"replies":[{"embeddable":true,"href":"https:\/\/computationalseniors.eu\/lt\/wp-json\/wp\/v2\/comments?post=8624"}],"version-history":[{"count":18,"href":"https:\/\/computationalseniors.eu\/lt\/wp-json\/wp\/v2\/pages\/8624\/revisions"}],"predecessor-version":[{"id":9247,"href":"https:\/\/computationalseniors.eu\/lt\/wp-json\/wp\/v2\/pages\/8624\/revisions\/9247"}],"wp:attachment":[{"href":"https:\/\/computationalseniors.eu\/lt\/wp-json\/wp\/v2\/media?parent=8624"}],"curies":[{"name":"wp","href":"https:\/\/api.w.org\/{rel}","templated":true}]}}