{"id":8618,"date":"2024-06-10T10:36:51","date_gmt":"2024-06-10T10:36:51","guid":{"rendered":"https:\/\/compuseniors.berein.com\/rezultatai\/"},"modified":"2026-03-13T08:16:57","modified_gmt":"2026-03-13T08:16:57","slug":"rezultatai","status":"publish","type":"page","link":"https:\/\/computationalseniors.eu\/lt\/rezultatai\/","title":{"rendered":"Rezultatai"},"content":{"rendered":"\t\t<div data-elementor-type=\"wp-page\" data-elementor-id=\"8618\" class=\"elementor elementor-8618 elementor-1402\" data-elementor-post-type=\"page\">\n\t\t\t\t<div class=\"elementor-element elementor-element-2a71a88 e-con-full about__section__two e-flex e-con e-parent\" data-id=\"2a71a88\" data-element_type=\"container\">\n\t\t\r\n\r\n\r\n\t\t<div class=\"elementor-element elementor-element-df93bb3 elementor-absolute elementor-widget elementor-widget-tp-image-showcase\" data-id=\"df93bb3\" data-element_type=\"widget\" data-settings=\"{&quot;_position&quot;:&quot;absolute&quot;}\" data-widget_type=\"tp-image-showcase.default\">\n\t\t\t\t<div class=\"elementor-widget-container\">\n\t\t\t\t\t                        <div class=\"themephi-image no\">\r\n                                            <img decoding=\"async\" class=\"themephi-multi-image  image-rotate image-scale\" src=\"https:\/\/softivuslab.com\/wp\/intellicon\/wp-content\/uploads\/2024\/06\/null-dimond.png\" alt=\"image\"\/>\r\n                                    <\/div>\r\n                    \r\n               \r\n    \t\t\t\t<\/div>\n\t\t\t\t<\/div>\n\t\t\t\t<div class=\"elementor-element elementor-element-5e5218a elementor-absolute elementor-widget elementor-widget-tp-image-showcase\" data-id=\"5e5218a\" data-element_type=\"widget\" data-settings=\"{&quot;_position&quot;:&quot;absolute&quot;}\" data-widget_type=\"tp-image-showcase.default\">\n\t\t\t\t<div class=\"elementor-widget-container\">\n\t\t\t\t\t                        <div class=\"themephi-image no\">\r\n                                            <img decoding=\"async\" class=\"themephi-multi-image  image-rotate image-scale\" src=\"https:\/\/softivuslab.com\/wp\/intellicon\/wp-content\/uploads\/2024\/06\/blumb.png\" alt=\"image\"\/>\r\n                                    <\/div>\r\n                    \r\n               \r\n    \t\t\t\t<\/div>\n\t\t\t\t<\/div>\n\t\t\t\t<div class=\"elementor-element elementor-element-fd81ff4 elementor-absolute elementor-widget elementor-widget-tp-image-showcase\" data-id=\"fd81ff4\" data-element_type=\"widget\" data-settings=\"{&quot;_position&quot;:&quot;absolute&quot;}\" data-widget_type=\"tp-image-showcase.default\">\n\t\t\t\t<div class=\"elementor-widget-container\">\n\t\t\t\t\t                        <div class=\"themephi-image no\">\r\n                                            <img decoding=\"async\" class=\"themephi-multi-image  image-rotate image-scale\" src=\"https:\/\/softivuslab.com\/wp\/intellicon\/wp-content\/uploads\/2024\/06\/3dround.png\" alt=\"image\"\/>\r\n                                    <\/div>\r\n                    \r\n               \r\n    \t\t\t\t<\/div>\n\t\t\t\t<\/div>\n\t\t\t\t<div class=\"elementor-element elementor-element-7806174 elementor-absolute elementor-widget elementor-widget-tp-image-showcase\" data-id=\"7806174\" data-element_type=\"widget\" data-settings=\"{&quot;_position&quot;:&quot;absolute&quot;}\" data-widget_type=\"tp-image-showcase.default\">\n\t\t\t\t<div class=\"elementor-widget-container\">\n\t\t\t\t\t                        <div class=\"themephi-image no\">\r\n                                            <img decoding=\"async\" class=\"themephi-multi-image  image-rotate image-scale\" src=\"https:\/\/softivuslab.com\/wp\/intellicon\/wp-content\/uploads\/2024\/06\/ball3d.png\" alt=\"image\"\/>\r\n                                    <\/div>\r\n                    \r\n               \r\n    \t\t\t\t<\/div>\n\t\t\t\t<\/div>\n\t\t<div class=\"elementor-element elementor-element-cd9fa1a container e-flex e-con-boxed e-con e-child\" data-id=\"cd9fa1a\" data-element_type=\"container\">\n\t\t\t\t\t<div class=\"e-con-inner\">\n\t\t<div class=\"elementor-element elementor-element-712e52f elementor-hidden-tablet elementor-hidden-mobile e-con-full e-flex e-con e-child\" data-id=\"712e52f\" data-element_type=\"container\">\n\t\t\t\t<div class=\"elementor-element elementor-element-d7dcf25 elementor-widget elementor-widget-image\" data-id=\"d7dcf25\" data-element_type=\"widget\" data-widget_type=\"image.default\">\n\t\t\t\t<div class=\"elementor-widget-container\">\n\t\t\t\t\t\t\t\t\t\t\t\t\t\t\t<img fetchpriority=\"high\" decoding=\"async\" width=\"640\" height=\"166\" src=\"https:\/\/computationalseniors.eu\/wp-content\/uploads\/2025\/01\/cc_logo.png\" class=\"attachment-large size-large wp-image-8315\" alt=\"\" srcset=\"https:\/\/computationalseniors.eu\/wp-content\/uploads\/2025\/01\/cc_logo.png 1024w, https:\/\/computationalseniors.eu\/wp-content\/uploads\/2025\/01\/cc_logo-300x78.png 300w, https:\/\/computationalseniors.eu\/wp-content\/uploads\/2025\/01\/cc_logo-768x199.png 768w\" sizes=\"(max-width: 640px) 100vw, 640px\" \/>\t\t\t\t\t\t\t\t\t\t\t\t\t\t\t<\/div>\n\t\t\t\t<\/div>\n\t\t\t\t<\/div>\n\t\t<div class=\"elementor-element elementor-element-339caf6 e-con-full e-flex e-con e-child\" data-id=\"339caf6\" data-element_type=\"container\">\n\t\t\t\t<div class=\"elementor-element elementor-element-3861a00 elementor-widget elementor-widget-heading\" data-id=\"3861a00\" data-element_type=\"widget\" data-widget_type=\"heading.default\">\n\t\t\t\t<div class=\"elementor-widget-container\">\n\t\t\t\t\t<h2 class=\"elementor-heading-title elementor-size-default\">Licencijavimas<\/h2>\t\t\t\t<\/div>\n\t\t\t\t<\/div>\n\t\t\t\t<div class=\"elementor-element elementor-element-ac9d42a elementor-widget elementor-widget-text-editor\" data-id=\"ac9d42a\" data-element_type=\"widget\" data-widget_type=\"text-editor.default\">\n\t\t\t\t<div class=\"elementor-widget-container\">\n\t\t\t\t\t\t\t\t\t<p>Projekto \u201eCOMPutational Seniors\u201c mokymo i\u0161tekliai sukurti ir si\u016blomi pagal \u201eCreative Commons\u201c (CC) licencij\u0105, o tai rei\u0161kia, kad jie yra atviri ir nemokami \u0161vietimo i\u0161tekliai.<\/p><p>I\u0161tekliai taip pat sukurti redaguojamoje ir pakartotinai naudojamoje versijoje (Creative Commons logotipas). Jie sukurti atsi\u017evelgiant \u012f novatori\u0161k\u0105 pedagogin\u0119 perspektyv\u0105, kurioje derinamos \u012fvairios metodikos, skirtos u\u017etikrinti \u012f besimokant\u012fj\u012f orientuot\u0105 mokymosi proces\u0105.<\/p><p>I\u0161teklius galima naudoti kartu arba atskirai, \u012fskaitant naudotojo vadov\u0105, kuris palengvina j\u0173 \u012fgyvendinim\u0105 mokymosi ir kitose aplinkose.<\/p>\t\t\t\t\t\t\t\t<\/div>\n\t\t\t\t<\/div>\n\t\t\t\t<\/div>\n\t\t\t\t\t<\/div>\n\t\t\t\t<\/div>\n\t\t\t\t<\/div>\n\t\t<div class=\"elementor-element elementor-element-d351917 e-con-full includeai__section bgsection e-flex e-con e-parent\" data-id=\"d351917\" data-element_type=\"container\">\n\t\t\t\t<div class=\"elementor-element elementor-element-fbefd89 elementor-absolute elementor-widget elementor-widget-tp-image-showcase\" data-id=\"fbefd89\" data-element_type=\"widget\" data-settings=\"{&quot;_position&quot;:&quot;absolute&quot;}\" data-widget_type=\"tp-image-showcase.default\">\n\t\t\t\t<div class=\"elementor-widget-container\">\n\t\t\t\t\t                        <div class=\"themephi-image no\">\r\n                                            <img decoding=\"async\" class=\"themephi-multi-image  image-rotate image-scale\" src=\"https:\/\/softivuslab.com\/wp\/intellicon\/wp-content\/uploads\/2024\/06\/null-dimond.png\" alt=\"image\"\/>\r\n                                    <\/div>\r\n                    \r\n               \r\n    \t\t\t\t<\/div>\n\t\t\t\t<\/div>\n\t\t\t\t<div class=\"elementor-element elementor-element-c17fa6b elementor-absolute elementor-widget elementor-widget-tp-image-showcase\" data-id=\"c17fa6b\" data-element_type=\"widget\" data-settings=\"{&quot;_position&quot;:&quot;absolute&quot;}\" data-widget_type=\"tp-image-showcase.default\">\n\t\t\t\t<div class=\"elementor-widget-container\">\n\t\t\t\t\t                        <div class=\"themephi-image no\">\r\n                                            <img decoding=\"async\" class=\"themephi-multi-image  image-rotate image-scale\" src=\"https:\/\/softivuslab.com\/wp\/intellicon\/wp-content\/uploads\/2024\/06\/blumb.png\" alt=\"image\"\/>\r\n                                    <\/div>\r\n                    \r\n               \r\n    \t\t\t\t<\/div>\n\t\t\t\t<\/div>\n\t\t\t\t<div class=\"elementor-element elementor-element-a4eba33 elementor-absolute elementor-widget elementor-widget-tp-image-showcase\" data-id=\"a4eba33\" data-element_type=\"widget\" data-settings=\"{&quot;_position&quot;:&quot;absolute&quot;}\" data-widget_type=\"tp-image-showcase.default\">\n\t\t\t\t<div class=\"elementor-widget-container\">\n\t\t\t\t\t                        <div class=\"themephi-image no\">\r\n                                            <img decoding=\"async\" class=\"themephi-multi-image  image-rotate image-scale\" src=\"https:\/\/softivuslab.com\/wp\/intellicon\/wp-content\/uploads\/2024\/06\/3dround.png\" alt=\"image\"\/>\r\n                                    <\/div>\r\n                    \r\n               \r\n    \t\t\t\t<\/div>\n\t\t\t\t<\/div>\n\t\t\t\t<div class=\"elementor-element elementor-element-d5264d6 elementor-absolute elementor-widget elementor-widget-tp-image-showcase\" data-id=\"d5264d6\" data-element_type=\"widget\" data-settings=\"{&quot;_position&quot;:&quot;absolute&quot;}\" data-widget_type=\"tp-image-showcase.default\">\n\t\t\t\t<div class=\"elementor-widget-container\">\n\t\t\t\t\t                        <div class=\"themephi-image no\">\r\n                                            <img decoding=\"async\" class=\"themephi-multi-image  image-rotate image-scale\" src=\"https:\/\/softivuslab.com\/wp\/intellicon\/wp-content\/uploads\/2024\/06\/ball3d.png\" alt=\"image\"\/>\r\n                                    <\/div>\r\n                    \r\n               \r\n    \t\t\t\t<\/div>\n\t\t\t\t<\/div>\n\t\t\t\t<div class=\"elementor-element elementor-element-e9c8787 elementor-absolute elementor-widget elementor-widget-tp-image-showcase\" data-id=\"e9c8787\" data-element_type=\"widget\" data-settings=\"{&quot;_position&quot;:&quot;absolute&quot;}\" data-widget_type=\"tp-image-showcase.default\">\n\t\t\t\t<div class=\"elementor-widget-container\">\n\t\t\t\t\t                        <div class=\"themephi-image no\">\r\n                                            <img decoding=\"async\" class=\"themephi-multi-image   image-scale\" src=\"https:\/\/softivuslab.com\/wp\/intellicon\/wp-content\/uploads\/2024\/06\/include-element.png\" alt=\"image\"\/>\r\n                                    <\/div>\r\n                    \r\n               \r\n    \t\t\t\t<\/div>\n\t\t\t\t<\/div>\n\t\t<div class=\"elementor-element elementor-element-165cc6c container e-flex e-con-boxed e-con e-child\" data-id=\"165cc6c\" data-element_type=\"container\">\n\t\t\t\t\t<div class=\"e-con-inner\">\n\t\t<div class=\"elementor-element elementor-element-5007dd2 e-flex e-con-boxed e-con e-child\" data-id=\"5007dd2\" data-element_type=\"container\">\n\t\t\t\t\t<div class=\"e-con-inner\">\n\t\t\t\t<div class=\"elementor-element elementor-element-396afd9 elementor-widget__width-auto elementor-widget elementor-widget-heading\" data-id=\"396afd9\" data-element_type=\"widget\" data-widget_type=\"heading.default\">\n\t\t\t\t<div class=\"elementor-widget-container\">\n\t\t\t\t\t<h2 class=\"elementor-heading-title elementor-size-default\">\u201eCOMPutational Seniors\u201c atvirieji \u0161vietimo i\u0161tekliai (OER) suaugusi\u0173j\u0173 mokytojams<\/h2>\t\t\t\t<\/div>\n\t\t\t\t<\/div>\n\t\t\t\t<div class=\"elementor-element elementor-element-1dc77ae elementor-widget__width-initial elementor-widget elementor-widget-text-editor\" data-id=\"1dc77ae\" data-element_type=\"widget\" data-widget_type=\"text-editor.default\">\n\t\t\t\t<div class=\"elementor-widget-container\">\n\t\t\t\t\t\t\t\t\t<p>Projekto \u201eCOMPutational Seniors\u201c atviri \u0161vietimo i\u0161tekliai organizuojami pagal modulin\u0119 strukt\u016br\u0105, kuri apima praktinius u\u017esi\u0117mimus ir sav\u0119s vertinimo priemones.<\/p><p><a href=\"https:\/\/computationalseniors.eu\/wp-content\/uploads\/2025\/09\/LT_OER-1.zip\" target=\"_blank\" rel=\"noopener\">\u010cia galite susipa\u017einti su kursu PDF formatu<\/a><br \/><a href=\"https:\/\/computationalseniors.eu\/lt\/atvirieji-svietimo-istekliai\/\" target=\"_blank\" rel=\"noopener\">\u010cia galite susipa\u017einti su kurso SCORM formatu<\/a><br \/><a href=\"https:\/\/computationalseniors.eu\/wp-content\/uploads\/2025\/09\/COMPSENIORS-OERS-USER-GUIDE-LI.pdf\" target=\"_blank\" rel=\"noopener\">\u010cia rasite naudotojo vadov\u0105<\/a><\/p>\t\t\t\t\t\t\t\t<\/div>\n\t\t\t\t<\/div>\n\t\t\t\t\t<\/div>\n\t\t\t\t<\/div>\n\t\t\t\t\t<\/div>\n\t\t\t\t<\/div>\n\t\t\t\t<\/div>\n\t\t<div class=\"elementor-element elementor-element-02d41ab e-con-full project__count e-flex e-con e-parent\" data-id=\"02d41ab\" data-element_type=\"container\" data-settings=\"{&quot;background_background&quot;:&quot;classic&quot;}\">\n\t\t<div class=\"elementor-element elementor-element-1528fd3 container e-flex e-con-boxed e-con e-child\" data-id=\"1528fd3\" data-element_type=\"container\">\n\t\t\t\t\t<div class=\"e-con-inner\">\n\t\t<div class=\"elementor-element elementor-element-a668f87 e-flex e-con-boxed e-con e-child\" data-id=\"a668f87\" data-element_type=\"container\">\n\t\t\t\t\t<div class=\"e-con-inner\">\n\t\t\t\t<div class=\"elementor-element elementor-element-a47eb86 elementor-widget__width-auto elementor-widget elementor-widget-heading\" data-id=\"a47eb86\" data-element_type=\"widget\" data-widget_type=\"heading.default\">\n\t\t\t\t<div class=\"elementor-widget-container\">\n\t\t\t\t\t<h2 class=\"elementor-heading-title elementor-size-default\">\u201eCOMPutational Seniors\u201c el. vadovas suaugusi\u0173j\u0173 mokytojams<\/h2>\t\t\t\t<\/div>\n\t\t\t\t<\/div>\n\t\t\t\t<div class=\"elementor-element elementor-element-f7d6feb elementor-widget__width-initial elementor-widget elementor-widget-text-editor\" data-id=\"f7d6feb\" data-element_type=\"widget\" data-widget_type=\"text-editor.default\">\n\t\t\t\t<div class=\"elementor-widget-container\">\n\t\t\t\t\t\t\t\t\t<p>El. vadovas \u2013 tai pedagoginis pasi\u016blymas, kuris pad\u0117s mokym\u0173 vadovams naudoti ir integruoti informatin\u012f m\u0105stym\u0105 \u012f suaugusi\u0173j\u0173 mokymo planus, juos rengiant ir tobulinant tiek formalioje, tiek neformalioje aplinkoje. El. vadovas pateikia rekomendacijas, praktinius atvejo analizes pavyzd\u017eius ir mokymosi scenarijus, taip pat i\u0161teklius, skirtus darbui su ypa\u010d pa\u017eeid\u017eiamomis suaugusi\u0173j\u0173 grup\u0117mis.<\/p><p><a href=\"https:\/\/computationalseniors.eu\/lt\/e-guide\/\"><span lang=\"EN-US\">\u010cia rasite elektronin\u012f vadov\u0105<\/span><\/a><\/p>\t\t\t\t\t\t\t\t<\/div>\n\t\t\t\t<\/div>\n\t\t\t\t\t<\/div>\n\t\t\t\t<\/div>\n\t\t\t\t\t<\/div>\n\t\t\t\t<\/div>\n\t\t\t\t<\/div>\n\t\t<div class=\"elementor-element elementor-element-73d907d e-con-full real__world bgsection e-flex e-con e-parent\" data-id=\"73d907d\" data-element_type=\"container\" data-settings=\"{&quot;background_background&quot;:&quot;classic&quot;}\">\n\t\t\t\t<div class=\"elementor-element elementor-element-7da7fc5 elementor-absolute elementor-widget elementor-widget-tp-image-showcase\" data-id=\"7da7fc5\" data-element_type=\"widget\" data-settings=\"{&quot;_position&quot;:&quot;absolute&quot;}\" data-widget_type=\"tp-image-showcase.default\">\n\t\t\t\t<div class=\"elementor-widget-container\">\n\t\t\t\t\t                        <div class=\"themephi-image no\">\r\n                                            <img decoding=\"async\" class=\"themephi-multi-image  image-rotate image-scale\" src=\"https:\/\/softivuslab.com\/wp\/intellicon\/wp-content\/uploads\/2024\/06\/blumb.png\" alt=\"image\"\/>\r\n                                    <\/div>\r\n                    \r\n               \r\n    \t\t\t\t<\/div>\n\t\t\t\t<\/div>\n\t\t\t\t<div class=\"elementor-element elementor-element-d269ee2 elementor-absolute elementor-widget elementor-widget-tp-image-showcase\" data-id=\"d269ee2\" data-element_type=\"widget\" data-settings=\"{&quot;_position&quot;:&quot;absolute&quot;}\" data-widget_type=\"tp-image-showcase.default\">\n\t\t\t\t<div class=\"elementor-widget-container\">\n\t\t\t\t\t                        <div class=\"themephi-image no\">\r\n                                            <img decoding=\"async\" class=\"themephi-multi-image  image-rotate image-scale\" src=\"https:\/\/softivuslab.com\/wp\/intellicon\/wp-content\/uploads\/2024\/06\/blumb.png\" alt=\"image\"\/>\r\n                                    <\/div>\r\n                    \r\n               \r\n    \t\t\t\t<\/div>\n\t\t\t\t<\/div>\n\t\t\t\t<div class=\"elementor-element elementor-element-b2acc91 elementor-absolute elementor-widget elementor-widget-tp-image-showcase\" data-id=\"b2acc91\" data-element_type=\"widget\" data-settings=\"{&quot;_position&quot;:&quot;absolute&quot;}\" data-widget_type=\"tp-image-showcase.default\">\n\t\t\t\t<div class=\"elementor-widget-container\">\n\t\t\t\t\t                        <div class=\"themephi-image no\">\r\n                                            <img decoding=\"async\" class=\"themephi-multi-image   image-scale\" src=\"https:\/\/softivuslab.com\/wp\/intellicon\/wp-content\/uploads\/2024\/06\/include-element.png\" alt=\"image\"\/>\r\n                                    <\/div>\r\n                    \r\n               \r\n    \t\t\t\t<\/div>\n\t\t\t\t<\/div>\n\t\t\t\t<div class=\"elementor-element elementor-element-1cc2a0f elementor-absolute elementor-widget elementor-widget-tp-image-showcase\" data-id=\"1cc2a0f\" data-element_type=\"widget\" data-settings=\"{&quot;_position&quot;:&quot;absolute&quot;}\" data-widget_type=\"tp-image-showcase.default\">\n\t\t\t\t<div class=\"elementor-widget-container\">\n\t\t\t\t\t                        <div class=\"themephi-image no\">\r\n                                            <img decoding=\"async\" class=\"themephi-multi-image   image-scale\" src=\"https:\/\/softivuslab.com\/wp\/intellicon\/wp-content\/uploads\/2024\/06\/real.png\" alt=\"image\"\/>\r\n                                    <\/div>\r\n                    \r\n               \r\n    \t\t\t\t<\/div>\n\t\t\t\t<\/div>\n\t\t<div class=\"elementor-element elementor-element-2868b7a container e-flex e-con-boxed e-con e-child\" data-id=\"2868b7a\" data-element_type=\"container\">\n\t\t\t\t\t<div class=\"e-con-inner\">\n\t\t<div class=\"elementor-element elementor-element-a207b9f e-flex e-con-boxed e-con e-child\" data-id=\"a207b9f\" data-element_type=\"container\">\n\t\t\t\t\t<div class=\"e-con-inner\">\n\t\t\t\t<div class=\"elementor-element elementor-element-f3b9c90 elementor-widget__width-initial elementor-widget elementor-widget-heading\" data-id=\"f3b9c90\" data-element_type=\"widget\" data-widget_type=\"heading.default\">\n\t\t\t\t<div class=\"elementor-widget-container\">\n\t\t\t\t\t<h2 class=\"elementor-heading-title elementor-size-default\">\u201eCOMPutational Seniors\u201c nesusietos mokymosi veiklos \u201eLearning Box\u201c<\/h2>\t\t\t\t<\/div>\n\t\t\t\t<\/div>\n\t\t\t\t<div class=\"elementor-element elementor-element-597018d elementor-widget__width-initial elementor-widget elementor-widget-text-editor\" data-id=\"597018d\" data-element_type=\"widget\" data-widget_type=\"text-editor.default\">\n\t\t\t\t<div class=\"elementor-widget-container\">\n\t\t\t\t\t\t\t\t\t<p>\u201eCOMPutational Seniors Learning Box\u201c yra \u017eaidybinis i\u0161teklius, kuriame taikomas i\u0161\u0161\u016bkiais grind\u017eiamas mokymo metodas, sudarytas i\u0161 50 nesusiet\u0173 veikl\u0173, skirt\u0173 \u017eemos kvalifikacijos suaugusi\u0173j\u0173 pagrindiniams \u012fg\u016bd\u017eiams \u012fgyti taikant informatin\u012f m\u0105stym\u0105.<\/p>\n\t\t\t\t\t\t\t\t<\/div>\n\t\t\t\t<\/div>\n\t\t\t\t\t<\/div>\n\t\t\t\t<\/div>\n\t\t\t\t\t<\/div>\n\t\t\t\t<\/div>\n\t\t\t\t<\/div>\n\t\t\t\t<\/div>\n\t\t","protected":false},"excerpt":{"rendered":"<p>Licencijavimas Projekto \u201eCOMPutational Seniors\u201c mokymo i\u0161tekliai sukurti ir si\u016blomi pagal \u201eCreative Commons\u201c (CC) licencij\u0105, o tai rei\u0161kia, kad jie yra atviri ir nemokami \u0161vietimo i\u0161tekliai. I\u0161tekliai taip pat sukurti redaguojamoje ir pakartotinai naudojamoje versijoje (Creative Commons logotipas). Jie sukurti atsi\u017evelgiant \u012f novatori\u0161k\u0105 pedagogin\u0119 perspektyv\u0105, kurioje derinamos \u012fvairios metodikos, skirtos u\u017etikrinti \u012f besimokant\u012fj\u012f orientuot\u0105 mokymosi proces\u0105&#8230;.<\/p>\n","protected":false},"author":1,"featured_media":0,"parent":0,"menu_order":0,"comment_status":"closed","ping_status":"closed","template":"elementor_header_footer","meta":{"footnotes":""},"class_list":["post-8618","page","type-page","status-publish","hentry"],"_links":{"self":[{"href":"https:\/\/computationalseniors.eu\/lt\/wp-json\/wp\/v2\/pages\/8618","targetHints":{"allow":["GET"]}}],"collection":[{"href":"https:\/\/computationalseniors.eu\/lt\/wp-json\/wp\/v2\/pages"}],"about":[{"href":"https:\/\/computationalseniors.eu\/lt\/wp-json\/wp\/v2\/types\/page"}],"author":[{"embeddable":true,"href":"https:\/\/computationalseniors.eu\/lt\/wp-json\/wp\/v2\/users\/1"}],"replies":[{"embeddable":true,"href":"https:\/\/computationalseniors.eu\/lt\/wp-json\/wp\/v2\/comments?post=8618"}],"version-history":[{"count":22,"href":"https:\/\/computationalseniors.eu\/lt\/wp-json\/wp\/v2\/pages\/8618\/revisions"}],"predecessor-version":[{"id":10239,"href":"https:\/\/computationalseniors.eu\/lt\/wp-json\/wp\/v2\/pages\/8618\/revisions\/10239"}],"wp:attachment":[{"href":"https:\/\/computationalseniors.eu\/lt\/wp-json\/wp\/v2\/media?parent=8618"}],"curies":[{"name":"wp","href":"https:\/\/api.w.org\/{rel}","templated":true}]}}