{"id":8611,"date":"2024-07-10T11:30:42","date_gmt":"2024-07-10T11:30:42","guid":{"rendered":"https:\/\/compuseniors.berein.com\/partneriai\/"},"modified":"2025-01-14T08:33:53","modified_gmt":"2025-01-14T08:33:53","slug":"partneriai","status":"publish","type":"page","link":"https:\/\/computationalseniors.eu\/lt\/partneriai\/","title":{"rendered":"Partneriai"},"content":{"rendered":"\t\t<div data-elementor-type=\"wp-page\" data-elementor-id=\"8611\" class=\"elementor elementor-8611 elementor-6108\" data-elementor-post-type=\"page\">\n\t\t\t\t<div class=\"elementor-element elementor-element-4a6136a e-flex e-con-boxed e-con e-parent\" data-id=\"4a6136a\" data-element_type=\"container\">\n\t\t\t\t\t<div class=\"e-con-inner\">\n\t\t\t\t<div class=\"elementor-element elementor-element-cf457f5 elementor-widget elementor-widget-heading\" data-id=\"cf457f5\" data-element_type=\"widget\" data-widget_type=\"heading.default\">\n\t\t\t\t<div class=\"elementor-widget-container\">\n\t\t\t\t\t<h3 class=\"elementor-heading-title elementor-size-default\">Projekto \u201eCOMPutational Seniors\u201c konsorcium\u0105 sudaro \u0161ie partneriai.<\/h3>\t\t\t\t<\/div>\n\t\t\t\t<\/div>\n\t\t\t\t\t<\/div>\n\t\t\t\t<\/div>\n\t\t<div class=\"elementor-element elementor-element-8fc9e1a e-grid e-con-boxed e-con e-parent\" data-id=\"8fc9e1a\" data-element_type=\"container\">\n\t\t\t\t\t<div class=\"e-con-inner\">\n\t\t<div class=\"elementor-element elementor-element-e93f92f e-con-full e-flex e-con e-child\" data-id=\"e93f92f\" data-element_type=\"container\">\n\t\t\t\t<div class=\"elementor-element elementor-element-2f8c4b0 elementor-widget elementor-widget-image\" data-id=\"2f8c4b0\" data-element_type=\"widget\" data-widget_type=\"image.default\">\n\t\t\t\t<div class=\"elementor-widget-container\">\n\t\t\t\t\t\t\t\t\t\t\t\t\t\t\t<img fetchpriority=\"high\" decoding=\"async\" width=\"530\" height=\"400\" src=\"https:\/\/computationalseniors.eu\/wp-content\/uploads\/2025\/01\/mediacreativa-1.png\" class=\"attachment-large size-large wp-image-8220\" alt=\"\" srcset=\"https:\/\/computationalseniors.eu\/wp-content\/uploads\/2025\/01\/mediacreativa-1.png 530w, https:\/\/computationalseniors.eu\/wp-content\/uploads\/2025\/01\/mediacreativa-1-300x226.png 300w\" sizes=\"(max-width: 530px) 100vw, 530px\" \/>\t\t\t\t\t\t\t\t\t\t\t\t\t\t\t<\/div>\n\t\t\t\t<\/div>\n\t\t\t\t<div class=\"elementor-element elementor-element-0bee362 elementor-widget elementor-widget-heading\" data-id=\"0bee362\" data-element_type=\"widget\" data-widget_type=\"heading.default\">\n\t\t\t\t<div class=\"elementor-widget-container\">\n\t\t\t\t\t<h4 class=\"elementor-heading-title elementor-size-default\">Media Creativa<\/h4>\t\t\t\t<\/div>\n\t\t\t\t<\/div>\n\t\t\t\t<div class=\"elementor-element elementor-element-680d443 elementor-widget elementor-widget-text-editor\" data-id=\"680d443\" data-element_type=\"widget\" data-widget_type=\"text-editor.default\">\n\t\t\t\t<div class=\"elementor-widget-container\">\n\t\t\t\t\t\t\t\t\t<p>Media Creativa (MC) yra daugiau nei 20 met\u0173 patirties, i\u0161\u0161\u016bki\u0173 ir pamok\u0173, i\u0161mokt\u0173 i\u0161 tarpdisciplinin\u0117s specialist\u0173 grup\u0117s, kuri\u0105 vienija bendra aistra \u2013 \u0161vietimo naujov\u0117s, rezultatas.<\/p>\n<p>MC dirba siekdamas suteikti vert\u0119 mokymosi erdv\u0117ms, tirdamas, kurdamas ir pl\u0117todamas kitok\u012f mokymo pasi\u016blym\u0105, \u012fkv\u0117pt\u0105 naujovi\u0161k\u0173 metodik\u0173 ir pedagogini\u0173 metod\u0173, toki\u0173 kaip pasakojimas (\u012fskaitant skaitmenin\u012f pasakojim\u0105), problemomis gr\u012fstas mokymas, \u017eaidimai, \u017eaidimais gr\u012fstas mokymasis ir kt.<\/p>\n<p>d\u0117mesys skiriamas viso nauj\u0173j\u0173 technologij\u0173 teikiamo potencialo i\u0161naudojimui, novatori\u0161k\u0173 pedagogini\u0173 metod\u0173 k\u016brimas taikomas formalioms, neformalioms ir savaimin\u0117ms aplinkoms.<\/p>\n\t\t\t\t\t\t\t\t<\/div>\n\t\t\t\t<\/div>\n\t\t\t\t<div class=\"elementor-element elementor-element-49b62d2 elementor-widget elementor-widget-text-editor\" data-id=\"49b62d2\" data-element_type=\"widget\" data-widget_type=\"text-editor.default\">\n\t\t\t\t<div class=\"elementor-widget-container\">\n\t\t\t\t\t\t\t\t\t<p><a href=\"https:\/\/mediacreativa.eu\/\" target=\"_blank\" rel=\"noopener\">Skaityti daugiau &gt;&gt;<\/a><\/p>\n\t\t\t\t\t\t\t\t<\/div>\n\t\t\t\t<\/div>\n\t\t\t\t<\/div>\n\t\t<div class=\"elementor-element elementor-element-31d4fed e-con-full e-flex e-con e-child\" data-id=\"31d4fed\" data-element_type=\"container\">\n\t\t\t\t<div class=\"elementor-element elementor-element-89cac0a elementor-widget elementor-widget-image\" data-id=\"89cac0a\" data-element_type=\"widget\" data-widget_type=\"image.default\">\n\t\t\t\t<div class=\"elementor-widget-container\">\n\t\t\t\t\t\t\t\t\t\t\t\t\t\t\t<img decoding=\"async\" width=\"530\" height=\"400\" src=\"https:\/\/computationalseniors.eu\/wp-content\/uploads\/2025\/01\/diputacion_alava.png\" class=\"attachment-large size-large wp-image-8225\" alt=\"\" srcset=\"https:\/\/computationalseniors.eu\/wp-content\/uploads\/2025\/01\/diputacion_alava.png 530w, https:\/\/computationalseniors.eu\/wp-content\/uploads\/2025\/01\/diputacion_alava-300x226.png 300w\" sizes=\"(max-width: 530px) 100vw, 530px\" \/>\t\t\t\t\t\t\t\t\t\t\t\t\t\t\t<\/div>\n\t\t\t\t<\/div>\n\t\t\t\t<div class=\"elementor-element elementor-element-c73cbe8 elementor-widget elementor-widget-heading\" data-id=\"c73cbe8\" data-element_type=\"widget\" data-widget_type=\"heading.default\">\n\t\t\t\t<div class=\"elementor-widget-container\">\n\t\t\t\t\t<h4 class=\"elementor-heading-title elementor-size-default\">Diputaci\u00f3n Foral de \u00c1lava<\/h4>\t\t\t\t<\/div>\n\t\t\t\t<\/div>\n\t\t\t\t<div class=\"elementor-element elementor-element-8c7bfe9 elementor-widget elementor-widget-text-editor\" data-id=\"8c7bfe9\" data-element_type=\"widget\" data-widget_type=\"text-editor.default\">\n\t\t\t\t<div class=\"elementor-widget-container\">\n\t\t\t\t\t\t\t\t\t<p>Diputaci\u00f3n Foral de \u00c1lava (Diputaci\u00f3n Foral de \u00c1lava) valdo ir administruoja \u00c1lavos provincij\u0105, tur\u0117dama \u012fgaliojimus \u012fvairiose srityse, pavyzd\u017eiui, mokes\u010di\u0173, socialini\u0173 paslaug\u0173, keli\u0173 infrastrukt\u016bros, ekonomin\u0117s pl\u0117tros, judumo ir u\u017eimtumo, prekybos bei turizmo skatinimo politikos srityse.<\/p>\n<p>Vykdydama savo \u012fgaliojimus, DFA rengia \u012fvairias u\u017eimtumo mokymo programas, skirtas aktyviems gyventojams ir ypa\u010d bedarbiams. \u0160i\u0173 program\u0173 tikslas \u2013 skatinti kokybi\u0161k\u0105 u\u017eimtum\u0105.<\/p>\n<div> <\/div>\n\t\t\t\t\t\t\t\t<\/div>\n\t\t\t\t<\/div>\n\t\t\t\t<div class=\"elementor-element elementor-element-7cccfbe elementor-widget elementor-widget-text-editor\" data-id=\"7cccfbe\" data-element_type=\"widget\" data-widget_type=\"text-editor.default\">\n\t\t\t\t<div class=\"elementor-widget-container\">\n\t\t\t\t\t\t\t\t\t<p><a href=\"https:\/\/web.araba.eus\/es\/home\" target=\"_blank\" rel=\"noopener\">Skaityti daugiau &gt;&gt;<\/a><\/p>\n\t\t\t\t\t\t\t\t<\/div>\n\t\t\t\t<\/div>\n\t\t\t\t<\/div>\n\t\t<div class=\"elementor-element elementor-element-22d8218 e-con-full e-flex e-con e-child\" data-id=\"22d8218\" data-element_type=\"container\">\n\t\t\t\t<div class=\"elementor-element elementor-element-dd0d81e elementor-widget elementor-widget-image\" data-id=\"dd0d81e\" data-element_type=\"widget\" data-widget_type=\"image.default\">\n\t\t\t\t<div class=\"elementor-widget-container\">\n\t\t\t\t\t\t\t\t\t\t\t\t\t\t\t<img decoding=\"async\" width=\"630\" height=\"400\" src=\"https:\/\/computationalseniors.eu\/wp-content\/uploads\/2025\/01\/KTU_logotipas_pilnas_EN_juodas.png\" class=\"attachment-large size-large wp-image-8268\" alt=\"\" srcset=\"https:\/\/computationalseniors.eu\/wp-content\/uploads\/2025\/01\/KTU_logotipas_pilnas_EN_juodas.png 630w, https:\/\/computationalseniors.eu\/wp-content\/uploads\/2025\/01\/KTU_logotipas_pilnas_EN_juodas-300x190.png 300w\" sizes=\"(max-width: 630px) 100vw, 630px\" \/>\t\t\t\t\t\t\t\t\t\t\t\t\t\t\t<\/div>\n\t\t\t\t<\/div>\n\t\t\t\t<div class=\"elementor-element elementor-element-edd9242 elementor-widget elementor-widget-heading\" data-id=\"edd9242\" data-element_type=\"widget\" data-widget_type=\"heading.default\">\n\t\t\t\t<div class=\"elementor-widget-container\">\n\t\t\t\t\t<h4 class=\"elementor-heading-title elementor-size-default\">Kauno Technologijos Universitetas<\/h4>\t\t\t\t<\/div>\n\t\t\t\t<\/div>\n\t\t\t\t<div class=\"elementor-element elementor-element-1b1c216 elementor-widget elementor-widget-text-editor\" data-id=\"1b1c216\" data-element_type=\"widget\" data-widget_type=\"text-editor.default\">\n\t\t\t\t<div class=\"elementor-widget-container\">\n\t\t\t\t\t\t\t\t\t<p>Kauno technologijos universiteto \u012fsteigtas 1922 m., kai buvo \u012fkurtas Lietuvos universitetas ir jo technikos fakultetai.<\/p>\n<p>The development of Lithuanian scientific ideas continued in the first Lithuanian independent technical school of higher education (in 1950\u20131990) titled Kaunas Polytechnic Institute (KPI)).<\/p>\n<p>1990 m. Kauno technologijos universitetas atgavo universiteto status\u0105 ir pasuko spar\u010di\u0173 studij\u0173 ir mokslo reform\u0173 keliu. Universitetas ir toliau siekia tvarios mokslo, verslo ir pramon\u0117s partneryst\u0117s, kuria ir \u012fgyvendina naujas id\u0117jas, inovacijas ir i\u0161radimus.<\/p>\n<p>Nuo 1922 m. universitet\u0105 baig\u0117 daugiau kaip 157 t\u016bkst. absolvent\u0173.<\/p>\n<p>Kauno technologijos universitete veikia 9 fakultetai, 8 institutai, 9 mokslini\u0173 tyrim\u0173 centrai.<\/p>\n<p>Universitetas yra dviej\u0173 integruot\u0173 mokslo, studij\u0173 ir verslo centr\u0173 (sl\u0117ni\u0173) &#8211; Santakos ir Nemuno &#8211; steig\u0117jas. U\u017e universiteto mokslin\u0117s produkcijos apsaug\u0105 ir komercializavim\u0105 atsakingas KTU Nacionalinis inovacij\u0173 ir verslumo centras.<\/p>\n<p>Universitete \u012fsteigtas Dirbtinio intelekto centras, atsakingas u\u017e KTU dirbtinio intelekto pl\u0117tros politikos formavim\u0105 ir veiklos, susijusios su dirbtiniu intelektu, koordinavim\u0105.<\/p>\n\t\t\t\t\t\t\t\t<\/div>\n\t\t\t\t<\/div>\n\t\t\t\t<div class=\"elementor-element elementor-element-c7808ea elementor-widget elementor-widget-text-editor\" data-id=\"c7808ea\" data-element_type=\"widget\" data-widget_type=\"text-editor.default\">\n\t\t\t\t<div class=\"elementor-widget-container\">\n\t\t\t\t\t\t\t\t\t<p><a href=\"https:\/\/ktu.edu\/\" target=\"_blank\" rel=\"noopener\">Skaityti daugiau &gt;&gt;<\/a><\/p>\n\t\t\t\t\t\t\t\t<\/div>\n\t\t\t\t<\/div>\n\t\t\t\t<\/div>\n\t\t<div class=\"elementor-element elementor-element-70c6088 e-con-full e-flex e-con e-child\" data-id=\"70c6088\" data-element_type=\"container\">\n\t\t\t\t<div class=\"elementor-element elementor-element-f5f7da2 elementor-widget elementor-widget-image\" data-id=\"f5f7da2\" data-element_type=\"widget\" data-widget_type=\"image.default\">\n\t\t\t\t<div class=\"elementor-widget-container\">\n\t\t\t\t\t\t\t\t\t\t\t\t\t\t\t<img loading=\"lazy\" decoding=\"async\" width=\"630\" height=\"400\" src=\"https:\/\/computationalseniors.eu\/wp-content\/uploads\/2025\/01\/Logo_FMIS_bez-tla.png\" class=\"attachment-large size-large wp-image-8263\" alt=\"\" srcset=\"https:\/\/computationalseniors.eu\/wp-content\/uploads\/2025\/01\/Logo_FMIS_bez-tla.png 630w, https:\/\/computationalseniors.eu\/wp-content\/uploads\/2025\/01\/Logo_FMIS_bez-tla-300x190.png 300w\" sizes=\"(max-width: 630px) 100vw, 630px\" \/>\t\t\t\t\t\t\t\t\t\t\t\t\t\t\t<\/div>\n\t\t\t\t<\/div>\n\t\t\t\t<div class=\"elementor-element elementor-element-48eab92 elementor-widget elementor-widget-heading\" data-id=\"48eab92\" data-element_type=\"widget\" data-widget_type=\"heading.default\">\n\t\t\t\t<div class=\"elementor-widget-container\">\n\t\t\t\t\t<h4 class=\"elementor-heading-title elementor-size-default\">Fundacja \"Malopolska Izba Samorzadowa\"<\/h4>\t\t\t\t<\/div>\n\t\t\t\t<\/div>\n\t\t\t\t<div class=\"elementor-element elementor-element-4643ac6 elementor-widget elementor-widget-text-editor\" data-id=\"4643ac6\" data-element_type=\"widget\" data-widget_type=\"text-editor.default\">\n\t\t\t\t<div class=\"elementor-widget-container\">\n\t\t\t\t\t\t\t\t\t<p>MIS fond\u0105 2015 m. \u012fk\u016br\u0117 universitet\u0173 profesoriai: Krokuvos UJ ir UEK. Fondo MISIJA &#8211; DIALOGAS, PROFESIONALIZMAS IR VYSTYMASIS.<\/p>\n<p>Fondo komand\u0105 sudaro \u017emon\u0117s, turintys turting\u0173 mokslini\u0173, didaktini\u0173, projektini\u0173 pasiekim\u0173, kupini aistros ir atsidavimo, kuriems svarbios tokios vertyb\u0117s kaip: demokratija, laisv\u0117, lygyb\u0117, orumas, \u017emogaus teis\u0117s.<br \/>Fondas savo veikl\u0105 nukreipia \u012f suaugusiuosius ir suaugusi\u0173j\u0173 grupes (\u012fskaitant senjorus), suinteresuotas ugdyti, stiprinti pagrindines kompetencijas (daugiausia socialines, pilietines, skaitmenines, kalbines, kult\u016brin\u0117s rai\u0161kos ir s\u0105moningumo, verslumo), universalius \u012fg\u016bd\u017eius, \u012fskaitant pagrindinius \u012fg\u016bd\u017eius, \u012fgalinan\u010dius asmenin\u012f tobul\u0117jim\u0105, b\u016btinus \u0161iuolaikiniame pasaulyje.<\/p>\n<p>Nuo fondo \u012fk\u016brimo prad\u017eios \u012fgyvendinome de\u0161imtis projekt\u0173 pla\u010diai suprantam\u0173 socialini\u0173 inovacij\u0173 srityje. Ir kartu su vietos vald\u017eios institucij\u0173 atstovais, ekspertais, tyr\u0117jais, mokslininkais ir vie\u0161osios politikos formuotojais siek\u0117me sistemini\u0173 poky\u010di\u0173 \u0161vietimo politikos ir platesn\u0117s socialin\u0117s politikos srityje, kad pagerintume suaugusi\u0173j\u0173 \u012fg\u016bd\u017eius, \u012fskaitant \u012fg\u016bd\u017eius, svarbius mokymuisi vis\u0105 gyvenim\u0105 ir vietos bendruomeni\u0173 pl\u0117trai.<\/p>\n\t\t\t\t\t\t\t\t<\/div>\n\t\t\t\t<\/div>\n\t\t\t\t<div class=\"elementor-element elementor-element-e506baa elementor-widget elementor-widget-text-editor\" data-id=\"e506baa\" data-element_type=\"widget\" data-widget_type=\"text-editor.default\">\n\t\t\t\t<div class=\"elementor-widget-container\">\n\t\t\t\t\t\t\t\t\t<p><a href=\"https:\/\/fundacjamis.org.pl\/\" target=\"_blank\" rel=\"noopener\">Skaityti daugiau &gt;&gt;<\/a><\/p>\n\t\t\t\t\t\t\t\t<\/div>\n\t\t\t\t<\/div>\n\t\t\t\t<\/div>\n\t\t<div class=\"elementor-element elementor-element-b625759 e-con-full e-flex e-con e-child\" data-id=\"b625759\" data-element_type=\"container\">\n\t\t\t\t<div class=\"elementor-element elementor-element-cbdc7fc elementor-widget elementor-widget-image\" data-id=\"cbdc7fc\" data-element_type=\"widget\" data-widget_type=\"image.default\">\n\t\t\t\t<div class=\"elementor-widget-container\">\n\t\t\t\t\t\t\t\t\t\t\t\t\t\t\t<img loading=\"lazy\" decoding=\"async\" width=\"530\" height=\"400\" src=\"https:\/\/computationalseniors.eu\/wp-content\/uploads\/2025\/01\/logo-up-transp.png\" class=\"attachment-large size-large wp-image-8257\" alt=\"\" srcset=\"https:\/\/computationalseniors.eu\/wp-content\/uploads\/2025\/01\/logo-up-transp.png 530w, https:\/\/computationalseniors.eu\/wp-content\/uploads\/2025\/01\/logo-up-transp-300x226.png 300w\" sizes=\"(max-width: 530px) 100vw, 530px\" \/>\t\t\t\t\t\t\t\t\t\t\t\t\t\t\t<\/div>\n\t\t\t\t<\/div>\n\t\t\t\t<div class=\"elementor-element elementor-element-da46119 elementor-widget elementor-widget-heading\" data-id=\"da46119\" data-element_type=\"widget\" data-widget_type=\"heading.default\">\n\t\t\t\t<div class=\"elementor-widget-container\">\n\t\t\t\t\t<h4 class=\"elementor-heading-title elementor-size-default\">Future Learning<\/h4>\t\t\t\t<\/div>\n\t\t\t\t<\/div>\n\t\t\t\t<div class=\"elementor-element elementor-element-6e7afd6 elementor-widget elementor-widget-text-editor\" data-id=\"6e7afd6\" data-element_type=\"widget\" data-widget_type=\"text-editor.default\">\n\t\t\t\t<div class=\"elementor-widget-container\">\n\t\t\t\t\t\t\t\t\t<p>Bendrov\u0117 \u201eFuture Learning\u201c buvo \u012fkurta Volose (Graikija) kaip Tesalijos universiteto K\u016brybini\u0173 technologij\u0173 mokymosi laboratorijos padalinys. Bendrov\u0117s tikslas \u2013 integruoti nauj\u0105 mokym\u0173 dizain\u0105, pedagogik\u0105 ir IRT, siekiant kurti novatori\u0161k\u0105, nauding\u0105 ir veiksming\u0105 mokymosi patirt\u012f, kuri pad\u0117t\u0173 \u012fgyti \u017eini\u0173 ir \u012fg\u016bd\u017ei\u0173, reikaling\u0173 \u0161iuolaikinei pramonei ir visuomenei. Bendrov\u0117 turi daugiau nei 20 met\u0173 patirt\u012f \u012fgyvendinant \u012fvairaus pob\u016bd\u017eio Europos, nacionalinius ir regioninius projektus. S\u0117kmingai yra \u012fgyvendinta daugiau nei 50 projekt\u0173.<\/p>\n\t\t\t\t\t\t\t\t<\/div>\n\t\t\t\t<\/div>\n\t\t\t\t<div class=\"elementor-element elementor-element-a3e357a elementor-widget elementor-widget-text-editor\" data-id=\"a3e357a\" data-element_type=\"widget\" data-widget_type=\"text-editor.default\">\n\t\t\t\t<div class=\"elementor-widget-container\">\n\t\t\t\t\t\t\t\t\t<p><a href=\"http:\/\/futurelearning2024.eu\/\" target=\"_blank\" rel=\"noopener\">Skaityti daugiau &gt;&gt;<\/a><\/p>\n\t\t\t\t\t\t\t\t<\/div>\n\t\t\t\t<\/div>\n\t\t\t\t<\/div>\n\t\t\t\t\t<\/div>\n\t\t\t\t<\/div>\n\t\t\t\t<\/div>\n\t\t","protected":false},"excerpt":{"rendered":"<p>Projekto \u201eCOMPutational Seniors\u201c konsorcium\u0105 sudaro \u0161ie partneriai. Media Creativa Media Creativa (MC) yra daugiau nei 20 met\u0173 patirties, i\u0161\u0161\u016bki\u0173 ir pamok\u0173, i\u0161mokt\u0173 i\u0161 tarpdisciplinin\u0117s specialist\u0173 grup\u0117s, kuri\u0105 vienija bendra aistra \u2013 \u0161vietimo naujov\u0117s, rezultatas. MC dirba siekdamas suteikti vert\u0119 mokymosi erdv\u0117ms, tirdamas, kurdamas ir pl\u0117todamas kitok\u012f mokymo pasi\u016blym\u0105, \u012fkv\u0117pt\u0105 naujovi\u0161k\u0173 metodik\u0173 ir pedagogini\u0173 metod\u0173, toki\u0173&#8230;<\/p>\n","protected":false},"author":1,"featured_media":0,"parent":0,"menu_order":0,"comment_status":"closed","ping_status":"closed","template":"elementor_header_footer","meta":{"footnotes":""},"class_list":["post-8611","page","type-page","status-publish","hentry"],"_links":{"self":[{"href":"https:\/\/computationalseniors.eu\/lt\/wp-json\/wp\/v2\/pages\/8611","targetHints":{"allow":["GET"]}}],"collection":[{"href":"https:\/\/computationalseniors.eu\/lt\/wp-json\/wp\/v2\/pages"}],"about":[{"href":"https:\/\/computationalseniors.eu\/lt\/wp-json\/wp\/v2\/types\/page"}],"author":[{"embeddable":true,"href":"https:\/\/computationalseniors.eu\/lt\/wp-json\/wp\/v2\/users\/1"}],"replies":[{"embeddable":true,"href":"https:\/\/computationalseniors.eu\/lt\/wp-json\/wp\/v2\/comments?post=8611"}],"version-history":[{"count":1,"href":"https:\/\/computationalseniors.eu\/lt\/wp-json\/wp\/v2\/pages\/8611\/revisions"}],"predecessor-version":[{"id":8612,"href":"https:\/\/computationalseniors.eu\/lt\/wp-json\/wp\/v2\/pages\/8611\/revisions\/8612"}],"wp:attachment":[{"href":"https:\/\/computationalseniors.eu\/lt\/wp-json\/wp\/v2\/media?parent=8611"}],"curies":[{"name":"wp","href":"https:\/\/api.w.org\/{rel}","templated":true}]}}