{"id":9482,"date":"2025-09-10T07:30:28","date_gmt":"2025-09-10T07:30:28","guid":{"rendered":"https:\/\/computationalseniors.eu\/?page_id=9482"},"modified":"2025-09-11T12:33:58","modified_gmt":"2025-09-11T12:33:58","slug":"recursos-formativos-gratuitos","status":"publish","type":"page","link":"https:\/\/computationalseniors.eu\/es\/recursos-formativos-gratuitos\/","title":{"rendered":"Recursos Formativos Gratuitos"},"content":{"rendered":"\t\t<div data-elementor-type=\"wp-page\" data-elementor-id=\"9482\" class=\"elementor elementor-9482 elementor-9445\" data-elementor-post-type=\"page\">\n\t\t\t\t<div class=\"elementor-element elementor-element-af26225 e-grid e-con-boxed e-con e-parent\" data-id=\"af26225\" data-element_type=\"container\">\n\t\t\t\t\t<div class=\"e-con-inner\">\n\t\t<div class=\"elementor-element elementor-element-cb4d0d6 e-con-full e-flex e-con e-child\" data-id=\"cb4d0d6\" data-element_type=\"container\">\n\t\t<div class=\"elementor-element elementor-element-1755125 e-con-full e-flex e-con e-child\" data-id=\"1755125\" data-element_type=\"container\">\n\t\t\t\t<div class=\"elementor-element elementor-element-2ed36fe elementor-widget elementor-widget-image\" data-id=\"2ed36fe\" data-element_type=\"widget\" data-widget_type=\"image.default\">\n\t\t\t\t<div class=\"elementor-widget-container\">\n\t\t\t\t\t\t\t\t\t\t\t\t\t\t\t<img decoding=\"async\" width=\"150\" height=\"150\" src=\"https:\/\/computationalseniors.eu\/wp-content\/uploads\/2025\/01\/467480962_10162007410939521_2842619297420931552_n-1-150x150.jpg\" class=\"attachment-thumbnail size-thumbnail wp-image-9294\" alt=\"\" srcset=\"https:\/\/computationalseniors.eu\/wp-content\/uploads\/2025\/01\/467480962_10162007410939521_2842619297420931552_n-1-150x150.jpg 150w, https:\/\/computationalseniors.eu\/wp-content\/uploads\/2025\/01\/467480962_10162007410939521_2842619297420931552_n-1-298x300.jpg 298w, https:\/\/computationalseniors.eu\/wp-content\/uploads\/2025\/01\/467480962_10162007410939521_2842619297420931552_n-1-87x87.jpg 87w, https:\/\/computationalseniors.eu\/wp-content\/uploads\/2025\/01\/467480962_10162007410939521_2842619297420931552_n-1.jpg 526w\" sizes=\"(max-width: 150px) 100vw, 150px\" \/>\t\t\t\t\t\t\t\t\t\t\t\t\t\t\t<\/div>\n\t\t\t\t<\/div>\n\t\t\t\t<div class=\"elementor-element elementor-element-db281c2 module-title elementor-widget elementor-widget-heading\" data-id=\"db281c2\" data-element_type=\"widget\" data-widget_type=\"heading.default\">\n\t\t\t\t<div class=\"elementor-widget-container\">\n\t\t\t\t\t<h4 class=\"elementor-heading-title elementor-size-default\">M\u00f3dulo 0:<br \/>Introducci\u00f3n<\/h4>\t\t\t\t<\/div>\n\t\t\t\t<\/div>\n\t\t\t\t<div class=\"elementor-element elementor-element-725df0d module-description elementor-widget elementor-widget-text-editor\" data-id=\"725df0d\" data-element_type=\"widget\" data-widget_type=\"text-editor.default\">\n\t\t\t\t<div class=\"elementor-widget-container\">\n\t\t\t\t\t\t\t\t\t<p class=\"cvGsUA direction-ltr align-start para-style-body\"><span class=\"a_GcMg font-feature-liga-off font-feature-clig-off font-feature-calt-off text-decoration-none text-strikethrough-none\">Descubre el curso de formaci\u00f3n COMPseniors&#8230; <\/span><span class=\"a_GcMg font-feature-liga-off font-feature-clig-off font-feature-calt-off text-decoration-none text-strikethrough-none\">Tu primer paso para aprender Pensamiento Computacional<\/span><\/p>\t\t\t\t\t\t\t\t<\/div>\n\t\t\t\t<\/div>\n\t\t\t\t<\/div>\n\t\t\t\t<div class=\"elementor-element elementor-element-4a64312 elementor-align-center elementor-widget elementor-widget-button\" data-id=\"4a64312\" data-element_type=\"widget\" data-widget_type=\"button.default\">\n\t\t\t\t<div class=\"elementor-widget-container\">\n\t\t\t\t\t\t\t\t\t<div class=\"elementor-button-wrapper\">\n\t\t\t\t\t<a class=\"elementor-button elementor-button-link elementor-size-sm\" href=\"https:\/\/computationalseniors.eu\/wp-content\/uploads\/2025\/09\/COMPseniors-Module-0-Spanish.mp4\" target=\"_blank\">\n\t\t\t\t\t\t<span class=\"elementor-button-content-wrapper\">\n\t\t\t\t\t\t\t\t\t<span class=\"elementor-button-text\">Iniciar m\u00f3dulo 0<\/span>\n\t\t\t\t\t<\/span>\n\t\t\t\t\t<\/a>\n\t\t\t\t<\/div>\n\t\t\t\t\t\t\t\t<\/div>\n\t\t\t\t<\/div>\n\t\t\t\t<\/div>\n\t\t<div class=\"elementor-element elementor-element-bc4d18a e-con-full e-flex e-con e-child\" data-id=\"bc4d18a\" data-element_type=\"container\">\n\t\t<div class=\"elementor-element elementor-element-22eca88 e-con-full e-flex e-con e-child\" data-id=\"22eca88\" data-element_type=\"container\">\n\t\t\t\t<div class=\"elementor-element elementor-element-8800fd7 elementor-widget elementor-widget-image\" data-id=\"8800fd7\" data-element_type=\"widget\" data-widget_type=\"image.default\">\n\t\t\t\t<div class=\"elementor-widget-container\">\n\t\t\t\t\t\t\t\t\t\t\t\t\t\t\t<img decoding=\"async\" width=\"150\" height=\"150\" src=\"https:\/\/computationalseniors.eu\/wp-content\/uploads\/2025\/01\/467480962_10162007410939521_2842619297420931552_n-1-150x150.jpg\" class=\"attachment-thumbnail size-thumbnail wp-image-9294\" alt=\"\" srcset=\"https:\/\/computationalseniors.eu\/wp-content\/uploads\/2025\/01\/467480962_10162007410939521_2842619297420931552_n-1-150x150.jpg 150w, https:\/\/computationalseniors.eu\/wp-content\/uploads\/2025\/01\/467480962_10162007410939521_2842619297420931552_n-1-298x300.jpg 298w, https:\/\/computationalseniors.eu\/wp-content\/uploads\/2025\/01\/467480962_10162007410939521_2842619297420931552_n-1-87x87.jpg 87w, https:\/\/computationalseniors.eu\/wp-content\/uploads\/2025\/01\/467480962_10162007410939521_2842619297420931552_n-1.jpg 526w\" sizes=\"(max-width: 150px) 100vw, 150px\" \/>\t\t\t\t\t\t\t\t\t\t\t\t\t\t\t<\/div>\n\t\t\t\t<\/div>\n\t\t\t\t<div class=\"elementor-element elementor-element-7bd6619 module-title elementor-widget elementor-widget-heading\" data-id=\"7bd6619\" data-element_type=\"widget\" data-widget_type=\"heading.default\">\n\t\t\t\t<div class=\"elementor-widget-container\">\n\t\t\t\t\t<h4 class=\"elementor-heading-title elementor-size-default\">M\u00f3dulo 1: <br \/>\u00bfC\u00f3mo piensan los ordenadores?<\/h4>\t\t\t\t<\/div>\n\t\t\t\t<\/div>\n\t\t\t\t<div class=\"elementor-element elementor-element-2ea9a98 module-description elementor-widget elementor-widget-text-editor\" data-id=\"2ea9a98\" data-element_type=\"widget\" data-widget_type=\"text-editor.default\">\n\t\t\t\t<div class=\"elementor-widget-container\">\n\t\t\t\t\t\t\t\t\t<p>En este m\u00f3dulo, descubrir\u00e1s c\u00f3mo piensan los ordenadores y los <strong>principios <\/strong>que conforman el <strong>Pensamiento Computacional<\/strong>.<\/p>\t\t\t\t\t\t\t\t<\/div>\n\t\t\t\t<\/div>\n\t\t\t\t<\/div>\n\t\t\t\t<div class=\"elementor-element elementor-element-885b675 elementor-align-center elementor-widget elementor-widget-button\" data-id=\"885b675\" data-element_type=\"widget\" data-widget_type=\"button.default\">\n\t\t\t\t<div class=\"elementor-widget-container\">\n\t\t\t\t\t\t\t\t\t<div class=\"elementor-button-wrapper\">\n\t\t\t\t\t<a class=\"elementor-button elementor-button-link elementor-size-sm\" href=\"https:\/\/rise.articulate.com\/share\/HogCNLeXKxhQoEQ_jl5fv_gHDLxNRmGS#\/\" target=\"_blank\">\n\t\t\t\t\t\t<span class=\"elementor-button-content-wrapper\">\n\t\t\t\t\t\t\t\t\t<span class=\"elementor-button-text\">Iniciar m\u00f3dulo 1<\/span>\n\t\t\t\t\t<\/span>\n\t\t\t\t\t<\/a>\n\t\t\t\t<\/div>\n\t\t\t\t\t\t\t\t<\/div>\n\t\t\t\t<\/div>\n\t\t\t\t<\/div>\n\t\t<div class=\"elementor-element elementor-element-586391a e-con-full e-flex e-con e-child\" data-id=\"586391a\" data-element_type=\"container\">\n\t\t<div class=\"elementor-element elementor-element-428e341 e-con-full e-flex e-con e-child\" data-id=\"428e341\" data-element_type=\"container\">\n\t\t\t\t<div class=\"elementor-element elementor-element-d1c0abd elementor-widget elementor-widget-image\" data-id=\"d1c0abd\" data-element_type=\"widget\" data-widget_type=\"image.default\">\n\t\t\t\t<div class=\"elementor-widget-container\">\n\t\t\t\t\t\t\t\t\t\t\t\t\t\t\t<img decoding=\"async\" width=\"150\" height=\"150\" src=\"https:\/\/computationalseniors.eu\/wp-content\/uploads\/2025\/01\/467480962_10162007410939521_2842619297420931552_n-1-150x150.jpg\" class=\"attachment-thumbnail size-thumbnail wp-image-9294\" alt=\"\" srcset=\"https:\/\/computationalseniors.eu\/wp-content\/uploads\/2025\/01\/467480962_10162007410939521_2842619297420931552_n-1-150x150.jpg 150w, https:\/\/computationalseniors.eu\/wp-content\/uploads\/2025\/01\/467480962_10162007410939521_2842619297420931552_n-1-298x300.jpg 298w, https:\/\/computationalseniors.eu\/wp-content\/uploads\/2025\/01\/467480962_10162007410939521_2842619297420931552_n-1-87x87.jpg 87w, https:\/\/computationalseniors.eu\/wp-content\/uploads\/2025\/01\/467480962_10162007410939521_2842619297420931552_n-1.jpg 526w\" sizes=\"(max-width: 150px) 100vw, 150px\" \/>\t\t\t\t\t\t\t\t\t\t\t\t\t\t\t<\/div>\n\t\t\t\t<\/div>\n\t\t\t\t<div class=\"elementor-element elementor-element-521aa0a module-title elementor-widget elementor-widget-heading\" data-id=\"521aa0a\" data-element_type=\"widget\" data-widget_type=\"heading.default\">\n\t\t\t\t<div class=\"elementor-widget-container\">\n\t\t\t\t\t<h4 class=\"elementor-heading-title elementor-size-default\">M\u00f3dulo 2: <br \/>\u00bfPor qu\u00e9 es importante ense\u00f1ar Pensamiento Computacional?<\/h4>\t\t\t\t<\/div>\n\t\t\t\t<\/div>\n\t\t\t\t<div class=\"elementor-element elementor-element-2c47cab module-description elementor-widget elementor-widget-text-editor\" data-id=\"2c47cab\" data-element_type=\"widget\" data-widget_type=\"text-editor.default\">\n\t\t\t\t<div class=\"elementor-widget-container\">\n\t\t\t\t\t\t\t\t\t<p>En este m\u00f3dulo, analizaremos por qu\u00e9 la ense\u00f1anza del Pensamiento Computacional no solo es relevante, sino tambi\u00e9n esencial al trabajar con adultos, especialmente aquellos con una baja cualificaci\u00f3n.<\/p>\t\t\t\t\t\t\t\t<\/div>\n\t\t\t\t<\/div>\n\t\t\t\t<\/div>\n\t\t\t\t<div class=\"elementor-element elementor-element-27bd9a8 elementor-align-center elementor-widget elementor-widget-button\" data-id=\"27bd9a8\" data-element_type=\"widget\" data-widget_type=\"button.default\">\n\t\t\t\t<div class=\"elementor-widget-container\">\n\t\t\t\t\t\t\t\t\t<div class=\"elementor-button-wrapper\">\n\t\t\t\t\t<a class=\"elementor-button elementor-button-link elementor-size-sm\" href=\"https:\/\/rise.articulate.com\/share\/Q6gvQCAuSIesk3NZIJbKGnxg3PznGo7b#\/\" target=\"_blank\">\n\t\t\t\t\t\t<span class=\"elementor-button-content-wrapper\">\n\t\t\t\t\t\t\t\t\t<span class=\"elementor-button-text\">Iniciar m\u00f3dulo 2<\/span>\n\t\t\t\t\t<\/span>\n\t\t\t\t\t<\/a>\n\t\t\t\t<\/div>\n\t\t\t\t\t\t\t\t<\/div>\n\t\t\t\t<\/div>\n\t\t\t\t<\/div>\n\t\t<div class=\"elementor-element elementor-element-42d47db e-con-full e-flex e-con e-child\" data-id=\"42d47db\" data-element_type=\"container\">\n\t\t<div class=\"elementor-element elementor-element-099f49b e-con-full e-flex e-con e-child\" data-id=\"099f49b\" data-element_type=\"container\">\n\t\t\t\t<div class=\"elementor-element elementor-element-d711df9 elementor-widget elementor-widget-image\" data-id=\"d711df9\" data-element_type=\"widget\" data-widget_type=\"image.default\">\n\t\t\t\t<div class=\"elementor-widget-container\">\n\t\t\t\t\t\t\t\t\t\t\t\t\t\t\t<img decoding=\"async\" width=\"150\" height=\"150\" src=\"https:\/\/computationalseniors.eu\/wp-content\/uploads\/2025\/01\/467480962_10162007410939521_2842619297420931552_n-1-150x150.jpg\" class=\"attachment-thumbnail size-thumbnail wp-image-9294\" alt=\"\" srcset=\"https:\/\/computationalseniors.eu\/wp-content\/uploads\/2025\/01\/467480962_10162007410939521_2842619297420931552_n-1-150x150.jpg 150w, https:\/\/computationalseniors.eu\/wp-content\/uploads\/2025\/01\/467480962_10162007410939521_2842619297420931552_n-1-298x300.jpg 298w, https:\/\/computationalseniors.eu\/wp-content\/uploads\/2025\/01\/467480962_10162007410939521_2842619297420931552_n-1-87x87.jpg 87w, https:\/\/computationalseniors.eu\/wp-content\/uploads\/2025\/01\/467480962_10162007410939521_2842619297420931552_n-1.jpg 526w\" sizes=\"(max-width: 150px) 100vw, 150px\" \/>\t\t\t\t\t\t\t\t\t\t\t\t\t\t\t<\/div>\n\t\t\t\t<\/div>\n\t\t\t\t<div class=\"elementor-element elementor-element-f9be334 module-title elementor-widget elementor-widget-heading\" data-id=\"f9be334\" data-element_type=\"widget\" data-widget_type=\"heading.default\">\n\t\t\t\t<div class=\"elementor-widget-container\">\n\t\t\t\t\t<h4 class=\"elementor-heading-title elementor-size-default\">M\u00f3dulo 3: <br \/>Integrando el Pensamiento Computacional en educaci\u00f3n para adultos<\/h4>\t\t\t\t<\/div>\n\t\t\t\t<\/div>\n\t\t\t\t<div class=\"elementor-element elementor-element-4f5b154 module-description elementor-widget elementor-widget-text-editor\" data-id=\"4f5b154\" data-element_type=\"widget\" data-widget_type=\"text-editor.default\">\n\t\t\t\t<div class=\"elementor-widget-container\">\n\t\t\t\t\t\t\t\t\t<div class=\"block-image__col\"><div class=\"block-image__text brand--linkColor\"><div class=\"fr-view rise-tiptap\"><div><p>En este m\u00f3dulo, exploraremos c\u00f3mo integrar el pensamiento computacional en entornos de educaci\u00f3n de adultos, centr\u00e1ndonos en su valor pr\u00e1ctico, accesibilidad y adaptabilidad a diversas necesidades de aprendizaje.<\/p><\/div><\/div><\/div><\/div>\t\t\t\t\t\t\t\t<\/div>\n\t\t\t\t<\/div>\n\t\t\t\t<\/div>\n\t\t\t\t<div class=\"elementor-element elementor-element-f1ef734 elementor-align-center elementor-widget elementor-widget-button\" data-id=\"f1ef734\" data-element_type=\"widget\" data-widget_type=\"button.default\">\n\t\t\t\t<div class=\"elementor-widget-container\">\n\t\t\t\t\t\t\t\t\t<div class=\"elementor-button-wrapper\">\n\t\t\t\t\t<a class=\"elementor-button elementor-button-link elementor-size-sm\" href=\"https:\/\/rise.articulate.com\/share\/GjxBf_vsdEFLm0n-Yed37bV-9DRgvr7p#\/\" target=\"_blank\">\n\t\t\t\t\t\t<span class=\"elementor-button-content-wrapper\">\n\t\t\t\t\t\t\t\t\t<span class=\"elementor-button-text\">Iniciar m\u00f3dulo 3<\/span>\n\t\t\t\t\t<\/span>\n\t\t\t\t\t<\/a>\n\t\t\t\t<\/div>\n\t\t\t\t\t\t\t\t<\/div>\n\t\t\t\t<\/div>\n\t\t\t\t<\/div>\n\t\t<div class=\"elementor-element elementor-element-720ec67 e-con-full e-flex e-con e-child\" data-id=\"720ec67\" data-element_type=\"container\">\n\t\t<div class=\"elementor-element elementor-element-33078b7 e-con-full e-flex e-con e-child\" data-id=\"33078b7\" data-element_type=\"container\">\n\t\t\t\t<div class=\"elementor-element elementor-element-201052f elementor-widget elementor-widget-image\" data-id=\"201052f\" data-element_type=\"widget\" data-widget_type=\"image.default\">\n\t\t\t\t<div class=\"elementor-widget-container\">\n\t\t\t\t\t\t\t\t\t\t\t\t\t\t\t<img decoding=\"async\" width=\"150\" height=\"150\" src=\"https:\/\/computationalseniors.eu\/wp-content\/uploads\/2025\/01\/467480962_10162007410939521_2842619297420931552_n-1-150x150.jpg\" class=\"attachment-thumbnail size-thumbnail wp-image-9294\" alt=\"\" srcset=\"https:\/\/computationalseniors.eu\/wp-content\/uploads\/2025\/01\/467480962_10162007410939521_2842619297420931552_n-1-150x150.jpg 150w, https:\/\/computationalseniors.eu\/wp-content\/uploads\/2025\/01\/467480962_10162007410939521_2842619297420931552_n-1-298x300.jpg 298w, https:\/\/computationalseniors.eu\/wp-content\/uploads\/2025\/01\/467480962_10162007410939521_2842619297420931552_n-1-87x87.jpg 87w, https:\/\/computationalseniors.eu\/wp-content\/uploads\/2025\/01\/467480962_10162007410939521_2842619297420931552_n-1.jpg 526w\" sizes=\"(max-width: 150px) 100vw, 150px\" \/>\t\t\t\t\t\t\t\t\t\t\t\t\t\t\t<\/div>\n\t\t\t\t<\/div>\n\t\t\t\t<div class=\"elementor-element elementor-element-784d552 module-title elementor-widget elementor-widget-heading\" data-id=\"784d552\" data-element_type=\"widget\" data-widget_type=\"heading.default\">\n\t\t\t\t<div class=\"elementor-widget-container\">\n\t\t\t\t\t<h4 class=\"elementor-heading-title elementor-size-default\">M\u00f3dulo 4: <br \/>Estrategias de ense\u00f1anza<\/h4>\t\t\t\t<\/div>\n\t\t\t\t<\/div>\n\t\t\t\t<div class=\"elementor-element elementor-element-db668c0 module-description elementor-widget elementor-widget-text-editor\" data-id=\"db668c0\" data-element_type=\"widget\" data-widget_type=\"text-editor.default\">\n\t\t\t\t<div class=\"elementor-widget-container\">\n\t\t\t\t\t\t\t\t\t<p>En este m\u00f3dulo exploraremos c\u00f3mo el Pensamiento Computacional puede utilizarse como una estrategia para fomentar el desarrollo de habilidades interpersonales y cognitivas en adultos con baja cualificaci\u00f3n.<\/p>\t\t\t\t\t\t\t\t<\/div>\n\t\t\t\t<\/div>\n\t\t\t\t<\/div>\n\t\t\t\t<div class=\"elementor-element elementor-element-f892626 elementor-align-center elementor-widget elementor-widget-button\" data-id=\"f892626\" data-element_type=\"widget\" data-widget_type=\"button.default\">\n\t\t\t\t<div class=\"elementor-widget-container\">\n\t\t\t\t\t\t\t\t\t<div class=\"elementor-button-wrapper\">\n\t\t\t\t\t<a class=\"elementor-button elementor-button-link elementor-size-sm\" href=\"https:\/\/rise.articulate.com\/share\/d0-7kSeRoGPxiIK2T91ytnGD10yF5Eik#\/\" target=\"_blank\">\n\t\t\t\t\t\t<span class=\"elementor-button-content-wrapper\">\n\t\t\t\t\t\t\t\t\t<span class=\"elementor-button-text\">Iniciar m\u00f3dulo 4<\/span>\n\t\t\t\t\t<\/span>\n\t\t\t\t\t<\/a>\n\t\t\t\t<\/div>\n\t\t\t\t\t\t\t\t<\/div>\n\t\t\t\t<\/div>\n\t\t\t\t<\/div>\n\t\t<div class=\"elementor-element elementor-element-c90c6b9 e-con-full e-flex e-con e-child\" data-id=\"c90c6b9\" data-element_type=\"container\">\n\t\t<div class=\"elementor-element elementor-element-c102a60 e-con-full e-flex e-con e-child\" data-id=\"c102a60\" data-element_type=\"container\">\n\t\t\t\t<div class=\"elementor-element elementor-element-f7c4498 elementor-widget elementor-widget-image\" data-id=\"f7c4498\" data-element_type=\"widget\" data-widget_type=\"image.default\">\n\t\t\t\t<div class=\"elementor-widget-container\">\n\t\t\t\t\t\t\t\t\t\t\t\t\t\t\t<img decoding=\"async\" width=\"150\" height=\"150\" src=\"https:\/\/computationalseniors.eu\/wp-content\/uploads\/2025\/01\/467480962_10162007410939521_2842619297420931552_n-1-150x150.jpg\" class=\"attachment-thumbnail size-thumbnail wp-image-9294\" alt=\"\" srcset=\"https:\/\/computationalseniors.eu\/wp-content\/uploads\/2025\/01\/467480962_10162007410939521_2842619297420931552_n-1-150x150.jpg 150w, https:\/\/computationalseniors.eu\/wp-content\/uploads\/2025\/01\/467480962_10162007410939521_2842619297420931552_n-1-298x300.jpg 298w, https:\/\/computationalseniors.eu\/wp-content\/uploads\/2025\/01\/467480962_10162007410939521_2842619297420931552_n-1-87x87.jpg 87w, https:\/\/computationalseniors.eu\/wp-content\/uploads\/2025\/01\/467480962_10162007410939521_2842619297420931552_n-1.jpg 526w\" sizes=\"(max-width: 150px) 100vw, 150px\" \/>\t\t\t\t\t\t\t\t\t\t\t\t\t\t\t<\/div>\n\t\t\t\t<\/div>\n\t\t\t\t<div class=\"elementor-element elementor-element-7ee17b5 module-title elementor-widget elementor-widget-heading\" data-id=\"7ee17b5\" data-element_type=\"widget\" data-widget_type=\"heading.default\">\n\t\t\t\t<div class=\"elementor-widget-container\">\n\t\t\t\t\t<h4 class=\"elementor-heading-title elementor-size-default\">M\u00f3dulo 5: <br \/>El Pensamiento Computacional como herramienta de inclusi\u00f3n para adultos desfavorecidos<\/h4>\t\t\t\t<\/div>\n\t\t\t\t<\/div>\n\t\t\t\t<div class=\"elementor-element elementor-element-c77f4a3 module-description elementor-widget elementor-widget-text-editor\" data-id=\"c77f4a3\" data-element_type=\"widget\" data-widget_type=\"text-editor.default\">\n\t\t\t\t<div class=\"elementor-widget-container\">\n\t\t\t\t\t\t\t\t\t<p>En este m\u00f3dulo, exploraremos c\u00f3mo el Pensamiento Computacional puede servir como una poderosa herramienta para fomentar la inclusi\u00f3n digital entre los adultos desfavorecidos.<\/p>\t\t\t\t\t\t\t\t<\/div>\n\t\t\t\t<\/div>\n\t\t\t\t<\/div>\n\t\t\t\t<div class=\"elementor-element elementor-element-2daf033 elementor-align-center elementor-widget elementor-widget-button\" data-id=\"2daf033\" data-element_type=\"widget\" data-widget_type=\"button.default\">\n\t\t\t\t<div class=\"elementor-widget-container\">\n\t\t\t\t\t\t\t\t\t<div class=\"elementor-button-wrapper\">\n\t\t\t\t\t<a class=\"elementor-button elementor-button-link elementor-size-sm\" href=\"https:\/\/rise.articulate.com\/share\/H-gPJVv0SHfTnKpGRnw11_LqRJL15lnR#\/\" target=\"_blank\">\n\t\t\t\t\t\t<span class=\"elementor-button-content-wrapper\">\n\t\t\t\t\t\t\t\t\t<span class=\"elementor-button-text\">Iniciar m\u00f3dulo 5<\/span>\n\t\t\t\t\t<\/span>\n\t\t\t\t\t<\/a>\n\t\t\t\t<\/div>\n\t\t\t\t\t\t\t\t<\/div>\n\t\t\t\t<\/div>\n\t\t\t\t<\/div>\n\t\t\t\t\t<\/div>\n\t\t\t\t<\/div>\n\t\t<div class=\"elementor-element elementor-element-540b318 e-flex e-con-boxed e-con e-parent\" data-id=\"540b318\" data-element_type=\"container\">\n\t\t\t\t\t<div class=\"e-con-inner\">\n\t\t\t\t<div class=\"elementor-element elementor-element-351b2a0 elementor-widget elementor-widget-html\" data-id=\"351b2a0\" data-element_type=\"widget\" data-widget_type=\"html.default\">\n\t\t\t\t<div class=\"elementor-widget-container\">\n\t\t\t\t\t<a href=\"https:\/\/computationalseniors.eu\/wp-content\/uploads\/2025\/09\/COMPSENIORS-OERS-USER-GUIDE-SP.pdf\" \n   class=\"floating-guide\" \n   target=\"_blank\">\n    <img decoding=\"async\" src=\"https:\/\/computationalseniors.eu\/wp-content\/uploads\/2025\/09\/user-guide-icon-1.svg\" alt=\"Icon\" \/>\n<\/a>\t\t\t\t<\/div>\n\t\t\t\t<\/div>\n\t\t\t\t\t<\/div>\n\t\t\t\t<\/div>\n\t\t\t\t<\/div>\n\t\t","protected":false},"excerpt":{"rendered":"<p>M\u00f3dulo 0:Introducci\u00f3n Descubre el curso de formaci\u00f3n COMPseniors&#8230; Tu primer paso para aprender Pensamiento Computacional Iniciar m\u00f3dulo 0 M\u00f3dulo 1: \u00bfC\u00f3mo piensan los ordenadores? En este m\u00f3dulo, descubrir\u00e1s c\u00f3mo piensan los ordenadores y los principios que conforman el Pensamiento Computacional. Iniciar m\u00f3dulo 1 M\u00f3dulo 2: \u00bfPor qu\u00e9 es importante ense\u00f1ar Pensamiento Computacional? En este m\u00f3dulo,&#8230;<\/p>\n","protected":false},"author":1,"featured_media":0,"parent":0,"menu_order":0,"comment_status":"closed","ping_status":"closed","template":"","meta":{"footnotes":""},"class_list":["post-9482","page","type-page","status-publish","hentry"],"_links":{"self":[{"href":"https:\/\/computationalseniors.eu\/es\/wp-json\/wp\/v2\/pages\/9482","targetHints":{"allow":["GET"]}}],"collection":[{"href":"https:\/\/computationalseniors.eu\/es\/wp-json\/wp\/v2\/pages"}],"about":[{"href":"https:\/\/computationalseniors.eu\/es\/wp-json\/wp\/v2\/types\/page"}],"author":[{"embeddable":true,"href":"https:\/\/computationalseniors.eu\/es\/wp-json\/wp\/v2\/users\/1"}],"replies":[{"embeddable":true,"href":"https:\/\/computationalseniors.eu\/es\/wp-json\/wp\/v2\/comments?post=9482"}],"version-history":[{"count":15,"href":"https:\/\/computationalseniors.eu\/es\/wp-json\/wp\/v2\/pages\/9482\/revisions"}],"predecessor-version":[{"id":9656,"href":"https:\/\/computationalseniors.eu\/es\/wp-json\/wp\/v2\/pages\/9482\/revisions\/9656"}],"wp:attachment":[{"href":"https:\/\/computationalseniors.eu\/es\/wp-json\/wp\/v2\/media?parent=9482"}],"curies":[{"name":"wp","href":"https:\/\/api.w.org\/{rel}","templated":true}]}}