{"id":8844,"date":"2025-01-16T09:23:05","date_gmt":"2025-01-16T09:23:05","guid":{"rendered":"https:\/\/compuseniors.berein.com\/?page_id=8844"},"modified":"2025-01-16T09:25:31","modified_gmt":"2025-01-16T09:25:31","slug":"politica-de-privacidad","status":"publish","type":"page","link":"https:\/\/computationalseniors.eu\/es\/politica-de-privacidad\/","title":{"rendered":"Pol\u00edtica de privacidad"},"content":{"rendered":"<div class=\"page_legal\">\n<p><span style=\"font-weight: 400;\">COMPseniors es una empresa en la que la transparencia en la informaci\u00f3n es fundamental para establecer una relaci\u00f3n de confianza con las personas que forman nuestro proyecto y con nuestros proveedores y clientes, siendo la protecci\u00f3n de los datos personales de las personas que conf\u00edan en nosotros de vital importancia, por lo que queremos mediante la presente Pol\u00edtica de privacidad y protecci\u00f3n de datos personales, informarte de c\u00f3mo recabamos y c\u00f3mo tratamos o utilizamos dichos datos.<\/span><\/p>\n<p><span style=\"font-weight: 400;\">En esta pol\u00edtica de privacidad y protecci\u00f3n de datos personales se establecen las bases sobre las que COMPseniors con domicilio en \u2026 Bilbao (Bizkaia), trata los datos de car\u00e1cter personal que voluntariamente nos facilitan nuestros usuarios a trav\u00e9s de la p\u00e1gina web. Esta Pol\u00edtica siempre ser\u00e1 aplicable cuando se faciliten datos a COMPseniors, el cual ser\u00e1 responsable de sus datos (Responsable del Tratamiento de los Datos), y a trav\u00e9s de cualquiera de los formularios de contacto o suscripci\u00f3n donde se recojan datos de car\u00e1cter personal (nombre, email, etc.).<\/span><\/p>\n<p><b>A qu\u00e9 nos comprometemos<\/b><\/p>\n<ul>\n<li style=\"font-weight: 400;\" aria-level=\"1\"><span style=\"font-weight: 400;\">A respetar la privacidad de nuestros usuarios y tratar los datos personales con el consentimiento de los mismos.<\/span><\/li>\n<li style=\"font-weight: 400;\" aria-level=\"1\"><span style=\"font-weight: 400;\">A tratar los datos personales que estrictamente necesitemos para dar el servicio solicitado, y tratarlos de forma segura y confidencial, tomando las medidas necesarias para evitar el acceso no autorizado y el uso indebido de los mismos.<\/span><\/li>\n<li style=\"font-weight: 400;\" aria-level=\"1\"><span style=\"font-weight: 400;\">A no utilizar los datos personales para finalidades para las que no hemos obtenido previamente el consentimiento.<\/span><\/li>\n<li style=\"font-weight: 400;\" aria-level=\"1\"><span style=\"font-weight: 400;\">A no dar los datos personales a terceros ni compartirlos.<\/span><\/li>\n<li style=\"font-weight: 400;\" aria-level=\"1\"><span style=\"font-weight: 400;\">A conservar los datos personales durante el tiempo estrictamente necesario para la finalidad concreta para la que han sido proporcionados.<\/span><\/li>\n<\/ul>\n<p>&nbsp;<\/p>\n<p><b>Qu\u00e9 datos personales utilizamos<\/b><\/p>\n<p><span style=\"font-weight: 400;\">A trav\u00e9s de nuestra p\u00e1gina web podemos recabar datos personales para diferentes finalidades:<\/span><\/p>\n<ul>\n<li style=\"font-weight: 400;\" aria-level=\"1\"><span style=\"font-weight: 400;\">Solicitud de informaci\u00f3n por parte del usuario<\/span><\/li>\n<li style=\"font-weight: 400;\" aria-level=\"1\"><span style=\"font-weight: 400;\">Suscripci\u00f3n a newsletters<\/span><\/li>\n<\/ul>\n<p><span style=\"font-weight: 400;\">En cualquier momento, podr\u00e1 ejercitar estos Derechos, mediante un escrito y acreditando su personalidad dirigido a COMPseniors, a trav\u00e9s de la direcci\u00f3n de correo electr\u00f3nico: <\/span><a href=\"mailto:belengonzalez@araba.eus\"><span style=\"font-weight: 400;\">belengonzalez@araba.eus<\/span><\/a><span style=\"font-weight: 400;\">&nbsp;<\/span><\/p>\n<p><span style=\"font-weight: 400;\">Dependiendo de la finalidad para la que se aportan los datos, ser\u00e1n requeridos los datos estrictamente necesarios.<\/span><\/p>\n<p><span style=\"font-weight: 400;\">Es importante que el usuario sea consciente de los datos que aporta y la finalidad para la que lo hace porque en el momento que los facilita, est\u00e1 aceptando que recopilemos, almacenemos y usemos dichos datos para la finalidad requerida, pudiendo en cualquier momento retirar el consentimiento prestado por los cauces oportunos siendo el consentimiento del interesado la base legal y legitimaci\u00f3n para el tratamiento de sus datos personales.<\/span><\/p>\n<p><b>Exactitud y veracidad de los datos<\/b><\/p>\n<p><span style=\"font-weight: 400;\">El usuario, al aportar los datos requeridos en los formularios es el \u00fanico responsable de la veracidad de los datos remitidos, garantizando y respondiendo de la exactitud, vigencia y autenticidad de los datos personales facilitados, comprometi\u00e9ndose a mantenerlos debidamente actualizados.<\/span><\/p>\n<p><b>Qu\u00e9 derechos tiene sobre los datos personales aportados<\/b><\/p>\n<p><span style=\"font-weight: 400;\">Una vez aportados los datos personales tendr\u00e1 derecho a:<\/span><\/p>\n<ul>\n<li style=\"font-weight: 400;\" aria-level=\"1\"><span style=\"font-weight: 400;\">consultar cualquier duda y a que se le informe de c\u00f3mo usamos los datos y a obtener ACCESO a los mismos.<\/span><\/li>\n<li style=\"font-weight: 400;\" aria-level=\"1\"><span style=\"font-weight: 400;\">que se RECTIFIQUE o borre su informaci\u00f3n o a imponer LIMITACIONES en el tratamiento de la misma.<\/span><\/li>\n<li style=\"font-weight: 400;\" aria-level=\"1\"><span style=\"font-weight: 400;\">CANCELACI\u00d3N de los datos.<\/span><\/li>\n<li style=\"font-weight: 400;\" aria-level=\"1\"><span style=\"font-weight: 400;\">OPONERSE al tratamiento de sus datos.<\/span><\/li>\n<li style=\"font-weight: 400;\" aria-level=\"1\"><span style=\"font-weight: 400;\">PORTABILIDAD de los datos.<\/span><\/li>\n<\/ul>\n<p><span style=\"font-weight: 400;\">En cualquier momento, podr\u00e1 ejercitar estos Derechos, mediante un escrito y acreditando su personalidad dirigido a COMPseniors, en \u2026 Bilbao (Bizkaia), o a trav\u00e9s de la direcci\u00f3n de correo electr\u00f3nico: <\/span><a href=\"mailto:info@computationalseniors.eu\"><span style=\"font-weight: 400;\">info@computationalseniors.eu<\/span><\/a><span style=\"font-weight: 400;\">&nbsp;<\/span><\/p>\n<p><span style=\"font-weight: 400;\">Adem\u00e1s, podr\u00e1 presentar una reclamaci\u00f3n ante la autoridad de control, en este caso, la Agencia Espa\u00f1ola de Protecci\u00f3n de Datos, si considera que el tratamiento de datos personales infringe la legislaci\u00f3n aplicable.<\/span><\/p>\n<p><b>Seguridad y almacenamiento de datos<\/b><\/p>\n<p><span style=\"font-weight: 400;\">Mantendremos los datos durante el tiempo estrictamente necesario para la prestaci\u00f3n del servicio solicitado y mientras el titular no solicite su eliminaci\u00f3n, adoptando las medidas adecuadas de car\u00e1cter t\u00e9cnico y organizativo contra el tratamiento no autorizado o il\u00edcito y contra su p\u00e9rdida, destrucci\u00f3n o da\u00f1o accidentales, haciendo todo lo posible por protegerlos y mantenerlos de forma segura.<\/span><\/p>\n<p><b>Qu\u00e9 datos personales compartimos con terceros<\/b><\/p>\n<p><span style=\"font-weight: 400;\">No se prev\u00e9n cesiones de datos salvo en aquellos casos en que exista una obligaci\u00f3n legal. No hay previsi\u00f3n de transferencias de datos internacionales.<\/span><\/p>\n<p><b>Aviso legal LSSI \u2013 CE<\/b><\/p>\n<p><span style=\"font-weight: 400;\">En cumplimiento de la Ley 34\/2002, de 11 de julio, de Servicios de la Sociedad de la Informaci\u00f3n y de Comercio Electr\u00f3nico (LSSI-CE), la entidad COMPseniors le informa que es titular del sitio web. De acuerdo con la exigencia del art\u00edculo 10 de la citada Ley, informa de los siguientes datos:<\/span><\/p>\n<ul>\n<li><span style=\"font-weight: 400;\"> El titular de este sitio web es: COMPseniors<\/span><\/li>\n<li><span style=\"font-weight: 400;\"> Responsable: Direcci\u00f3n de Empleo, Comercio y Turismo de la DFA<\/span><\/li>\n<li><span style=\"font-weight: 400;\"> Nombre Proyecto: COMPseniors<\/span><\/li>\n<li><span style=\"font-weight: 400;\">Direcci\u00f3n:&nbsp; Plaza de la Provincia S\/N 01001 Vitoria (Alava)<\/span><\/li>\n<li><span style=\"font-weight: 400;\"> Tel\u00e9fono: 945 18 18 07. Fax: 945 18 17<\/span><\/li>\n<li><span style=\"font-weight: 400;\"> Mail: <\/span><a href=\"mailto:belengonzalez@araba.eus\"><b>belengonzalez@araba.eus<\/b><\/a><\/li>\n<\/ul>\n<p><b>Usuarios<\/b><\/p>\n<p><span style=\"font-weight: 400;\">El acceso y\/o uso de este portal le atribuye la condici\u00f3n de USUARIO, que acepta, desde dicho acceso y\/o uso, las Condiciones Generales de Uso aqu\u00ed reflejadas. Las citadas Condiciones ser\u00e1n de aplicaci\u00f3n independientemente de las Condiciones Generales de Contrataci\u00f3n que en su caso resulten de obligado cumplimiento.<\/span><\/p>\n<p><b>Uso del portal<\/b><\/p>\n<p><span style=\"font-weight: 400;\">La p\u00e1gina web proporciona el acceso a multitud de informaciones, servicios, programas o datos (en adelante, \u201clos contenidos\u201d) en Internet pertenecientes a COMPseniors o a sus licenciantes a los que el USUARIO pueda tener acceso. El USUARIO asume la responsabilidad del uso del portal. Dicha responsabilidad se extiende al registro que fuese necesario para acceder a determinados servicios o contenidos.<\/span><\/p>\n<p><span style=\"font-weight: 400;\">En dicho registro el USUARIO ser\u00e1 responsable de aportar informaci\u00f3n veraz y l\u00edcita. Como consecuencia de este registro, al USUARIO se le puede proporcionar una contrase\u00f1a de la que ser\u00e1 responsable, comprometi\u00e9ndose a hacer un uso diligente y confidencial de la misma. El USUARIO se compromete a hacer un uso adecuado de los contenidos y servicios que COMPseniors ofrece a trav\u00e9s de su portal y con car\u00e1cter enunciativo pero no limitativo, a no emplearlos para:<\/span><\/p>\n<ul>\n<li style=\"font-weight: 400;\" aria-level=\"1\"><span style=\"font-weight: 400;\">incurrir en actividades il\u00edcitas, ilegales o contrarias a la buena fe y al orden p\u00fablico<\/span><\/li>\n<li style=\"font-weight: 400;\" aria-level=\"1\"><span style=\"font-weight: 400;\">difundir contenidos o propaganda de car\u00e1cter racista, xen\u00f3fobo, pornogr\u00e1fico-ilegal, de apolog\u00eda del terrorismo o atentatorio contra los derechos humanos<\/span><\/li>\n<li style=\"font-weight: 400;\" aria-level=\"1\"><span style=\"font-weight: 400;\">provocar da\u00f1os en los sistemas f\u00edsicos y l\u00f3gicos de COMPseniors, de sus proveedores o de terceras personas, introducir o difundir en la red virus inform\u00e1ticos o cualesquiera otros sistemas f\u00edsicos o l\u00f3gicos que sean susceptibles de provocar los da\u00f1os anteriormente mencionados; intentar acceder y, en su caso, utilizar las cuentas de correo electr\u00f3nico de otros usuarios y modificar manipular sus mensajes. COMPseniors se reserva el derecho de retirar todos aquellos comentarios y aportaciones que vulneren el respeto a la dignidad de la persona, que sean discriminatorios, xen\u00f3fobos, racistas, pornogr\u00e1ficos, que atenten contra la juventud o la infancia, el orden o la seguridad p\u00fablica o que, a su juicio, no resultaran adecuados para su publicaci\u00f3n. En cualquier caso, COMPseniors no ser\u00e1 responsable de las opiniones vertidas por los usuarios a trav\u00e9s de los foros, chats, u otras herramientas de participaci\u00f3n.<\/span><\/li>\n<\/ul>\n<p><b>Propiedad intelectual e industrial<\/b><\/p>\n<p><span style=\"font-weight: 400;\">COMPseniors ser\u00e1 titular de todos los derechos de propiedad intelectual e industrial de su p\u00e1gina web, as\u00ed como de los elementos contenidos en la misma (a t\u00edtulo enunciativo, im\u00e1genes, sonido, audio, v\u00eddeo, software o textos; marcas o logotipos, combinaciones de colores, estructura y dise\u00f1o, selecci\u00f3n de materiales usados, programas de ordenador necesarios para su funcionamiento, acceso y uso, etc.).<\/span><\/p>\n<p><span style=\"font-weight: 400;\">Todos los derechos reservados. En virtud de lo dispuesto en los art\u00edculos 8 y 32.1, p\u00e1rrafo segundo, de la Ley de Propiedad Intelectual, quedan expresamente prohibidas la reproducci\u00f3n, la distribuci\u00f3n y la comunicaci\u00f3n p\u00fablica, incluida su modalidad de puesta a disposici\u00f3n, de la totalidad o parte de los contenidos de esta p\u00e1gina web, con fines comerciales, en cualquier soporte y por cualquier medio t\u00e9cnico, sin la autorizaci\u00f3n de COMPseniors.<\/span><\/p>\n<p><span style=\"font-weight: 400;\">El USUARIO se compromete a respetar los derechos de Propiedad Intelectual e Industrial titularidad de COMPseniors Podr\u00e1 visualizar los elementos del portal e incluso imprimirlos, copiarlos y almacenarlos en el disco duro de su ordenador o en cualquier otro soporte f\u00edsico siempre y cuando sea, \u00fanica y exclusivamente, para su uso personal y privado. El USUARIO deber\u00e1 abstenerse de suprimir, alterar, eludir o manipular cualquier dispositivo de protecci\u00f3n o sistema de seguridad que estuviera instalado en las p\u00e1ginas de COMPseniors.<\/span><\/p>\n<p><b>Exclusi\u00f3n de garant\u00edas y responsabilidad<\/b><\/p>\n<p><span style=\"font-weight: 400;\">COMPseniors no se hace responsable, en ning\u00fan caso, de los da\u00f1os y perjuicios de cualquier naturaleza que pudieran ocasionar, a t\u00edtulo enunciativo: errores u omisiones en los contenidos, falta de disponibilidad del portal o la transmisi\u00f3n de virus o programas maliciosos o lesivos en los contenidos, a pesar de haber adoptado todas las medidas tecnol\u00f3gicas necesarias para evitarlo.<\/span><\/p>\n<p><b>Modificaciones<\/b><\/p>\n<p><span style=\"font-weight: 400;\">COMPseniors se reserva el derecho de efectuar sin previo aviso las modificaciones que considere oportunas en su portal, pudiendo cambiar, suprimir o a\u00f1adir tanto los contenidos y servicios que se presten a trav\u00e9s de la misma como la forma en la que \u00e9stos aparezcan presentados o localizados en su portal.<\/span><\/p>\n<p><b>Enlaces<\/b><\/p>\n<p><span style=\"font-weight: 400;\">En el caso de que en la p\u00e1gina web se dispusiesen enlaces o hiperv\u00ednculos hac\u00eda otros sitios de Internet, COMPseniors no ejercer\u00e1 ning\u00fan tipo de control sobre dichos sitios y contenidos. En ning\u00fan caso COMPseniors asumir\u00e1 responsabilidad alguna por los contenidos de alg\u00fan enlace perteneciente a un sitio web ajeno, ni garantizar\u00e1 la disponibilidad t\u00e9cnica, calidad, fiabilidad, exactitud, amplitud, veracidad, validez y constitucionalidad de cualquier material o informaci\u00f3n contenida en ninguno de dichos hiperv\u00ednculos u otros sitios de Internet.<\/span><\/p>\n<p><span style=\"font-weight: 400;\">Igualmente, la inclusi\u00f3n de estas conexiones externas no implicar\u00e1 ning\u00fan tipo de asociaci\u00f3n, fusi\u00f3n o participaci\u00f3n con las entidades conectadas.<\/span><\/p>\n<p><b>Derecho de exclusi\u00f3n<\/b><\/p>\n<p><span style=\"font-weight: 400;\">COMPseniors se reserva el derecho a denegar o retirar el acceso a portal y\/o los servicios ofrecidos sin necesidad de preaviso, a instancia propia o de un tercero, a aquellos usuarios que incumplan las presentes Condiciones Generales de Uso.<\/span><\/p>\n<p><b>Generalidades<\/b><\/p>\n<p><span style=\"font-weight: 400;\">COMPseniors perseguir\u00e1 el incumplimiento de las presentes condiciones, as\u00ed como cualquier utilizaci\u00f3n indebida de su portal ejerciendo todas las acciones civiles y penales que le puedan corresponder en derecho.<\/span><\/p>\n<p><b>Modificaciones de las presentes condiciones y duraci\u00f3n<\/b><\/p>\n<p><span style=\"font-weight: 400;\">COMPseniors podr\u00e1 modificar en cualquier momento las condiciones aqu\u00ed determinadas, siendo debidamente publicadas como aqu\u00ed aparecen.<\/span><\/p>\n<p><span style=\"font-weight: 400;\">La vigencia de las citadas condiciones ir\u00e1 en funci\u00f3n de su exposici\u00f3n y estar\u00e1n vigentes hasta que sean modificadas por otras debidamente publicadas.<\/span><\/p>\n<p><b>Legislaci\u00f3n aplicable y jurisdicci\u00f3n<\/b><\/p>\n<p><span style=\"font-weight: 400;\">La relaci\u00f3n entre COMPseniors y el USUARIO se regir\u00e1 por la normativa espa\u00f1ola vigente y cualquier controversia se someter\u00e1 a los Juzgados y tribunales de la ciudad anteriormente indicada.<\/span><\/p>\n<\/div>\n","protected":false},"excerpt":{"rendered":"<p>COMPseniors es una empresa en la que la transparencia en la informaci\u00f3n es fundamental para establecer una relaci\u00f3n de confianza con las personas que forman nuestro proyecto y con nuestros proveedores y clientes, siendo la protecci\u00f3n de los datos personales de las personas que conf\u00edan en nosotros de vital importancia, por lo que queremos mediante&#8230;<\/p>\n","protected":false},"author":1,"featured_media":0,"parent":0,"menu_order":0,"comment_status":"closed","ping_status":"closed","template":"","meta":{"footnotes":""},"class_list":["post-8844","page","type-page","status-publish","hentry"],"_links":{"self":[{"href":"https:\/\/computationalseniors.eu\/es\/wp-json\/wp\/v2\/pages\/8844","targetHints":{"allow":["GET"]}}],"collection":[{"href":"https:\/\/computationalseniors.eu\/es\/wp-json\/wp\/v2\/pages"}],"about":[{"href":"https:\/\/computationalseniors.eu\/es\/wp-json\/wp\/v2\/types\/page"}],"author":[{"embeddable":true,"href":"https:\/\/computationalseniors.eu\/es\/wp-json\/wp\/v2\/users\/1"}],"replies":[{"embeddable":true,"href":"https:\/\/computationalseniors.eu\/es\/wp-json\/wp\/v2\/comments?post=8844"}],"version-history":[{"count":2,"href":"https:\/\/computationalseniors.eu\/es\/wp-json\/wp\/v2\/pages\/8844\/revisions"}],"predecessor-version":[{"id":8846,"href":"https:\/\/computationalseniors.eu\/es\/wp-json\/wp\/v2\/pages\/8844\/revisions\/8846"}],"wp:attachment":[{"href":"https:\/\/computationalseniors.eu\/es\/wp-json\/wp\/v2\/media?parent=8844"}],"curies":[{"name":"wp","href":"https:\/\/api.w.org\/{rel}","templated":true}]}}