{"id":8814,"date":"2025-01-16T09:03:29","date_gmt":"2025-01-16T09:03:29","guid":{"rendered":"https:\/\/compuseniors.berein.com\/?page_id=8814"},"modified":"2025-01-16T09:17:07","modified_gmt":"2025-01-16T09:17:07","slug":"aviso-legal","status":"publish","type":"page","link":"https:\/\/computationalseniors.eu\/es\/aviso-legal\/","title":{"rendered":"Aviso legal"},"content":{"rendered":"<div class=\"page_legal\">\n<h1 class=\"entry-title\">Aviso legal<\/h1>\n<p>El presente Aviso Legal regula el uso del servicio del portal de Internet con\u00a0<a href=\"https:\/\/www.computationalseniors.eu\/\">https:\/\/www.computationalseniors.eu\/<\/a>\u00a0cuyo responsable a efectos identificativos es:<\/p>\n<ul>\n<li>Responsable: Direcci\u00f3n de Empleo, Comercio y Turismo de la DFA<\/li>\n<li>Nombre Proyecto: Computational Seniors<\/li>\n<li>Direcci\u00f3n:\u00a0 Plaza de la Provincia S\/N 01001 Vitoria (Alava)<\/li>\n<li>Tel\u00e9fono: 945 18 18 07. Fax: 945 18 17<\/li>\n<li>Mail: <a href=\"mailto:belengonzalez@araba.eus\">belengonzalez@araba.eus<\/a><\/li>\n<\/ul>\n<p><b>Legislaci\u00f3n<\/b><\/p>\n<p>Con car\u00e1cter general las relaciones entre COMPSeniors con los Usuarios de sus servicios telem\u00e1ticos, presentes en la Web, se encuentran sometidas a la legislaci\u00f3n y jurisdicci\u00f3n espa\u00f1olas.<\/p>\n<p>Las partes renuncian expresamente al fuero que les pudiera corresponder y someten expresamente a los Juzgados y Tribunales de Bilbao para resolver cualquier controversia que pueda surgir en la interpretaci\u00f3n o ejecuci\u00f3n de las presentes condiciones contractuales.<\/p>\n<p><b>Contenido y uso<\/b><\/p>\n<p>El usuario queda informado, y acepta, que el acceso a la presente web no supone, en modo alguno, el inicio de una relaci\u00f3n comercial con COMPSeniors El titular del Web no se identifica con las opiniones vertidas en el mismo por sus colaboradores. La Empresa se reserva el derecho de efectuar sin previo aviso las modificaciones que considere oportunas en su Web, pudiendo cambiar, suprimir o a\u00f1adir tanto los contenidos y servicios que se presten a trav\u00e9s de la misma como la forma en la que \u00e9stos aparezcan presentados o localizados en sus servidores.<\/p>\n<p><b>Propiedad intelectual e industrial<\/b><\/p>\n<p>Este Website y los contenidos que alberga se encuentran protegidos por las leyes de Propiedad Intelectual. No podr\u00e1n ser objeto de explotaci\u00f3n, reproducci\u00f3n, distribuci\u00f3n, modificaci\u00f3n, comunicaci\u00f3n p\u00fablica, cesi\u00f3n o transformaci\u00f3n. El acceso a este Website no otorga a los usuarios derecho, ni titularidad alguna sobre los derechos de propiedad intelectual de los contenidos que alberga este Website.<\/p>\n<p>El contenido de este website puede ser descargado al terminal del usuario (download), siempre que sea para su uso privado y sin ning\u00fan fin comercial; por lo tanto, no podr\u00e1 explotar, reproducir, distribuir, modificar, comunicar p\u00fablicamente, ceder, transformar o usar el contenido de este website con fines p\u00fablicos o comerciales.<\/p>\n<p>El nombre comercial, las marcas, logo, productos y servicios que contiene este website se encuentran protegidos por ley.<\/p>\n<p>COMPSeniors se reserva la posibilidad de ejercer las acciones judiciales que correspondan contra los usuarios que violen o infrinjan los derechos de propiedad intelectual.<\/p>\n<p><b>Enlaces (Links)<\/b><\/p>\n<p>La presencia de enlaces (links) en la p\u00e1gina web de COMPSeniors tiene finalidad meramente informativa y en ning\u00fan caso supone sugerencia, invitaci\u00f3n o recomendaci\u00f3n sobre los mismos.<\/p>\n<\/div>\n","protected":false},"excerpt":{"rendered":"<p>Aviso legal El presente Aviso Legal regula el uso del servicio del portal de Internet con\u00a0https:\/\/www.computationalseniors.eu\/\u00a0cuyo responsable a efectos identificativos es: Responsable: Direcci\u00f3n de Empleo, Comercio y Turismo de la DFA Nombre Proyecto: Computational Seniors Direcci\u00f3n:\u00a0 Plaza de la Provincia S\/N 01001 Vitoria (Alava) Tel\u00e9fono: 945 18 18 07. Fax: 945 18 17 Mail: belengonzalez@araba.eus&#8230;<\/p>\n","protected":false},"author":1,"featured_media":0,"parent":0,"menu_order":0,"comment_status":"closed","ping_status":"closed","template":"page-single.php","meta":{"footnotes":""},"class_list":["post-8814","page","type-page","status-publish","hentry"],"_links":{"self":[{"href":"https:\/\/computationalseniors.eu\/es\/wp-json\/wp\/v2\/pages\/8814","targetHints":{"allow":["GET"]}}],"collection":[{"href":"https:\/\/computationalseniors.eu\/es\/wp-json\/wp\/v2\/pages"}],"about":[{"href":"https:\/\/computationalseniors.eu\/es\/wp-json\/wp\/v2\/types\/page"}],"author":[{"embeddable":true,"href":"https:\/\/computationalseniors.eu\/es\/wp-json\/wp\/v2\/users\/1"}],"replies":[{"embeddable":true,"href":"https:\/\/computationalseniors.eu\/es\/wp-json\/wp\/v2\/comments?post=8814"}],"version-history":[{"count":3,"href":"https:\/\/computationalseniors.eu\/es\/wp-json\/wp\/v2\/pages\/8814\/revisions"}],"predecessor-version":[{"id":8835,"href":"https:\/\/computationalseniors.eu\/es\/wp-json\/wp\/v2\/pages\/8814\/revisions\/8835"}],"wp:attachment":[{"href":"https:\/\/computationalseniors.eu\/es\/wp-json\/wp\/v2\/media?parent=8814"}],"curies":[{"name":"wp","href":"https:\/\/api.w.org\/{rel}","templated":true}]}}