{"id":8524,"date":"2024-06-10T10:36:51","date_gmt":"2024-06-10T10:36:51","guid":{"rendered":"https:\/\/compuseniors.berein.com\/resultados\/"},"modified":"2026-02-24T13:42:58","modified_gmt":"2026-02-24T13:42:58","slug":"resultados","status":"publish","type":"page","link":"https:\/\/computationalseniors.eu\/es\/resultados\/","title":{"rendered":"Resultados"},"content":{"rendered":"\t\t<div data-elementor-type=\"wp-page\" data-elementor-id=\"8524\" class=\"elementor elementor-8524 elementor-1402\" data-elementor-post-type=\"page\">\n\t\t\t\t<div class=\"elementor-element elementor-element-2a71a88 e-con-full about__section__two e-flex e-con e-parent\" data-id=\"2a71a88\" data-element_type=\"container\">\n\t\t\r\n\r\n\r\n\t\t<div class=\"elementor-element elementor-element-df93bb3 elementor-absolute elementor-widget elementor-widget-tp-image-showcase\" data-id=\"df93bb3\" data-element_type=\"widget\" data-settings=\"{&quot;_position&quot;:&quot;absolute&quot;}\" data-widget_type=\"tp-image-showcase.default\">\n\t\t\t\t<div class=\"elementor-widget-container\">\n\t\t\t\t\t                        <div class=\"themephi-image no\">\r\n                                            <img decoding=\"async\" class=\"themephi-multi-image  image-rotate image-scale\" src=\"https:\/\/softivuslab.com\/wp\/intellicon\/wp-content\/uploads\/2024\/06\/null-dimond.png\" alt=\"image\"\/>\r\n                                    <\/div>\r\n                    \r\n               \r\n    \t\t\t\t<\/div>\n\t\t\t\t<\/div>\n\t\t\t\t<div class=\"elementor-element elementor-element-5e5218a elementor-absolute elementor-widget elementor-widget-tp-image-showcase\" data-id=\"5e5218a\" data-element_type=\"widget\" data-settings=\"{&quot;_position&quot;:&quot;absolute&quot;}\" data-widget_type=\"tp-image-showcase.default\">\n\t\t\t\t<div class=\"elementor-widget-container\">\n\t\t\t\t\t                        <div class=\"themephi-image no\">\r\n                                            <img decoding=\"async\" class=\"themephi-multi-image  image-rotate image-scale\" src=\"https:\/\/softivuslab.com\/wp\/intellicon\/wp-content\/uploads\/2024\/06\/blumb.png\" alt=\"image\"\/>\r\n                                    <\/div>\r\n                    \r\n               \r\n    \t\t\t\t<\/div>\n\t\t\t\t<\/div>\n\t\t\t\t<div class=\"elementor-element elementor-element-fd81ff4 elementor-absolute elementor-widget elementor-widget-tp-image-showcase\" data-id=\"fd81ff4\" data-element_type=\"widget\" data-settings=\"{&quot;_position&quot;:&quot;absolute&quot;}\" data-widget_type=\"tp-image-showcase.default\">\n\t\t\t\t<div class=\"elementor-widget-container\">\n\t\t\t\t\t                        <div class=\"themephi-image no\">\r\n                                            <img decoding=\"async\" class=\"themephi-multi-image  image-rotate image-scale\" src=\"https:\/\/softivuslab.com\/wp\/intellicon\/wp-content\/uploads\/2024\/06\/3dround.png\" alt=\"image\"\/>\r\n                                    <\/div>\r\n                    \r\n               \r\n    \t\t\t\t<\/div>\n\t\t\t\t<\/div>\n\t\t\t\t<div class=\"elementor-element elementor-element-7806174 elementor-absolute elementor-widget elementor-widget-tp-image-showcase\" data-id=\"7806174\" data-element_type=\"widget\" data-settings=\"{&quot;_position&quot;:&quot;absolute&quot;}\" data-widget_type=\"tp-image-showcase.default\">\n\t\t\t\t<div class=\"elementor-widget-container\">\n\t\t\t\t\t                        <div class=\"themephi-image no\">\r\n                                            <img decoding=\"async\" class=\"themephi-multi-image  image-rotate image-scale\" src=\"https:\/\/softivuslab.com\/wp\/intellicon\/wp-content\/uploads\/2024\/06\/ball3d.png\" alt=\"image\"\/>\r\n                                    <\/div>\r\n                    \r\n               \r\n    \t\t\t\t<\/div>\n\t\t\t\t<\/div>\n\t\t<div class=\"elementor-element elementor-element-cd9fa1a container e-flex e-con-boxed e-con e-child\" data-id=\"cd9fa1a\" data-element_type=\"container\">\n\t\t\t\t\t<div class=\"e-con-inner\">\n\t\t<div class=\"elementor-element elementor-element-712e52f elementor-hidden-tablet elementor-hidden-mobile e-con-full e-flex e-con e-child\" data-id=\"712e52f\" data-element_type=\"container\">\n\t\t\t\t<div class=\"elementor-element elementor-element-d7dcf25 elementor-widget elementor-widget-image\" data-id=\"d7dcf25\" data-element_type=\"widget\" data-widget_type=\"image.default\">\n\t\t\t\t<div class=\"elementor-widget-container\">\n\t\t\t\t\t\t\t\t\t\t\t\t\t\t\t<img fetchpriority=\"high\" decoding=\"async\" width=\"640\" height=\"166\" src=\"https:\/\/computationalseniors.eu\/wp-content\/uploads\/2025\/01\/cc_logo.png\" class=\"attachment-large size-large wp-image-8317\" alt=\"\" srcset=\"https:\/\/computationalseniors.eu\/wp-content\/uploads\/2025\/01\/cc_logo.png 1024w, https:\/\/computationalseniors.eu\/wp-content\/uploads\/2025\/01\/cc_logo-300x78.png 300w, https:\/\/computationalseniors.eu\/wp-content\/uploads\/2025\/01\/cc_logo-768x199.png 768w\" sizes=\"(max-width: 640px) 100vw, 640px\" \/>\t\t\t\t\t\t\t\t\t\t\t\t\t\t\t<\/div>\n\t\t\t\t<\/div>\n\t\t\t\t<\/div>\n\t\t<div class=\"elementor-element elementor-element-339caf6 e-con-full e-flex e-con e-child\" data-id=\"339caf6\" data-element_type=\"container\">\n\t\t\t\t<div class=\"elementor-element elementor-element-3861a00 elementor-widget elementor-widget-heading\" data-id=\"3861a00\" data-element_type=\"widget\" data-widget_type=\"heading.default\">\n\t\t\t\t<div class=\"elementor-widget-container\">\n\t\t\t\t\t<h2 class=\"elementor-heading-title elementor-size-default\">Licensing<\/h2>\t\t\t\t<\/div>\n\t\t\t\t<\/div>\n\t\t\t\t<div class=\"elementor-element elementor-element-ac9d42a elementor-widget elementor-widget-text-editor\" data-id=\"ac9d42a\" data-element_type=\"widget\" data-widget_type=\"text-editor.default\">\n\t\t\t\t<div class=\"elementor-widget-container\">\n\t\t\t\t\t\t\t\t\t<p>Los recursos formativos COMPutational Seniors est\u00e1n desarrollados bajo licencia Creative Commons lo que significa que son abiertos y totamente gratuitos.<\/p>\n<p>Adem\u00e1s est\u00e1n desarrollados en versi\u00f3n editable y reutilizable. Est\u00e1n dise\u00f1ados desde una perspectiva pedag\u00f3gica innovadora que combina diferentes metodolog\u00edas pensadas para que el alumno se situe en el centro del proceso formativo.<\/p>\n<p>Pueden ser utilizados de manera conjunta o independiente, incluyendo una Gu\u00eda de usuario, que facilita su implementaci\u00f3n en diferentes entornos y ambientes de aprendizaje.<\/p>\n\t\t\t\t\t\t\t\t<\/div>\n\t\t\t\t<\/div>\n\t\t\t\t<\/div>\n\t\t\t\t\t<\/div>\n\t\t\t\t<\/div>\n\t\t\t\t<\/div>\n\t\t<div class=\"elementor-element elementor-element-d351917 e-con-full includeai__section bgsection e-flex e-con e-parent\" data-id=\"d351917\" data-element_type=\"container\">\n\t\t\t\t<div class=\"elementor-element elementor-element-fbefd89 elementor-absolute elementor-widget elementor-widget-tp-image-showcase\" data-id=\"fbefd89\" data-element_type=\"widget\" data-settings=\"{&quot;_position&quot;:&quot;absolute&quot;}\" data-widget_type=\"tp-image-showcase.default\">\n\t\t\t\t<div class=\"elementor-widget-container\">\n\t\t\t\t\t                        <div class=\"themephi-image no\">\r\n                                            <img decoding=\"async\" class=\"themephi-multi-image  image-rotate image-scale\" src=\"https:\/\/softivuslab.com\/wp\/intellicon\/wp-content\/uploads\/2024\/06\/null-dimond.png\" alt=\"image\"\/>\r\n                                    <\/div>\r\n                    \r\n               \r\n    \t\t\t\t<\/div>\n\t\t\t\t<\/div>\n\t\t\t\t<div class=\"elementor-element elementor-element-c17fa6b elementor-absolute elementor-widget elementor-widget-tp-image-showcase\" data-id=\"c17fa6b\" data-element_type=\"widget\" data-settings=\"{&quot;_position&quot;:&quot;absolute&quot;}\" data-widget_type=\"tp-image-showcase.default\">\n\t\t\t\t<div class=\"elementor-widget-container\">\n\t\t\t\t\t                        <div class=\"themephi-image no\">\r\n                                            <img decoding=\"async\" class=\"themephi-multi-image  image-rotate image-scale\" src=\"https:\/\/softivuslab.com\/wp\/intellicon\/wp-content\/uploads\/2024\/06\/blumb.png\" alt=\"image\"\/>\r\n                                    <\/div>\r\n                    \r\n               \r\n    \t\t\t\t<\/div>\n\t\t\t\t<\/div>\n\t\t\t\t<div class=\"elementor-element elementor-element-a4eba33 elementor-absolute elementor-widget elementor-widget-tp-image-showcase\" data-id=\"a4eba33\" data-element_type=\"widget\" data-settings=\"{&quot;_position&quot;:&quot;absolute&quot;}\" data-widget_type=\"tp-image-showcase.default\">\n\t\t\t\t<div class=\"elementor-widget-container\">\n\t\t\t\t\t                        <div class=\"themephi-image no\">\r\n                                            <img decoding=\"async\" class=\"themephi-multi-image  image-rotate image-scale\" src=\"https:\/\/softivuslab.com\/wp\/intellicon\/wp-content\/uploads\/2024\/06\/3dround.png\" alt=\"image\"\/>\r\n                                    <\/div>\r\n                    \r\n               \r\n    \t\t\t\t<\/div>\n\t\t\t\t<\/div>\n\t\t\t\t<div class=\"elementor-element elementor-element-d5264d6 elementor-absolute elementor-widget elementor-widget-tp-image-showcase\" data-id=\"d5264d6\" data-element_type=\"widget\" data-settings=\"{&quot;_position&quot;:&quot;absolute&quot;}\" data-widget_type=\"tp-image-showcase.default\">\n\t\t\t\t<div class=\"elementor-widget-container\">\n\t\t\t\t\t                        <div class=\"themephi-image no\">\r\n                                            <img decoding=\"async\" class=\"themephi-multi-image  image-rotate image-scale\" src=\"https:\/\/softivuslab.com\/wp\/intellicon\/wp-content\/uploads\/2024\/06\/ball3d.png\" alt=\"image\"\/>\r\n                                    <\/div>\r\n                    \r\n               \r\n    \t\t\t\t<\/div>\n\t\t\t\t<\/div>\n\t\t\t\t<div class=\"elementor-element elementor-element-e9c8787 elementor-absolute elementor-widget elementor-widget-tp-image-showcase\" data-id=\"e9c8787\" data-element_type=\"widget\" data-settings=\"{&quot;_position&quot;:&quot;absolute&quot;}\" data-widget_type=\"tp-image-showcase.default\">\n\t\t\t\t<div class=\"elementor-widget-container\">\n\t\t\t\t\t                        <div class=\"themephi-image no\">\r\n                                            <img decoding=\"async\" class=\"themephi-multi-image   image-scale\" src=\"https:\/\/softivuslab.com\/wp\/intellicon\/wp-content\/uploads\/2024\/06\/include-element.png\" alt=\"image\"\/>\r\n                                    <\/div>\r\n                    \r\n               \r\n    \t\t\t\t<\/div>\n\t\t\t\t<\/div>\n\t\t<div class=\"elementor-element elementor-element-165cc6c container e-flex e-con-boxed e-con e-child\" data-id=\"165cc6c\" data-element_type=\"container\">\n\t\t\t\t\t<div class=\"e-con-inner\">\n\t\t<div class=\"elementor-element elementor-element-5007dd2 e-flex e-con-boxed e-con e-child\" data-id=\"5007dd2\" data-element_type=\"container\">\n\t\t\t\t\t<div class=\"e-con-inner\">\n\t\t\t\t<div class=\"elementor-element elementor-element-396afd9 elementor-widget__width-auto elementor-widget elementor-widget-heading\" data-id=\"396afd9\" data-element_type=\"widget\" data-widget_type=\"heading.default\">\n\t\t\t\t<div class=\"elementor-widget-container\">\n\t\t\t\t\t<h2 class=\"elementor-heading-title elementor-size-default\">Recursos Formativos Gratuitos COMPutational Seniors<\/h2>\t\t\t\t<\/div>\n\t\t\t\t<\/div>\n\t\t\t\t<div class=\"elementor-element elementor-element-1dc77ae elementor-widget__width-initial elementor-widget elementor-widget-text-editor\" data-id=\"1dc77ae\" data-element_type=\"widget\" data-widget_type=\"text-editor.default\">\n\t\t\t\t<div class=\"elementor-widget-container\">\n\t\t\t\t\t\t\t\t\t<p>Los recursos educativos abiertos COMputational Seniors, se organizan de acuerdo a una estructura modular que incluye actividades pr\u00e1cticas y herramientas de autoevaluaci\u00f3n.<\/p><p><a href=\"https:\/\/computationalseniors.eu\/wp-content\/uploads\/2025\/09\/SP_OER-1.zip\" target=\"_blank\" rel=\"noopener\">Aqu\u00ed puedes acceder al curso en versi\u00f3n PDF<\/a><br \/><a href=\"https:\/\/computationalseniors.eu\/es\/recursos-formativos-gratuitos\/\" target=\"_blank\" rel=\"noopener\">Aqu\u00ed puedes acceder al curso en versi\u00f3n SCORM<\/a><br \/><a href=\"https:\/\/computationalseniors.eu\/wp-content\/uploads\/2025\/09\/COMPSENIORS-OERS-USER-GUIDE-SP.pdf\" target=\"_blank\" rel=\"noopener\">Aqu\u00ed puedes acceder a la gu\u00eda de uso<\/a><\/p>\t\t\t\t\t\t\t\t<\/div>\n\t\t\t\t<\/div>\n\t\t\t\t\t<\/div>\n\t\t\t\t<\/div>\n\t\t\t\t\t<\/div>\n\t\t\t\t<\/div>\n\t\t\t\t<\/div>\n\t\t<div class=\"elementor-element elementor-element-02d41ab e-con-full project__count e-flex e-con e-parent\" data-id=\"02d41ab\" data-element_type=\"container\" data-settings=\"{&quot;background_background&quot;:&quot;classic&quot;}\">\n\t\t<div class=\"elementor-element elementor-element-1528fd3 container e-flex e-con-boxed e-con e-child\" data-id=\"1528fd3\" data-element_type=\"container\">\n\t\t\t\t\t<div class=\"e-con-inner\">\n\t\t<div class=\"elementor-element elementor-element-a668f87 e-flex e-con-boxed e-con e-child\" data-id=\"a668f87\" data-element_type=\"container\">\n\t\t\t\t\t<div class=\"e-con-inner\">\n\t\t\t\t<div class=\"elementor-element elementor-element-a47eb86 elementor-widget__width-auto elementor-widget elementor-widget-heading\" data-id=\"a47eb86\" data-element_type=\"widget\" data-widget_type=\"heading.default\">\n\t\t\t\t<div class=\"elementor-widget-container\">\n\t\t\t\t\t<h2 class=\"elementor-heading-title elementor-size-default\">E Gu\u00eda COMPutational Seniors<\/h2>\t\t\t\t<\/div>\n\t\t\t\t<\/div>\n\t\t\t\t<div class=\"elementor-element elementor-element-f7d6feb elementor-widget__width-initial elementor-widget elementor-widget-text-editor\" data-id=\"f7d6feb\" data-element_type=\"widget\" data-widget_type=\"text-editor.default\">\n\t\t\t\t<div class=\"elementor-widget-container\">\n\t\t\t\t\t\t\t\t\t<p>La E Gu\u00eda es una propuesta pedag\u00f3gica concebida para guiar a los formadores en el uso e integraci\u00f3n del Pensamiento Computacional en el dise\u00f1o, preparaci\u00f3n y desarrollo de sus itinerarios de formaci\u00f3n de adultos en entornos tanto formales como no formales. Incluye recomendaciones, casos pr\u00e1cticos y escenarios de aprendizaje, as\u00ed como recursos para trabajar con grupos de personas adultas especialmente vulnerables.<\/p><p><a href=\"https:\/\/computationalseniors.eu\/es\/e-guide\/\" target=\"_blank\" rel=\"noopener\">Aqu\u00ed puedes acceder a la e-Gu\u00eda<\/a><\/p>\t\t\t\t\t\t\t\t<\/div>\n\t\t\t\t<\/div>\n\t\t\t\t\t<\/div>\n\t\t\t\t<\/div>\n\t\t\t\t\t<\/div>\n\t\t\t\t<\/div>\n\t\t\t\t<\/div>\n\t\t<div class=\"elementor-element elementor-element-73d907d e-con-full real__world bgsection e-flex e-con e-parent\" data-id=\"73d907d\" data-element_type=\"container\" data-settings=\"{&quot;background_background&quot;:&quot;classic&quot;}\">\n\t\t\t\t<div class=\"elementor-element elementor-element-7da7fc5 elementor-absolute elementor-widget elementor-widget-tp-image-showcase\" data-id=\"7da7fc5\" data-element_type=\"widget\" data-settings=\"{&quot;_position&quot;:&quot;absolute&quot;}\" data-widget_type=\"tp-image-showcase.default\">\n\t\t\t\t<div class=\"elementor-widget-container\">\n\t\t\t\t\t                        <div class=\"themephi-image no\">\r\n                                            <img decoding=\"async\" class=\"themephi-multi-image  image-rotate image-scale\" src=\"https:\/\/softivuslab.com\/wp\/intellicon\/wp-content\/uploads\/2024\/06\/blumb.png\" alt=\"image\"\/>\r\n                                    <\/div>\r\n                    \r\n               \r\n    \t\t\t\t<\/div>\n\t\t\t\t<\/div>\n\t\t\t\t<div class=\"elementor-element elementor-element-d269ee2 elementor-absolute elementor-widget elementor-widget-tp-image-showcase\" data-id=\"d269ee2\" data-element_type=\"widget\" data-settings=\"{&quot;_position&quot;:&quot;absolute&quot;}\" data-widget_type=\"tp-image-showcase.default\">\n\t\t\t\t<div class=\"elementor-widget-container\">\n\t\t\t\t\t                        <div class=\"themephi-image no\">\r\n                                            <img decoding=\"async\" class=\"themephi-multi-image  image-rotate image-scale\" src=\"https:\/\/softivuslab.com\/wp\/intellicon\/wp-content\/uploads\/2024\/06\/blumb.png\" alt=\"image\"\/>\r\n                                    <\/div>\r\n                    \r\n               \r\n    \t\t\t\t<\/div>\n\t\t\t\t<\/div>\n\t\t\t\t<div class=\"elementor-element elementor-element-b2acc91 elementor-absolute elementor-widget elementor-widget-tp-image-showcase\" data-id=\"b2acc91\" data-element_type=\"widget\" data-settings=\"{&quot;_position&quot;:&quot;absolute&quot;}\" data-widget_type=\"tp-image-showcase.default\">\n\t\t\t\t<div class=\"elementor-widget-container\">\n\t\t\t\t\t                        <div class=\"themephi-image no\">\r\n                                            <img decoding=\"async\" class=\"themephi-multi-image   image-scale\" src=\"https:\/\/softivuslab.com\/wp\/intellicon\/wp-content\/uploads\/2024\/06\/include-element.png\" alt=\"image\"\/>\r\n                                    <\/div>\r\n                    \r\n               \r\n    \t\t\t\t<\/div>\n\t\t\t\t<\/div>\n\t\t\t\t<div class=\"elementor-element elementor-element-1cc2a0f elementor-absolute elementor-widget elementor-widget-tp-image-showcase\" data-id=\"1cc2a0f\" data-element_type=\"widget\" data-settings=\"{&quot;_position&quot;:&quot;absolute&quot;}\" data-widget_type=\"tp-image-showcase.default\">\n\t\t\t\t<div class=\"elementor-widget-container\">\n\t\t\t\t\t                        <div class=\"themephi-image no\">\r\n                                            <img decoding=\"async\" class=\"themephi-multi-image   image-scale\" src=\"https:\/\/softivuslab.com\/wp\/intellicon\/wp-content\/uploads\/2024\/06\/real.png\" alt=\"image\"\/>\r\n                                    <\/div>\r\n                    \r\n               \r\n    \t\t\t\t<\/div>\n\t\t\t\t<\/div>\n\t\t<div class=\"elementor-element elementor-element-2868b7a container e-flex e-con-boxed e-con e-child\" data-id=\"2868b7a\" data-element_type=\"container\">\n\t\t\t\t\t<div class=\"e-con-inner\">\n\t\t<div class=\"elementor-element elementor-element-a207b9f e-flex e-con-boxed e-con e-child\" data-id=\"a207b9f\" data-element_type=\"container\">\n\t\t\t\t\t<div class=\"e-con-inner\">\n\t\t\t\t<div class=\"elementor-element elementor-element-f3b9c90 elementor-widget__width-initial elementor-widget elementor-widget-heading\" data-id=\"f3b9c90\" data-element_type=\"widget\" data-widget_type=\"heading.default\">\n\t\t\t\t<div class=\"elementor-widget-container\">\n\t\t\t\t\t<h2 class=\"elementor-heading-title elementor-size-default\">Caja de aprendizaje de actividades desenchufadas COMPutational Seniors<\/h2>\t\t\t\t<\/div>\n\t\t\t\t<\/div>\n\t\t\t\t<div class=\"elementor-element elementor-element-597018d elementor-widget__width-initial elementor-widget elementor-widget-text-editor\" data-id=\"597018d\" data-element_type=\"widget\" data-widget_type=\"text-editor.default\">\n\t\t\t\t<div class=\"elementor-widget-container\">\n\t\t\t\t\t\t\t\t\t<p>La Caja de Aprendizaje COMPutational Seniors es un recurso gamificado que adopta el enfoque de formaci\u00f3n basada en retos , formado por 50 actividades desenchufadas dise\u00f1adas para trabajar la adquisici\u00f3n de competencias clave en adultos de baja cualificaci\u00f3n mediante la aplicaci\u00f3n del Pensamiento Computacional.<\/p>\n\t\t\t\t\t\t\t\t<\/div>\n\t\t\t\t<\/div>\n\t\t\t\t\t<\/div>\n\t\t\t\t<\/div>\n\t\t\t\t\t<\/div>\n\t\t\t\t<\/div>\n\t\t\t\t<\/div>\n\t\t\t\t<\/div>\n\t\t","protected":false},"excerpt":{"rendered":"<p>Licensing Los recursos formativos COMPutational Seniors est\u00e1n desarrollados bajo licencia Creative Commons lo que significa que son abiertos y totamente gratuitos. Adem\u00e1s est\u00e1n desarrollados en versi\u00f3n editable y reutilizable. Est\u00e1n dise\u00f1ados desde una perspectiva pedag\u00f3gica innovadora que combina diferentes metodolog\u00edas pensadas para que el alumno se situe en el centro del proceso formativo. Pueden ser&#8230;<\/p>\n","protected":false},"author":1,"featured_media":0,"parent":0,"menu_order":0,"comment_status":"closed","ping_status":"closed","template":"elementor_header_footer","meta":{"footnotes":""},"class_list":["post-8524","page","type-page","status-publish","hentry"],"_links":{"self":[{"href":"https:\/\/computationalseniors.eu\/es\/wp-json\/wp\/v2\/pages\/8524","targetHints":{"allow":["GET"]}}],"collection":[{"href":"https:\/\/computationalseniors.eu\/es\/wp-json\/wp\/v2\/pages"}],"about":[{"href":"https:\/\/computationalseniors.eu\/es\/wp-json\/wp\/v2\/types\/page"}],"author":[{"embeddable":true,"href":"https:\/\/computationalseniors.eu\/es\/wp-json\/wp\/v2\/users\/1"}],"replies":[{"embeddable":true,"href":"https:\/\/computationalseniors.eu\/es\/wp-json\/wp\/v2\/comments?post=8524"}],"version-history":[{"count":19,"href":"https:\/\/computationalseniors.eu\/es\/wp-json\/wp\/v2\/pages\/8524\/revisions"}],"predecessor-version":[{"id":10049,"href":"https:\/\/computationalseniors.eu\/es\/wp-json\/wp\/v2\/pages\/8524\/revisions\/10049"}],"wp:attachment":[{"href":"https:\/\/computationalseniors.eu\/es\/wp-json\/wp\/v2\/media?parent=8524"}],"curies":[{"name":"wp","href":"https:\/\/api.w.org\/{rel}","templated":true}]}}