{"id":8521,"date":"2024-07-10T11:30:42","date_gmt":"2024-07-10T11:30:42","guid":{"rendered":"https:\/\/compuseniors.berein.com\/socios\/"},"modified":"2025-01-14T11:57:33","modified_gmt":"2025-01-14T11:57:33","slug":"socios","status":"publish","type":"page","link":"https:\/\/computationalseniors.eu\/es\/socios\/","title":{"rendered":"Socios"},"content":{"rendered":"\t\t<div data-elementor-type=\"wp-page\" data-elementor-id=\"8521\" class=\"elementor elementor-8521 elementor-6108\" data-elementor-post-type=\"page\">\n\t\t\t\t<div class=\"elementor-element elementor-element-4a6136a e-flex e-con-boxed e-con e-parent\" data-id=\"4a6136a\" data-element_type=\"container\">\n\t\t\t\t\t<div class=\"e-con-inner\">\n\t\t\t\t<div class=\"elementor-element elementor-element-cf457f5 elementor-widget elementor-widget-heading\" data-id=\"cf457f5\" data-element_type=\"widget\" data-widget_type=\"heading.default\">\n\t\t\t\t<div class=\"elementor-widget-container\">\n\t\t\t\t\t<h3 class=\"elementor-heading-title elementor-size-default\">El consorcio que forma el proyecto COMPutational Seniors est\u00e1 formado por los siguientes socios.<\/h3>\t\t\t\t<\/div>\n\t\t\t\t<\/div>\n\t\t\t\t\t<\/div>\n\t\t\t\t<\/div>\n\t\t<div class=\"elementor-element elementor-element-8fc9e1a e-grid e-con-boxed e-con e-parent\" data-id=\"8fc9e1a\" data-element_type=\"container\">\n\t\t\t\t\t<div class=\"e-con-inner\">\n\t\t<div class=\"elementor-element elementor-element-e93f92f e-con-full e-flex e-con e-child\" data-id=\"e93f92f\" data-element_type=\"container\">\n\t\t\t\t<div class=\"elementor-element elementor-element-2f8c4b0 elementor-widget elementor-widget-image\" data-id=\"2f8c4b0\" data-element_type=\"widget\" data-widget_type=\"image.default\">\n\t\t\t\t<div class=\"elementor-widget-container\">\n\t\t\t\t\t\t\t\t\t\t\t\t\t\t\t<img fetchpriority=\"high\" decoding=\"async\" width=\"530\" height=\"400\" src=\"https:\/\/computationalseniors.eu\/wp-content\/uploads\/2025\/01\/mediacreativa-1.png\" class=\"attachment-large size-large wp-image-8222\" alt=\"\" srcset=\"https:\/\/computationalseniors.eu\/wp-content\/uploads\/2025\/01\/mediacreativa-1.png 530w, https:\/\/computationalseniors.eu\/wp-content\/uploads\/2025\/01\/mediacreativa-1-300x226.png 300w\" sizes=\"(max-width: 530px) 100vw, 530px\" \/>\t\t\t\t\t\t\t\t\t\t\t\t\t\t\t<\/div>\n\t\t\t\t<\/div>\n\t\t\t\t<div class=\"elementor-element elementor-element-0bee362 elementor-widget elementor-widget-heading\" data-id=\"0bee362\" data-element_type=\"widget\" data-widget_type=\"heading.default\">\n\t\t\t\t<div class=\"elementor-widget-container\">\n\t\t\t\t\t<h4 class=\"elementor-heading-title elementor-size-default\">Media Creativa<\/h4>\t\t\t\t<\/div>\n\t\t\t\t<\/div>\n\t\t\t\t<div class=\"elementor-element elementor-element-680d443 elementor-widget elementor-widget-text-editor\" data-id=\"680d443\" data-element_type=\"widget\" data-widget_type=\"text-editor.default\">\n\t\t\t\t<div class=\"elementor-widget-container\">\n\t\t\t\t\t\t\t\t\t<p>Media Creativa (MC) es el resultado de m\u00e1s de 20 a\u00f1os de experiencia, retos y aprendizajes de un grupo interdisciplinar de profesionales que comparten una pasi\u00f3n com\u00fan: la innovaci\u00f3n educativa.<\/p>\n<p>MC trabaja para aportar valor a los espacios de aprendizaje, investigando, dise\u00f1ando y desarrollando una oferta formativa diferente, inspirada en metodolog\u00edas y enfoques pedag\u00f3gicos innovadores como el storytelling (incluyendo el storytelling digital), la formaci\u00f3n basada en problemas, la gamificaci\u00f3n, el aprendizaje basado en juegos, etc.<\/p>\n<p>Con el objetivo de aprovechar todo el potencial que ofrecen las nuevas tecnolog\u00edas, el dise\u00f1o de enfoques pedag\u00f3gicos innovadores se aplica a entornos formales, no formales e informales.<\/p>\n\t\t\t\t\t\t\t\t<\/div>\n\t\t\t\t<\/div>\n\t\t\t\t<div class=\"elementor-element elementor-element-49b62d2 elementor-widget elementor-widget-text-editor\" data-id=\"49b62d2\" data-element_type=\"widget\" data-widget_type=\"text-editor.default\">\n\t\t\t\t<div class=\"elementor-widget-container\">\n\t\t\t\t\t\t\t\t\t<p><a href=\"https:\/\/mediacreativa.eu\/\" target=\"_blank\" rel=\"noopener\">Leer m\u00e1s &gt;&gt;<\/a><\/p>\n\t\t\t\t\t\t\t\t<\/div>\n\t\t\t\t<\/div>\n\t\t\t\t<\/div>\n\t\t<div class=\"elementor-element elementor-element-31d4fed e-con-full e-flex e-con e-child\" data-id=\"31d4fed\" data-element_type=\"container\">\n\t\t\t\t<div class=\"elementor-element elementor-element-89cac0a elementor-widget elementor-widget-image\" data-id=\"89cac0a\" data-element_type=\"widget\" data-widget_type=\"image.default\">\n\t\t\t\t<div class=\"elementor-widget-container\">\n\t\t\t\t\t\t\t\t\t\t\t\t\t\t\t<img decoding=\"async\" width=\"530\" height=\"400\" src=\"https:\/\/computationalseniors.eu\/wp-content\/uploads\/2025\/01\/diputacion_alava.png\" class=\"attachment-large size-large wp-image-8227\" alt=\"\" srcset=\"https:\/\/computationalseniors.eu\/wp-content\/uploads\/2025\/01\/diputacion_alava.png 530w, https:\/\/computationalseniors.eu\/wp-content\/uploads\/2025\/01\/diputacion_alava-300x226.png 300w\" sizes=\"(max-width: 530px) 100vw, 530px\" \/>\t\t\t\t\t\t\t\t\t\t\t\t\t\t\t<\/div>\n\t\t\t\t<\/div>\n\t\t\t\t<div class=\"elementor-element elementor-element-c73cbe8 elementor-widget elementor-widget-heading\" data-id=\"c73cbe8\" data-element_type=\"widget\" data-widget_type=\"heading.default\">\n\t\t\t\t<div class=\"elementor-widget-container\">\n\t\t\t\t\t<h4 class=\"elementor-heading-title elementor-size-default\">Diputaci\u00f3n Foral de \u00c1lava<\/h4>\t\t\t\t<\/div>\n\t\t\t\t<\/div>\n\t\t\t\t<div class=\"elementor-element elementor-element-8c7bfe9 elementor-widget elementor-widget-text-editor\" data-id=\"8c7bfe9\" data-element_type=\"widget\" data-widget_type=\"text-editor.default\">\n\t\t\t\t<div class=\"elementor-widget-container\">\n\t\t\t\t\t\t\t\t\t<p>Diputaci\u00f3n Foral de \u00c1lava (DFA) gobierna y administra la provincia de \u00c1lava con competencias en distintas materias como fiscalidad, servicios sociales, infraestructuras viarias, desarrollo econ\u00f3mico, movilidad y pol\u00edticas de fomento del empleo, comercio y turismo.<\/p>\n<p>DFA desarrolla en el ejercicio de sus competencias distintos programas de formaci\u00f3n para el empleo dirigidos a la poblaci\u00f3n activa y, especialmente, a aquellas personas en situaci\u00f3n de desempleo. El objetivo de estos programas es promover el empleo de calidad.<\/p>\n<div> <\/div>\n\t\t\t\t\t\t\t\t<\/div>\n\t\t\t\t<\/div>\n\t\t\t\t<div class=\"elementor-element elementor-element-7cccfbe elementor-widget elementor-widget-text-editor\" data-id=\"7cccfbe\" data-element_type=\"widget\" data-widget_type=\"text-editor.default\">\n\t\t\t\t<div class=\"elementor-widget-container\">\n\t\t\t\t\t\t\t\t\t<p><a href=\"https:\/\/web.araba.eus\/es\/home\" target=\"_blank\" rel=\"noopener\">Leer m\u00e1s &gt;&gt;<\/a><\/p>\n\t\t\t\t\t\t\t\t<\/div>\n\t\t\t\t<\/div>\n\t\t\t\t<\/div>\n\t\t<div class=\"elementor-element elementor-element-22d8218 e-con-full e-flex e-con e-child\" data-id=\"22d8218\" data-element_type=\"container\">\n\t\t\t\t<div class=\"elementor-element elementor-element-dd0d81e elementor-widget elementor-widget-image\" data-id=\"dd0d81e\" data-element_type=\"widget\" data-widget_type=\"image.default\">\n\t\t\t\t<div class=\"elementor-widget-container\">\n\t\t\t\t\t\t\t\t\t\t\t\t\t\t\t<img decoding=\"async\" width=\"630\" height=\"400\" src=\"https:\/\/computationalseniors.eu\/wp-content\/uploads\/2025\/01\/KTU_logotipas_pilnas_EN_juodas.png\" class=\"attachment-large size-large wp-image-8270\" alt=\"\" srcset=\"https:\/\/computationalseniors.eu\/wp-content\/uploads\/2025\/01\/KTU_logotipas_pilnas_EN_juodas.png 630w, https:\/\/computationalseniors.eu\/wp-content\/uploads\/2025\/01\/KTU_logotipas_pilnas_EN_juodas-300x190.png 300w\" sizes=\"(max-width: 630px) 100vw, 630px\" \/>\t\t\t\t\t\t\t\t\t\t\t\t\t\t\t<\/div>\n\t\t\t\t<\/div>\n\t\t\t\t<div class=\"elementor-element elementor-element-edd9242 elementor-widget elementor-widget-heading\" data-id=\"edd9242\" data-element_type=\"widget\" data-widget_type=\"heading.default\">\n\t\t\t\t<div class=\"elementor-widget-container\">\n\t\t\t\t\t<h4 class=\"elementor-heading-title elementor-size-default\">Kauno Technologijos Universitetas<\/h4>\t\t\t\t<\/div>\n\t\t\t\t<\/div>\n\t\t\t\t<div class=\"elementor-element elementor-element-1b1c216 elementor-widget elementor-widget-text-editor\" data-id=\"1b1c216\" data-element_type=\"widget\" data-widget_type=\"text-editor.default\">\n\t\t\t\t<div class=\"elementor-widget-container\">\n\t\t\t\t\t\t\t\t\t<p>La Universidad Tecnol\u00f3gica de Kaunas (Lituania) tuvo sus inicios en 1922, cuando se establecieron la Universidad de Lituania y sus facultades t\u00e9cnicas.<\/p>\n<p>El desarrollo de las ideas cient\u00edficas lituanas continu\u00f3 en la primera escuela t\u00e9cnica independiente de educaci\u00f3n superior de Lituania (en 1950-1990), llamada Instituto Polit\u00e9cnico de Kaunas (KPI)).<\/p>\n<p>En 1990, KTU recuper\u00f3 su estatus de universidad y emprendi\u00f3 un camino de r\u00e1pidas reformas de los estudios y la investigaci\u00f3n. La Universidad contin\u00faa buscando una asociaci\u00f3n sostenible entre la ciencia, los negocios y la industria, desarrolla e implementa nuevas ideas, innovaciones e invenciones.<\/p>\n<p>Desde 1922, m\u00e1s de 157 mil graduados se graduaron de la universidad.<\/p>\n<p>La Universidad Tecnol\u00f3gica de Kaunas tiene 9 facultades, 8 institutos y 9 centros de investigaci\u00f3n.<\/p>\n<p>La Universidad es fundadora de dos centros integrados (valles) de investigaci\u00f3n, estudios y negocios: Santaka y Nemunas. El Centro Nacional de Innovaci\u00f3n y Emprendimiento del KTU es responsable de la protecci\u00f3n y comercializaci\u00f3n de la producci\u00f3n cient\u00edfica de la universidad.<\/p>\n<p>La universidad cuenta con un Centro de Inteligencia Artificial responsable de la formulaci\u00f3n de la pol\u00edtica de KTU sobre el desarrollo y coordinaci\u00f3n de actividades relacionadas con la inteligencia artificial.<\/p>\n\t\t\t\t\t\t\t\t<\/div>\n\t\t\t\t<\/div>\n\t\t\t\t<div class=\"elementor-element elementor-element-c7808ea elementor-widget elementor-widget-text-editor\" data-id=\"c7808ea\" data-element_type=\"widget\" data-widget_type=\"text-editor.default\">\n\t\t\t\t<div class=\"elementor-widget-container\">\n\t\t\t\t\t\t\t\t\t<p><a href=\"https:\/\/ktu.edu\/\" target=\"_blank\" rel=\"noopener\">Leer m\u00e1s &gt;&gt;<\/a><\/p>\n\t\t\t\t\t\t\t\t<\/div>\n\t\t\t\t<\/div>\n\t\t\t\t<\/div>\n\t\t<div class=\"elementor-element elementor-element-70c6088 e-con-full e-flex e-con e-child\" data-id=\"70c6088\" data-element_type=\"container\">\n\t\t\t\t<div class=\"elementor-element elementor-element-f5f7da2 elementor-widget elementor-widget-image\" data-id=\"f5f7da2\" data-element_type=\"widget\" data-widget_type=\"image.default\">\n\t\t\t\t<div class=\"elementor-widget-container\">\n\t\t\t\t\t\t\t\t\t\t\t\t\t\t\t<img loading=\"lazy\" decoding=\"async\" width=\"630\" height=\"400\" src=\"https:\/\/computationalseniors.eu\/wp-content\/uploads\/2025\/01\/Logo_FMIS_bez-tla.png\" class=\"attachment-large size-large wp-image-8265\" alt=\"\" srcset=\"https:\/\/computationalseniors.eu\/wp-content\/uploads\/2025\/01\/Logo_FMIS_bez-tla.png 630w, https:\/\/computationalseniors.eu\/wp-content\/uploads\/2025\/01\/Logo_FMIS_bez-tla-300x190.png 300w\" sizes=\"(max-width: 630px) 100vw, 630px\" \/>\t\t\t\t\t\t\t\t\t\t\t\t\t\t\t<\/div>\n\t\t\t\t<\/div>\n\t\t\t\t<div class=\"elementor-element elementor-element-48eab92 elementor-widget elementor-widget-heading\" data-id=\"48eab92\" data-element_type=\"widget\" data-widget_type=\"heading.default\">\n\t\t\t\t<div class=\"elementor-widget-container\">\n\t\t\t\t\t<h4 class=\"elementor-heading-title elementor-size-default\">Fundacja \"Malopolska Izba Samorzadowa\"<\/h4>\t\t\t\t<\/div>\n\t\t\t\t<\/div>\n\t\t\t\t<div class=\"elementor-element elementor-element-4643ac6 elementor-widget elementor-widget-text-editor\" data-id=\"4643ac6\" data-element_type=\"widget\" data-widget_type=\"text-editor.default\">\n\t\t\t\t<div class=\"elementor-widget-container\">\n\t\t\t\t\t\t\t\t\t<p>La Fundaci\u00f3n MIS fue creada en 2015 por profesores de las universidades: UJ y UEK de Cracovia. La MISI\u00d3N de la Fundaci\u00f3n es DI\u00c1LOGO, PROFESIONALISMO Y DESARROLLO.<\/p>\n<p>El equipo de la Fundaci\u00f3n est\u00e1 formado por personas con ricos logros cient\u00edficos, did\u00e1cticos, de proyectos, llenos de pasi\u00f3n y compromiso, para quienes son importantes valores como: democracia, libertad, igualdad, dignidad, derechos humanos.<br \/>La Fundaci\u00f3n dirige sus actividades a adultos y grupos de adultos (incluidos los mayores), interesados en desarrollar, reforzando competencias clave (principalmente sociales, c\u00edvicas, digitales, ling\u00fc\u00edsticas, de expresi\u00f3n y conciencia cultural, empresariales), habilidades universales, incluidas las habilidades b\u00e1sicas que permiten el desarrollo personal, necesarias en el mundo actual.<\/p>\n<p>Desde la creaci\u00f3n de la Fundaci\u00f3n, hemos llevado a cabo decenas de proyectos en el \u00e1mbito de la innovaci\u00f3n social en sentido amplio. Y hemos colaborado con representantes de las autoridades locales, expertos, investigadores, cient\u00edficos y responsables de las pol\u00edticas p\u00fablicas en cambios sist\u00e9micos en el \u00e1mbito de la pol\u00edtica educativa y la pol\u00edtica social m\u00e1s amplia para mejorar las competencias de los adultos, incluidas las competencias importantes para el aprendizaje permanente y el desarrollo de las comunidades locales.<\/p>\n\t\t\t\t\t\t\t\t<\/div>\n\t\t\t\t<\/div>\n\t\t\t\t<div class=\"elementor-element elementor-element-e506baa elementor-widget elementor-widget-text-editor\" data-id=\"e506baa\" data-element_type=\"widget\" data-widget_type=\"text-editor.default\">\n\t\t\t\t<div class=\"elementor-widget-container\">\n\t\t\t\t\t\t\t\t\t<p><a href=\"https:\/\/fundacjamis.org.pl\/\" target=\"_blank\" rel=\"noopener\">Leer m\u00e1s &gt;&gt;<\/a><\/p>\n\t\t\t\t\t\t\t\t<\/div>\n\t\t\t\t<\/div>\n\t\t\t\t<\/div>\n\t\t<div class=\"elementor-element elementor-element-b625759 e-con-full e-flex e-con e-child\" data-id=\"b625759\" data-element_type=\"container\">\n\t\t\t\t<div class=\"elementor-element elementor-element-cbdc7fc elementor-widget elementor-widget-image\" data-id=\"cbdc7fc\" data-element_type=\"widget\" data-widget_type=\"image.default\">\n\t\t\t\t<div class=\"elementor-widget-container\">\n\t\t\t\t\t\t\t\t\t\t\t\t\t\t\t<img loading=\"lazy\" decoding=\"async\" width=\"530\" height=\"400\" src=\"https:\/\/computationalseniors.eu\/wp-content\/uploads\/2025\/01\/logo-up-transp.png\" class=\"attachment-large size-large wp-image-8259\" alt=\"\" srcset=\"https:\/\/computationalseniors.eu\/wp-content\/uploads\/2025\/01\/logo-up-transp.png 530w, https:\/\/computationalseniors.eu\/wp-content\/uploads\/2025\/01\/logo-up-transp-300x226.png 300w\" sizes=\"(max-width: 530px) 100vw, 530px\" \/>\t\t\t\t\t\t\t\t\t\t\t\t\t\t\t<\/div>\n\t\t\t\t<\/div>\n\t\t\t\t<div class=\"elementor-element elementor-element-da46119 elementor-widget elementor-widget-heading\" data-id=\"da46119\" data-element_type=\"widget\" data-widget_type=\"heading.default\">\n\t\t\t\t<div class=\"elementor-widget-container\">\n\t\t\t\t\t<h4 class=\"elementor-heading-title elementor-size-default\">Future Learning<\/h4>\t\t\t\t<\/div>\n\t\t\t\t<\/div>\n\t\t\t\t<div class=\"elementor-element elementor-element-6e7afd6 elementor-widget elementor-widget-text-editor\" data-id=\"6e7afd6\" data-element_type=\"widget\" data-widget_type=\"text-editor.default\">\n\t\t\t\t<div class=\"elementor-widget-container\">\n\t\t\t\t\t\t\t\t\t<p>La empresa Future Learning se ha establecido en Volos (Grecia) como una spin-off del Creative Technologies Learning Lab de la Universidad de Tesalia. Nuestro objetivo es integrar el dise\u00f1o, las pedagog\u00edas y las TIC emergentes para generar experiencias de aprendizaje innovadoras, gratificantes y efectivas que desarrollen el conocimiento y las habilidades que necesitan la industria y la sociedad en el mundo actual. Contamos con m\u00e1s de 20 a\u00f1os de experiencia en proyectos europeos, nacionales y regionales de todo tipo y hemos completado con \u00e9xito m\u00e1s de 50 proyectos.<\/p>\n\t\t\t\t\t\t\t\t<\/div>\n\t\t\t\t<\/div>\n\t\t\t\t<div class=\"elementor-element elementor-element-a3e357a elementor-widget elementor-widget-text-editor\" data-id=\"a3e357a\" data-element_type=\"widget\" data-widget_type=\"text-editor.default\">\n\t\t\t\t<div class=\"elementor-widget-container\">\n\t\t\t\t\t\t\t\t\t<p><a href=\"http:\/\/futurelearning2024.eu\/\" target=\"_blank\" rel=\"noopener\">Leer m\u00e1s &gt;&gt;<\/a><\/p>\n\t\t\t\t\t\t\t\t<\/div>\n\t\t\t\t<\/div>\n\t\t\t\t<\/div>\n\t\t\t\t\t<\/div>\n\t\t\t\t<\/div>\n\t\t\t\t<\/div>\n\t\t","protected":false},"excerpt":{"rendered":"<p>El consorcio que forma el proyecto COMPutational Seniors est\u00e1 formado por los siguientes socios. Media Creativa Media Creativa (MC) es el resultado de m\u00e1s de 20 a\u00f1os de experiencia, retos y aprendizajes de un grupo interdisciplinar de profesionales que comparten una pasi\u00f3n com\u00fan: la innovaci\u00f3n educativa. MC trabaja para aportar valor a los espacios de&#8230;<\/p>\n","protected":false},"author":1,"featured_media":0,"parent":0,"menu_order":0,"comment_status":"closed","ping_status":"closed","template":"elementor_header_footer","meta":{"footnotes":""},"class_list":["post-8521","page","type-page","status-publish","hentry"],"_links":{"self":[{"href":"https:\/\/computationalseniors.eu\/es\/wp-json\/wp\/v2\/pages\/8521","targetHints":{"allow":["GET"]}}],"collection":[{"href":"https:\/\/computationalseniors.eu\/es\/wp-json\/wp\/v2\/pages"}],"about":[{"href":"https:\/\/computationalseniors.eu\/es\/wp-json\/wp\/v2\/types\/page"}],"author":[{"embeddable":true,"href":"https:\/\/computationalseniors.eu\/es\/wp-json\/wp\/v2\/users\/1"}],"replies":[{"embeddable":true,"href":"https:\/\/computationalseniors.eu\/es\/wp-json\/wp\/v2\/comments?post=8521"}],"version-history":[{"count":5,"href":"https:\/\/computationalseniors.eu\/es\/wp-json\/wp\/v2\/pages\/8521\/revisions"}],"predecessor-version":[{"id":8744,"href":"https:\/\/computationalseniors.eu\/es\/wp-json\/wp\/v2\/pages\/8521\/revisions\/8744"}],"wp:attachment":[{"href":"https:\/\/computationalseniors.eu\/es\/wp-json\/wp\/v2\/media?parent=8521"}],"curies":[{"name":"wp","href":"https:\/\/api.w.org\/{rel}","templated":true}]}}